{"id":37480,"date":"2025-02-20T23:38:02","date_gmt":"2025-02-20T22:38:02","guid":{"rendered":"http:\/\/olemosaic.com\/producto\/iman-de-resina-letrero-mojacar-azul\/"},"modified":"2025-07-25T19:53:51","modified_gmt":"2025-07-25T17:53:51","slug":"iman-de-resina-letreiro-mojacar-azul","status":"publish","type":"product","link":"https:\/\/olemosaic.com\/pt-pt\/produto\/iman-de-resina-letreiro-mojacar-azul\/","title":{"rendered":"\u00cdman de resina. Letreiro. Moj\u00e1car. Azul."},"content":{"rendered":"<p>\u00cdman decorativo de Moj\u00e1car<\/p>\n<p>Este \u00edman de resina, inspirado na encantadora localidade andaluza de Moj\u00e1car, \u00e9 uma recorda\u00e7\u00e3o vibrante que capta a ess\u00eancia desta pitoresca regi\u00e3o costeira. Apresenta um fundo azul brilhante que evoca o c\u00e9u limpo e as \u00e1guas do Mediterr\u00e2neo, simbolizando a tranquilidade e a beleza natural da zona. No centro, o nome &#8220;Moj\u00e1car&#8221; desdobra-se num design de mosaico colorido, com letras em tons vivos que incluem vermelhos, verdes, amarelos e azuis. Este estilo de mosaico n\u00e3o s\u00f3 acrescenta um toque alegre, como tamb\u00e9m presta homenagem \u00e0 rica heran\u00e7a cultural da localidade, famosa pelas suas casas caiadas, ruelas calcetadas e arte vibrante.<\/p>\n<p>Este \u00edman \u00e9 muito mais do que um simples artigo decorativo; representa uma liga\u00e7\u00e3o emocional com as viagens e experi\u00eancias na Andaluzia, tornando-se uma recorda\u00e7\u00e3o perfeita que alegra qualquer frigor\u00edfico ou superf\u00edcie magn\u00e9tica. Na Ol\u00e9 Mosaic, orgulhamo-nos de oferecer souvenirs aut\u00eanticos e representativos de Espanha, e este \u00edman de Moj\u00e1car \u00e9 uma excelente op\u00e7\u00e3o para lojas de presentes tur\u00edsticos que procuram produtos \u00fanicos e de qualidade. Ideal para quem procura uma recorda\u00e7\u00e3o que encapsule o folclore e a beleza desta regi\u00e3o, bem como uma express\u00e3o colorida do estilo de vida andaluz.<\/p>\n","protected":false},"excerpt":{"rendered":"<p>\u00cdman decorativo inspirado em Moj\u00e1car, uma pintoresca localidade andaluza. Este letreiro destaca-se pelo seu vibrante fundo azul, que evoca o c\u00e9u e o mar, e um design colorido com letras de diferentes cores que comp\u00f5em o nome &#8220;Moj\u00e1car&#8221; em estilo mosaico. Ideal para recordar as suas viagens ou para adornar qualquer frigor\u00edfico, este \u00edman acrescenta um toque alegre que evoca a cultura e o folclore da regi\u00e3o.<\/p>\n","protected":false},"featured_media":14068,"template":"","meta":{"_acf_changed":false},"product_brand":[],"product_cat":[699],"product_tag":[],"class_list":{"0":"post-37480","1":"product","2":"type-product","3":"status-publish","4":"has-post-thumbnail","6":"product_cat-imanes","7":"pa_ciudad-mojacar","8":"pa_motivo-letreiros-de-cidades","9":"pa_pais-espana","11":"first","12":"instock","13":"shipping-taxable","14":"product-type-simple"},"acf":[],"_links":{"self":[{"href":"https:\/\/olemosaic.com\/pt-pt\/wp-json\/wp\/v2\/product\/37480","targetHints":{"allow":["GET"]}}],"collection":[{"href":"https:\/\/olemosaic.com\/pt-pt\/wp-json\/wp\/v2\/product"}],"about":[{"href":"https:\/\/olemosaic.com\/pt-pt\/wp-json\/wp\/v2\/types\/product"}],"wp:featuredmedia":[{"embeddable":true,"href":"https:\/\/olemosaic.com\/pt-pt\/wp-json\/wp\/v2\/media\/14068"}],"wp:attachment":[{"href":"https:\/\/olemosaic.com\/pt-pt\/wp-json\/wp\/v2\/media?parent=37480"}],"wp:term":[{"taxonomy":"product_brand","embeddable":true,"href":"https:\/\/olemosaic.com\/pt-pt\/wp-json\/wp\/v2\/product_brand?post=37480"},{"taxonomy":"product_cat","embeddable":true,"href":"https:\/\/olemosaic.com\/pt-pt\/wp-json\/wp\/v2\/product_cat?post=37480"},{"taxonomy":"product_tag","embeddable":true,"href":"https:\/\/olemosaic.com\/pt-pt\/wp-json\/wp\/v2\/product_tag?post=37480"}],"curies":[{"name":"wp","href":"https:\/\/api.w.org\/{rel}","templated":true}]}}