{"id":37478,"date":"2025-02-20T23:38:02","date_gmt":"2025-02-20T22:38:02","guid":{"rendered":"http:\/\/olemosaic.com\/producto\/iman-de-resina-salamandra-y-flores-tenerife-2\/"},"modified":"2025-07-25T20:10:07","modified_gmt":"2025-07-25T18:10:07","slug":"iman-de-resina-salamandra-e-flores-tenerife-2","status":"publish","type":"product","link":"https:\/\/olemosaic.com\/pt-pt\/produto\/iman-de-resina-salamandra-e-flores-tenerife-2\/","title":{"rendered":"\u00cdman de resina. Salamandra e flores. Ilha de Tenerife."},"content":{"rendered":"<p>\u00cdman de resina decorado com salamandras e flores de Tenerife. Este brilhante \u00edman n\u00e3o s\u00f3 representa a fauna local, como capta a ess\u00eancia colorida e vibrante desta maravilhosa ilha can\u00e1ria. Com um design meticulosamente elaborado, as duas salamandras em mosaico destacam-se pelas suas tonalidades brilhantes de azul, verde e amarelo, evocando a biodiversidade que caracteriza o ambiente natural de Tenerife. Estas criaturas, al\u00e9m de serem parte integrante do ecossistema, simbolizam a beleza e singularidade da flora e fauna can\u00e1rias.<\/p>\n<p>Rodeando as salamandras, uma variedade de flores em tons vivos de vermelho, rosa, amarelo e azul emoldura o design, conferindo um ar fresco e art\u00edstico que real\u00e7a a composi\u00e7\u00e3o. A palavra &#8220;Tenerife&#8221; aparece em letras chamativas, acrescentando um toque textural e contempor\u00e2neo que liga ao esp\u00edrito alegre da ilha.<\/p>\n<p>Este \u00edman de resina n\u00e3o serve apenas como um pr\u00e1tico objeto decorativo, mas tamb\u00e9m atua como uma excelente recorda\u00e7\u00e3o que relembra a beleza natural e cultural de Tenerife. Na Ol\u00e9 Mosaic, somos distribuidores de souvenirs por grosso, oferecendo esta pe\u00e7a aut\u00eantica que encantar\u00e1 os turistas em busca de recorda\u00e7\u00f5es representativas da sua visita. Um \u00edman de resina ideal para lojas de presentes tur\u00edsticos, que destaca a rica biodiversidade e o patrim\u00f3nio cultural de Tenerife.<\/p>\n","protected":false},"excerpt":{"rendered":"<p>\u00cdman decorado com uma vibrante representa\u00e7\u00e3o de duas salamandras e flores, inspirado na fauna de Tenerife. Este atraente \u00edman apresenta um design colorido que evoca a beleza natural da ilha, com detalhes em mosaico que real\u00e7am a textura das salamandras. As flores de diversas cores emolduram o motivo, criando uma pe\u00e7a chamativa que destaca a palavra &#8220;Tenerife&#8221; em cores brilhantes, ideal para adicionar um toque art\u00edstico a qualquer espa\u00e7o.<\/p>\n","protected":false},"featured_media":14066,"template":"","meta":{"_acf_changed":false},"product_brand":[],"product_cat":[699],"product_tag":[516],"class_list":{"0":"post-37478","1":"product","2":"type-product","3":"status-publish","4":"has-post-thumbnail","6":"product_cat-imanes","7":"product_tag-animais","8":"pa_ciudad-tenerife","9":"pa_motivo-salamandras","10":"pa_pais-espana","12":"first","13":"instock","14":"shipping-taxable","15":"product-type-simple"},"acf":[],"_links":{"self":[{"href":"https:\/\/olemosaic.com\/pt-pt\/wp-json\/wp\/v2\/product\/37478","targetHints":{"allow":["GET"]}}],"collection":[{"href":"https:\/\/olemosaic.com\/pt-pt\/wp-json\/wp\/v2\/product"}],"about":[{"href":"https:\/\/olemosaic.com\/pt-pt\/wp-json\/wp\/v2\/types\/product"}],"wp:featuredmedia":[{"embeddable":true,"href":"https:\/\/olemosaic.com\/pt-pt\/wp-json\/wp\/v2\/media\/14066"}],"wp:attachment":[{"href":"https:\/\/olemosaic.com\/pt-pt\/wp-json\/wp\/v2\/media?parent=37478"}],"wp:term":[{"taxonomy":"product_brand","embeddable":true,"href":"https:\/\/olemosaic.com\/pt-pt\/wp-json\/wp\/v2\/product_brand?post=37478"},{"taxonomy":"product_cat","embeddable":true,"href":"https:\/\/olemosaic.com\/pt-pt\/wp-json\/wp\/v2\/product_cat?post=37478"},{"taxonomy":"product_tag","embeddable":true,"href":"https:\/\/olemosaic.com\/pt-pt\/wp-json\/wp\/v2\/product_tag?post=37478"}],"curies":[{"name":"wp","href":"https:\/\/api.w.org\/{rel}","templated":true}]}}