{"id":37477,"date":"2025-02-20T23:38:02","date_gmt":"2025-02-20T22:38:02","guid":{"rendered":"http:\/\/olemosaic.com\/producto\/iman-de-resina-salamandra-y-flores-fuerteventura-2\/"},"modified":"2025-07-25T20:05:20","modified_gmt":"2025-07-25T18:05:20","slug":"iman-de-resina-salamandra-e-flores-fuerteventura-2","status":"publish","type":"product","link":"https:\/\/olemosaic.com\/pt-pt\/produto\/iman-de-resina-salamandra-e-flores-fuerteventura-2\/","title":{"rendered":"\u00cdman de resina. Salamandra e flores. Ilha de Fuerteventura."},"content":{"rendered":"<p>\u00cdman de resina decorado com salamandras e flores de Fuerteventura. Este vibrante \u00edman de resina capta a ess\u00eancia da flora e fauna da bela ilha can\u00e1ria, mostrando uma representa\u00e7\u00e3o colorida de duas salamandras em tons verdes e avermelhados, perfeitamente emolduradas por um delicado mosaico de flores que combina azul, amarelo e vermelho. A palavra &#8220;Fuerteventura&#8221; destaca-se em letras proeminentes, real\u00e7ando a autenticidad desta recorda\u00e7\u00e3o.<\/p>\n<p>O design inspira-se no estilo art\u00edstico dos mosaicos, dando vida a cada detalhe com minuciosas t\u00e9cnicas de pintura que refletem a riqueza cultural da regi\u00e3o. As salamandras, s\u00edmbolos da biodiversidade can\u00e1ria, s\u00e3o representadas com um estilo l\u00fadico e atraente, criando um elemento decorativo ideal para qualquer frigor\u00edfico ou superf\u00edcie magn\u00e9tica.<\/p>\n<p>Este \u00edman n\u00e3o \u00e9 apenas um presente perfeito, mas tamb\u00e9m uma recorda\u00e7\u00e3o tang\u00edvel da beleza natural de Fuerteventura, que atrair\u00e1 a aten\u00e7\u00e3o de qualquer visitante. Na Ol\u00e9 Mosaic, somos especialistas na distribui\u00e7\u00e3o de recorda\u00e7\u00f5es por grosso, oferecendo produtos aut\u00eanticos e culturalmente representativos. Este \u00edman de Fuerteventura \u00e9 uma excelente op\u00e7\u00e3o para lojas de presentes tur\u00edsticos que procuram souvenirs \u00fanicos e de qualidade.<\/p>\n","protected":false},"excerpt":{"rendered":"<p>\u00cdman decorado com uma representa\u00e7\u00e3o colorida de salamandras e flores t\u00edpicas de Fuerteventura. Este atraente \u00edman mostra um design vibrante e detalhado, inspirado no estilo mosaico, que inclui elementos florais em tons de azul, amarelo e vermelho, emoldurando as salamandras em tons verdes e avermelhados. A palavra \u00abFuerteventura\u00bb destaca-se em letras proeminentes, acrescentando um toque distintivo a esta recorda\u00e7\u00e3o, ideal para evocar a beleza desta ilha can\u00e1ria.<\/p>\n","protected":false},"featured_media":14065,"template":"","meta":{"_acf_changed":false},"product_brand":[],"product_cat":[699],"product_tag":[516],"class_list":{"0":"post-37477","1":"product","2":"type-product","3":"status-publish","4":"has-post-thumbnail","6":"product_cat-imanes","7":"product_tag-animais","8":"pa_ciudad-fuerteventura","9":"pa_motivo-salamandras","10":"pa_pais-espana","12":"first","13":"instock","14":"shipping-taxable","15":"product-type-simple"},"acf":[],"_links":{"self":[{"href":"https:\/\/olemosaic.com\/pt-pt\/wp-json\/wp\/v2\/product\/37477","targetHints":{"allow":["GET"]}}],"collection":[{"href":"https:\/\/olemosaic.com\/pt-pt\/wp-json\/wp\/v2\/product"}],"about":[{"href":"https:\/\/olemosaic.com\/pt-pt\/wp-json\/wp\/v2\/types\/product"}],"wp:featuredmedia":[{"embeddable":true,"href":"https:\/\/olemosaic.com\/pt-pt\/wp-json\/wp\/v2\/media\/14065"}],"wp:attachment":[{"href":"https:\/\/olemosaic.com\/pt-pt\/wp-json\/wp\/v2\/media?parent=37477"}],"wp:term":[{"taxonomy":"product_brand","embeddable":true,"href":"https:\/\/olemosaic.com\/pt-pt\/wp-json\/wp\/v2\/product_brand?post=37477"},{"taxonomy":"product_cat","embeddable":true,"href":"https:\/\/olemosaic.com\/pt-pt\/wp-json\/wp\/v2\/product_cat?post=37477"},{"taxonomy":"product_tag","embeddable":true,"href":"https:\/\/olemosaic.com\/pt-pt\/wp-json\/wp\/v2\/product_tag?post=37477"}],"curies":[{"name":"wp","href":"https:\/\/api.w.org\/{rel}","templated":true}]}}