{"id":37476,"date":"2025-02-20T23:38:01","date_gmt":"2025-02-20T22:38:01","guid":{"rendered":"http:\/\/olemosaic.com\/producto\/iman-de-resina-salamandra-y-flores-marbella-75-cm\/"},"modified":"2025-07-25T20:08:10","modified_gmt":"2025-07-25T18:08:10","slug":"iman-de-resina-salamandra-e-flores-marbella-75-cm","status":"publish","type":"product","link":"https:\/\/olemosaic.com\/pt-pt\/produto\/iman-de-resina-salamandra-e-flores-marbella-75-cm\/","title":{"rendered":"\u00cdman de resina. Salamandra e flores. Marbella. 7,5 cm."},"content":{"rendered":"<p>\u00cdman de resina de Marbella com salamandras e flores. Este colorido \u00edman, de 7,5 cm, \u00e9 uma vibrante representa\u00e7\u00e3o do folclore andaluz, destacando-se pelo seu design brilhante que apresenta duas salamandras entrela\u00e7adas, rodeadas de um banquete de flores que evocam a alegria do clima quente de Marbella. As salamandras, ricas em detalhes e com tonalidades azuis e vermelhas, simbolizam a riqueza natural da regi\u00e3o, enquanto as flores em tons de verde, amarelo e rosa acrescentam um toque fresco e de ver\u00e3o.<\/p>\n<p>O fundo com design de mosaico, emoldurando a cena, real\u00e7a a heran\u00e7a art\u00edstica da zona, frequentemente refletida na sua arquitetura e decora\u00e7\u00f5es. Este \u00edman \u00e9 mais do que uma simples recorda\u00e7\u00e3o; \u00e9 uma pe\u00e7a que encapsula a ess\u00eancia de Marbella, perfeita para turistas que procuram uma recorda\u00e7\u00e3o aut\u00eantica da sua visita. Ideal para decorar qualquer superf\u00edcie met\u00e1lica, este \u00edman n\u00e3o serve apenas como um atraente adorno, mas tamb\u00e9m como um testemunho da cultura local. Na Ol\u00e9 Mosaic, como grossistas de souvenirs, oferecemos este \u00edman de resina que representa o melhor de Marbella, ideal para lojas de presentes tur\u00edsticos que desejem oferecer produtos que realcem a autenticidade e o valor cultural das suas regi\u00f5es.<\/p>\n","protected":false},"excerpt":{"rendered":"<p>\u00cdman decorado com uma colorida representa\u00e7\u00e3o de duas salamandras e flores, inspirado na beleza de Marbella. Este atraente \u00edman de 7,5 cm destaca-se pelo seu design vibrante, com tons de azul, vermelho e verde que contrastam sobre um fundo de mosaico. As salamandras, com o seu acabamento brilhante e detalhado, simbolizam o folclore local e est\u00e3o emolduradas por um banquete de flores que acrescentam um toque alegre e de ver\u00e3o ao produto. Ideal para recorda\u00e7\u00f5es ou para decorar qualquer superf\u00edcie met\u00e1lica.<\/p>\n","protected":false},"featured_media":14064,"template":"","meta":{"_acf_changed":false},"product_brand":[],"product_cat":[699],"product_tag":[516],"class_list":{"0":"post-37476","1":"product","2":"type-product","3":"status-publish","4":"has-post-thumbnail","6":"product_cat-imanes","7":"product_tag-animais","8":"pa_ciudad-marbella","9":"pa_motivo-salamandras","10":"pa_pais-espana","12":"first","13":"instock","14":"shipping-taxable","15":"product-type-simple"},"acf":[],"_links":{"self":[{"href":"https:\/\/olemosaic.com\/pt-pt\/wp-json\/wp\/v2\/product\/37476","targetHints":{"allow":["GET"]}}],"collection":[{"href":"https:\/\/olemosaic.com\/pt-pt\/wp-json\/wp\/v2\/product"}],"about":[{"href":"https:\/\/olemosaic.com\/pt-pt\/wp-json\/wp\/v2\/types\/product"}],"wp:featuredmedia":[{"embeddable":true,"href":"https:\/\/olemosaic.com\/pt-pt\/wp-json\/wp\/v2\/media\/14064"}],"wp:attachment":[{"href":"https:\/\/olemosaic.com\/pt-pt\/wp-json\/wp\/v2\/media?parent=37476"}],"wp:term":[{"taxonomy":"product_brand","embeddable":true,"href":"https:\/\/olemosaic.com\/pt-pt\/wp-json\/wp\/v2\/product_brand?post=37476"},{"taxonomy":"product_cat","embeddable":true,"href":"https:\/\/olemosaic.com\/pt-pt\/wp-json\/wp\/v2\/product_cat?post=37476"},{"taxonomy":"product_tag","embeddable":true,"href":"https:\/\/olemosaic.com\/pt-pt\/wp-json\/wp\/v2\/product_tag?post=37476"}],"curies":[{"name":"wp","href":"https:\/\/api.w.org\/{rel}","templated":true}]}}