{"id":37475,"date":"2025-02-20T23:38:01","date_gmt":"2025-02-20T22:38:01","guid":{"rendered":"http:\/\/olemosaic.com\/producto\/iman-de-resina-salamandra-y-flores-fuerteventura-75-cm\/"},"modified":"2025-07-25T20:43:27","modified_gmt":"2025-07-25T18:43:27","slug":"iman-de-resina-salamandra-e-flores-fuerteventura-75-cm","status":"publish","type":"product","link":"https:\/\/olemosaic.com\/pt-pt\/produto\/iman-de-resina-salamandra-e-flores-fuerteventura-75-cm\/","title":{"rendered":"\u00cdman de resina. Salamandra e flores. Fuerteventura. 7,5 cm."},"content":{"rendered":"<p>Este \u00edman de resina, decorado com uma vibrante representa\u00e7\u00e3o de duas salamandras entre flores, \u00e9 uma recorda\u00e7\u00e3o cativante de Fuerteventura, ideal para quem deseja levar um peda\u00e7o desta bela ilha can\u00e1ria. Com um tamanho de 7,5 cm, destaca-se pelo seu design alegre e colorido, que incorpora formas geom\u00e9tricas em tons de azul, vermelho, verde e amarelo, evocando a paisagem natural de Fuerteventura. As salamandras, s\u00edmbolo de adaptabilidade e vida no ambiente can\u00e1rio, integram-se num fundo que recorda os tradicionais azulejos can\u00e1rios, criando uma est\u00e9tica que presta homenagem \u00e0 rica cultura da ilha.<\/p>\n<p>O nome &#8220;Fuerteventura&#8221; apresenta-se em letras grandes e festivas, real\u00e7ando a ess\u00eancia deste atraente souvenir e tornando-o uma pe\u00e7a perfeita para decorar qualquer espa\u00e7o. Este \u00edman n\u00e3o \u00e9 apenas funcional, mas tamb\u00e9m um belo tributo \u00e0 flora e fauna da regi\u00e3o, o que o torna uma recorda\u00e7\u00e3o excecional para os turistas que desejem levar consigo um peda\u00e7o do encanto de Fuerteventura.<\/p>\n<p>Na Ol\u00e9 Mosaic, como distribuidores de souvenirs aut\u00eanticos, oferecemos este \u00edman de resina que capta a ess\u00eancia das Ilhas Can\u00e1rias, sendo uma excelente op\u00e7\u00e3o para lojas de presentes tur\u00edsticos que procuram produtos \u00fanicos e representativos. Com este \u00edman de salamandra, os seus clientes encontrar\u00e3o a combina\u00e7\u00e3o perfeita de arte, cultura e recorda\u00e7\u00f5es inesquec\u00edveis.<\/p>\n","protected":false},"excerpt":{"rendered":"<p>\u00cdman decorado com uma colorida representa\u00e7\u00e3o de duas salamandras entre flores, inspirado na paisagem natural de Fuerteventura. Este \u00edman de 7,5 cm destaca-se pelo seu design vibrante, com formas geom\u00e9tricas em tons de azul, vermelho, verde e amarelo que emolduram um fundo de mosaico, evocando os tradicionais azulejos can\u00e1rios. A palavra &#8220;Fuerteventura&#8221; aparece em letras grandes e alegres, tornando este souvenir uma pe\u00e7a atraente para qualquer amante das Ilhas Can\u00e1rias.<\/p>\n","protected":false},"featured_media":14063,"template":"","meta":{"_acf_changed":false},"product_brand":[],"product_cat":[699],"product_tag":[516],"class_list":{"0":"post-37475","1":"product","2":"type-product","3":"status-publish","4":"has-post-thumbnail","6":"product_cat-imanes","7":"product_tag-animais","8":"pa_ciudad-fuerteventura","9":"pa_motivo-salamandras","10":"pa_pais-espana","12":"first","13":"instock","14":"shipping-taxable","15":"product-type-simple"},"acf":[],"_links":{"self":[{"href":"https:\/\/olemosaic.com\/pt-pt\/wp-json\/wp\/v2\/product\/37475","targetHints":{"allow":["GET"]}}],"collection":[{"href":"https:\/\/olemosaic.com\/pt-pt\/wp-json\/wp\/v2\/product"}],"about":[{"href":"https:\/\/olemosaic.com\/pt-pt\/wp-json\/wp\/v2\/types\/product"}],"wp:featuredmedia":[{"embeddable":true,"href":"https:\/\/olemosaic.com\/pt-pt\/wp-json\/wp\/v2\/media\/14063"}],"wp:attachment":[{"href":"https:\/\/olemosaic.com\/pt-pt\/wp-json\/wp\/v2\/media?parent=37475"}],"wp:term":[{"taxonomy":"product_brand","embeddable":true,"href":"https:\/\/olemosaic.com\/pt-pt\/wp-json\/wp\/v2\/product_brand?post=37475"},{"taxonomy":"product_cat","embeddable":true,"href":"https:\/\/olemosaic.com\/pt-pt\/wp-json\/wp\/v2\/product_cat?post=37475"},{"taxonomy":"product_tag","embeddable":true,"href":"https:\/\/olemosaic.com\/pt-pt\/wp-json\/wp\/v2\/product_tag?post=37475"}],"curies":[{"name":"wp","href":"https:\/\/api.w.org\/{rel}","templated":true}]}}