{"id":37474,"date":"2025-02-20T23:38:01","date_gmt":"2025-02-20T22:38:01","guid":{"rendered":"http:\/\/olemosaic.com\/producto\/iman-de-resina-salamandra-y-flores-mallorca-2\/"},"modified":"2025-07-25T19:18:29","modified_gmt":"2025-07-25T17:18:29","slug":"iman-de-resina-salamandra-e-flores-maiorca-2","status":"publish","type":"product","link":"https:\/\/olemosaic.com\/pt-pt\/produto\/iman-de-resina-salamandra-e-flores-maiorca-2\/","title":{"rendered":"\u00cdman de resina. Salamandra e flores. Ilha de Maiorca."},"content":{"rendered":"<p>Descubra o nosso encantador \u00edman de resina decorado com duas salamandras e uma vibrante moldura floral, uma aut\u00eantica representa\u00e7\u00e3o da beleza de Maiorca. Este \u00edman destaca-se pelo seu design colorido e pelo seu estilo mosaico, que captura a ess\u00eancia mediterr\u00e2nica em cada detalhe. Os tons azuis, vermelhos, verdes e amarelos fundem-se harmoniosamente, criando um efeito visual cativante que evoca a rica flora da ilha. No centro, as salamandras conferem um toque de vida e cor, simbolizando a biodiversidade maiorquina e o seu ambiente natural.<\/p>\n<p>A palavra &#8220;MALLORCA&#8221; apresenta-se em letras multicoloridas, emoldurada por um exuberante fundo de flores que reflete a exuber\u00e2ncia da paisagem da ilha. Este \u00edman n\u00e3o \u00e9 apenas um artigo decorativo, mas uma recorda\u00e7\u00e3o ideal para quem teve a sorte de explorar esta bela regi\u00e3o. Perfeito para aproximar a magia de Maiorca a qualquer lar, este \u00edman atua como uma recorda\u00e7\u00e3o duradoura das suas viagens.<\/p>\n<p>Na Ol\u00e9 Mosaic, especializamo-nos na distribui\u00e7\u00e3o de souvenirs por grosso, o que torna este \u00edman de resina uma excelente op\u00e7\u00e3o para lojas de presentes tur\u00edsticos que procuram capturar a ess\u00eancia cultural de Maiorca. Com a sua autenticidade e relev\u00e2ncia cultural, este souvenir de salamandra \u00e9 uma adi\u00e7\u00e3o imprescind\u00edvel para os amantes da ilha, uma pe\u00e7a que todos os turistas querer\u00e3o levar como recorda\u00e7\u00e3o da sua visita.<\/p>\n","protected":false},"excerpt":{"rendered":"<p>\u00cdman decorado com duas salamandras e uma vibrante moldura floral, inspirado na beleza de Maiorca. Com um design colorido que combina tons azuis, vermelhos, verdes e amarelos, este \u00edman apresenta um estilo mosaico que captura a ess\u00eancia mediterr\u00e2nica. A palavra &#8220;MALLORCA&#8221; destaca-se em letras multicoloridas, emoldurada por um exuberante fundo de flores que evocam a flora local. Ideal para recordar as suas viagens a esta bela ilha.<\/p>\n","protected":false},"featured_media":14062,"template":"","meta":{"_acf_changed":false},"product_brand":[],"product_cat":[699],"product_tag":[516],"class_list":{"0":"post-37474","1":"product","2":"type-product","3":"status-publish","4":"has-post-thumbnail","6":"product_cat-imanes","7":"product_tag-animais","8":"pa_ciudad-mallorca","9":"pa_motivo-salamandras","10":"pa_pais-espana","12":"first","13":"instock","14":"shipping-taxable","15":"product-type-simple"},"acf":[],"_links":{"self":[{"href":"https:\/\/olemosaic.com\/pt-pt\/wp-json\/wp\/v2\/product\/37474","targetHints":{"allow":["GET"]}}],"collection":[{"href":"https:\/\/olemosaic.com\/pt-pt\/wp-json\/wp\/v2\/product"}],"about":[{"href":"https:\/\/olemosaic.com\/pt-pt\/wp-json\/wp\/v2\/types\/product"}],"wp:featuredmedia":[{"embeddable":true,"href":"https:\/\/olemosaic.com\/pt-pt\/wp-json\/wp\/v2\/media\/14062"}],"wp:attachment":[{"href":"https:\/\/olemosaic.com\/pt-pt\/wp-json\/wp\/v2\/media?parent=37474"}],"wp:term":[{"taxonomy":"product_brand","embeddable":true,"href":"https:\/\/olemosaic.com\/pt-pt\/wp-json\/wp\/v2\/product_brand?post=37474"},{"taxonomy":"product_cat","embeddable":true,"href":"https:\/\/olemosaic.com\/pt-pt\/wp-json\/wp\/v2\/product_cat?post=37474"},{"taxonomy":"product_tag","embeddable":true,"href":"https:\/\/olemosaic.com\/pt-pt\/wp-json\/wp\/v2\/product_tag?post=37474"}],"curies":[{"name":"wp","href":"https:\/\/api.w.org\/{rel}","templated":true}]}}