{"id":37473,"date":"2025-02-20T23:38:01","date_gmt":"2025-02-20T22:38:01","guid":{"rendered":"http:\/\/olemosaic.com\/producto\/iman-de-resina-salamandra-y-flores-lanzarote\/"},"modified":"2025-07-25T19:16:38","modified_gmt":"2025-07-25T17:16:38","slug":"iman-de-resina-salamandra-e-flores-lanzarote","status":"publish","type":"product","link":"https:\/\/olemosaic.com\/pt-pt\/produto\/iman-de-resina-salamandra-e-flores-lanzarote\/","title":{"rendered":"\u00cdman de resina. Salamandra e flores. Lanzarote."},"content":{"rendered":"<p>Descubra o nosso \u00edman de resina, decorado com duas salamandras: um colorido e vibrante souvenir de Lanzarote! Este atraente \u00edman n\u00e3o \u00e9 apenas um bonito acess\u00f3rio para o seu frigor\u00edfico, mas tamb\u00e9m captura a ess\u00eancia natural e art\u00edstica das Ilhas Can\u00e1rias. Com um design que destaca as salamandras em tons suaves de verde e terracota, este \u00edman evoca a riqueza do ambiente vulc\u00e2nico e a biodiversidade de Lanzarote. As salamandras est\u00e3o rodeadas de flores brilhantes numa paleta de cores como azul, rosa e amarelo, criando uma composi\u00e7\u00e3o alegre e chamativa. O nome &#8220;Lanzarote&#8221; aparece num formato moderno e atraente, garantindo que este \u00edman seja uma recorda\u00e7\u00e3o marcante da sua visita \u00e0 ilha.<\/p>\n<p>Este souvenir \u00e9 um reflexo da liga\u00e7\u00e3o cultural de Lanzarote com a sua paisagem natural, que inspirou artistas e artes\u00e3os locais ao longo dos anos. A t\u00e9cnica de mosaico utilizada no design confere um toque artesanal que sublinha a autenticidade deste produto. Na Ol\u00e9 Mosaic, somos especialistas na distribui\u00e7\u00e3o de souvenirs por grosso, e este \u00edman \u00e9 uma excelente op\u00e7\u00e3o para lojas de presentes tur\u00edsticos que procuram oferecer produtos significativos e representativos da cultura can\u00e1ria. Adquira os nossos \u00edmanes de resina e permita que os seus clientes levem um peda\u00e7o de Lanzarote.<\/p>\n","protected":false},"excerpt":{"rendered":"<p>\u00cdman decorado com duas salamandras rodeadas de flores coloridas, inspirado na beleza natural de Lanzarote. Este atraente souvenir apresenta um design vibrante com detalhes de mosaico, que real\u00e7am os contornos suaves das salamandras em tons verdes e terracota. O fundo floral combina cores como o azul, o rosa e o amarelo, e o nome &#8220;Lanzarote&#8221; aparece num formato chamativo, o que o torna uma recorda\u00e7\u00e3o perfeita das Ilhas Can\u00e1rias.<\/p>\n","protected":false},"featured_media":14061,"template":"","meta":{"_acf_changed":false},"product_brand":[],"product_cat":[699],"product_tag":[516],"class_list":{"0":"post-37473","1":"product","2":"type-product","3":"status-publish","4":"has-post-thumbnail","6":"product_cat-imanes","7":"product_tag-animais","8":"pa_ciudad-lanzarote","9":"pa_motivo-salamandras","10":"pa_pais-espana","12":"first","13":"instock","14":"shipping-taxable","15":"product-type-simple"},"acf":[],"_links":{"self":[{"href":"https:\/\/olemosaic.com\/pt-pt\/wp-json\/wp\/v2\/product\/37473","targetHints":{"allow":["GET"]}}],"collection":[{"href":"https:\/\/olemosaic.com\/pt-pt\/wp-json\/wp\/v2\/product"}],"about":[{"href":"https:\/\/olemosaic.com\/pt-pt\/wp-json\/wp\/v2\/types\/product"}],"wp:featuredmedia":[{"embeddable":true,"href":"https:\/\/olemosaic.com\/pt-pt\/wp-json\/wp\/v2\/media\/14061"}],"wp:attachment":[{"href":"https:\/\/olemosaic.com\/pt-pt\/wp-json\/wp\/v2\/media?parent=37473"}],"wp:term":[{"taxonomy":"product_brand","embeddable":true,"href":"https:\/\/olemosaic.com\/pt-pt\/wp-json\/wp\/v2\/product_brand?post=37473"},{"taxonomy":"product_cat","embeddable":true,"href":"https:\/\/olemosaic.com\/pt-pt\/wp-json\/wp\/v2\/product_cat?post=37473"},{"taxonomy":"product_tag","embeddable":true,"href":"https:\/\/olemosaic.com\/pt-pt\/wp-json\/wp\/v2\/product_tag?post=37473"}],"curies":[{"name":"wp","href":"https:\/\/api.w.org\/{rel}","templated":true}]}}