{"id":37471,"date":"2025-02-20T23:38:00","date_gmt":"2025-02-20T22:38:00","guid":{"rendered":"http:\/\/olemosaic.com\/producto\/iman-de-resina-salamandra-y-flores-alicante-75-cm\/"},"modified":"2025-07-25T19:38:07","modified_gmt":"2025-07-25T17:38:07","slug":"iman-de-resina-salamandra-e-flores-alicante-7-5-cm","status":"publish","type":"product","link":"https:\/\/olemosaic.com\/pt-pt\/produto\/iman-de-resina-salamandra-e-flores-alicante-7-5-cm\/","title":{"rendered":"\u00cdman de resina. Salamandra e flores. Alicante. 7,5 cm."},"content":{"rendered":"<p>Este \u00edman de resina, decorado com duas salamandras coloridas, \u00e9 uma aut\u00eantica recorda\u00e7\u00e3o que captura a vibrante ess\u00eancia de Alicante. Com um tamanho de 7,5 cm, destaca-se pelo seu design alegre e cheio de vida, que apresenta salamandras em tons de azul e vermelho, rodeadas por uma exuberante moldura de flores amarelas, verdes e roxas. O fundo de mosaico, em tons de cinzento e branco, acrescenta um toque art\u00edstico, evocando o caracter\u00edstico estilo mediterr\u00e2nico da regi\u00e3o.<\/p>\n<p>Cada detalhe deste \u00edman \u00e9 cuidadosamente elaborado, refletindo n\u00e3o s\u00f3 a rica flora local, mas tamb\u00e9m a fauna que habita nas suas belas paisagens. As salamandras, s\u00edmbolos de boa sorte em diversas culturas, entrela\u00e7am-se numa dan\u00e7a visual, o que acrescenta um encanto especial a este produto. \u00c9 a recorda\u00e7\u00e3o perfeita para os turistas que desejam levar um peda\u00e7o da cultura alicantina para casa, recordando a sua visita a esta bela cidade do Mediterr\u00e2neo.<\/p>\n<p>Na Ol\u00e9 Mosaic, orgulhamo-nos de oferecer recorda\u00e7\u00f5es de qualidade por grosso que n\u00e3o s\u00e3o apenas decorativas, mas que tamb\u00e9m contam uma hist\u00f3ria cultural. Este \u00edman \u00e9 uma excelente op\u00e7\u00e3o para lojas de presentes tur\u00edsticos, pois combina autenticidade, cor e significado, garantindo que cada cliente leve uma recorda\u00e7\u00e3o especial de Alicante. Como distribuidores de souvenirs, garantimos a autenticidade e o valor acrescentado que as nossas pe\u00e7as representam.<\/p>\n","protected":false},"excerpt":{"rendered":"<p>\u00cdman decorado com duas salamandras coloridas e uma moldura de flores vibrantes, que representam o encanto de Alicante. Com um tamanho de 7,5 cm, este \u00edman apresenta um design alegre e visualmente atraente, com detalhes em amarelo, vermelho, verde e azul que evocam a rica flora local. O fundo de mosaico confere-lhe um toque art\u00edstico, tornando-o num souvenir ideal que captura a ess\u00eancia mediterr\u00e2nica da regi\u00e3o.<\/p>\n","protected":false},"featured_media":14059,"template":"","meta":{"_acf_changed":false},"product_brand":[],"product_cat":[699],"product_tag":[516],"class_list":{"0":"post-37471","1":"product","2":"type-product","3":"status-publish","4":"has-post-thumbnail","6":"product_cat-imanes","7":"product_tag-animais","8":"pa_ciudad-alicante","9":"pa_motivo-salamandras","10":"pa_pais-espana","12":"first","13":"instock","14":"shipping-taxable","15":"product-type-simple"},"acf":[],"_links":{"self":[{"href":"https:\/\/olemosaic.com\/pt-pt\/wp-json\/wp\/v2\/product\/37471","targetHints":{"allow":["GET"]}}],"collection":[{"href":"https:\/\/olemosaic.com\/pt-pt\/wp-json\/wp\/v2\/product"}],"about":[{"href":"https:\/\/olemosaic.com\/pt-pt\/wp-json\/wp\/v2\/types\/product"}],"wp:featuredmedia":[{"embeddable":true,"href":"https:\/\/olemosaic.com\/pt-pt\/wp-json\/wp\/v2\/media\/14059"}],"wp:attachment":[{"href":"https:\/\/olemosaic.com\/pt-pt\/wp-json\/wp\/v2\/media?parent=37471"}],"wp:term":[{"taxonomy":"product_brand","embeddable":true,"href":"https:\/\/olemosaic.com\/pt-pt\/wp-json\/wp\/v2\/product_brand?post=37471"},{"taxonomy":"product_cat","embeddable":true,"href":"https:\/\/olemosaic.com\/pt-pt\/wp-json\/wp\/v2\/product_cat?post=37471"},{"taxonomy":"product_tag","embeddable":true,"href":"https:\/\/olemosaic.com\/pt-pt\/wp-json\/wp\/v2\/product_tag?post=37471"}],"curies":[{"name":"wp","href":"https:\/\/api.w.org\/{rel}","templated":true}]}}