{"id":37468,"date":"2025-02-20T23:38:00","date_gmt":"2025-02-20T22:38:00","guid":{"rendered":"http:\/\/olemosaic.com\/producto\/iman-de-resina-toro-pamplona-75-cm\/"},"modified":"2025-07-25T19:45:52","modified_gmt":"2025-07-25T17:45:52","slug":"iman-de-resina-touro-pamplona-7-5-cm","status":"publish","type":"product","link":"https:\/\/olemosaic.com\/pt-pt\/produto\/iman-de-resina-touro-pamplona-7-5-cm\/","title":{"rendered":"\u00cdman de resina. Touro. Pamplona. 7,5 cm."},"content":{"rendered":"<p>Este \u00edman de resina de 7,5 cm \u00e9 uma encantadora representa\u00e7\u00e3o de dois touros, s\u00edmbolos emblem\u00e1ticos de Pamplona, distintivos da cultura taurom\u00e1quica e das famosas festas de San Ferm\u00edn. O seu design, colorido e moderno, destaca-se por um acabamento que simula um mosaico vibrante, com chamativos tons vermelhos, azuis e verdes que capturam la ess\u00eancia festiva da cidade. Acima dos touros, o nome &#8220;Pamplona&#8221; aparece em letras chamativas, acrescentando um toque alegre que convida a recordar a energia e o ambiente vibrante das suas tradi\u00e7\u00f5es.<\/p>\n<p>Cada touro apresenta-se com um ar majestoso, capturando a for\u00e7a e a gra\u00e7a destes animais, elementos centrais da identidade cultural da regi\u00e3o. Este souvenir n\u00e3o \u00e9 apenas um \u00edman decorativo, mas uma atraente recorda\u00e7\u00e3o da rica heran\u00e7a de Pamplona e das suas tradi\u00e7\u00f5es. A combina\u00e7\u00e3o de arte moderna e simbolismo tradicional faz deste \u00edman uma excelente op\u00e7\u00e3o para os turistas que procuram souvenirs aut\u00eanticos que representem a sua visita \u00e0 cidade.<\/p>\n<p>Na Ol\u00e9 Mosaic, orgulhamo-nos de oferecer uma variedade de souvenirs que refletem a diversidade cultural de Espanha. Este \u00edman de touros \u00e9 ideal para lojas de presentes tur\u00edsticos que procuram artigos \u00fanicos e aut\u00eanticos. Ao escolher os nossos produtos, os clientes apostam na qualidade e na representa\u00e7\u00e3o cultural em cada detalhe.<\/p>\n","protected":false},"excerpt":{"rendered":"<p>\u00cdman de 7,5 cm que representa dois touros, um s\u00edmbolo emblem\u00e1tico de Pamplona. Este \u00edman destaca-se pelo seu design colorido e moderno, com um acabamento que simula um mosaico vibrante em tons vermelhos, azuis e verdes. Sobre os touros, o nome &#8220;Pamplona&#8221; sobressai com letras chamativas, acrescentando um toque festivo. Ideal para recordar as tradicionais festas e a cultura taurom\u00e1quica desta cidade espanhola.<\/p>\n","protected":false},"featured_media":14056,"template":"","meta":{"_acf_changed":false},"product_brand":[],"product_cat":[699],"product_tag":[516],"class_list":{"0":"post-37468","1":"product","2":"type-product","3":"status-publish","4":"has-post-thumbnail","6":"product_cat-imanes","7":"product_tag-animais","8":"pa_ciudad-pamplona","9":"pa_motivo-touros","10":"pa_pais-espana","12":"first","13":"instock","14":"shipping-taxable","15":"product-type-simple"},"acf":[],"_links":{"self":[{"href":"https:\/\/olemosaic.com\/pt-pt\/wp-json\/wp\/v2\/product\/37468","targetHints":{"allow":["GET"]}}],"collection":[{"href":"https:\/\/olemosaic.com\/pt-pt\/wp-json\/wp\/v2\/product"}],"about":[{"href":"https:\/\/olemosaic.com\/pt-pt\/wp-json\/wp\/v2\/types\/product"}],"wp:featuredmedia":[{"embeddable":true,"href":"https:\/\/olemosaic.com\/pt-pt\/wp-json\/wp\/v2\/media\/14056"}],"wp:attachment":[{"href":"https:\/\/olemosaic.com\/pt-pt\/wp-json\/wp\/v2\/media?parent=37468"}],"wp:term":[{"taxonomy":"product_brand","embeddable":true,"href":"https:\/\/olemosaic.com\/pt-pt\/wp-json\/wp\/v2\/product_brand?post=37468"},{"taxonomy":"product_cat","embeddable":true,"href":"https:\/\/olemosaic.com\/pt-pt\/wp-json\/wp\/v2\/product_cat?post=37468"},{"taxonomy":"product_tag","embeddable":true,"href":"https:\/\/olemosaic.com\/pt-pt\/wp-json\/wp\/v2\/product_tag?post=37468"}],"curies":[{"name":"wp","href":"https:\/\/api.w.org\/{rel}","templated":true}]}}