{"id":37467,"date":"2025-02-20T23:38:00","date_gmt":"2025-02-20T22:38:00","guid":{"rendered":"http:\/\/olemosaic.com\/producto\/iman-de-resina-toro-madrid-75-cm\/"},"modified":"2025-07-25T18:42:26","modified_gmt":"2025-07-25T16:42:26","slug":"iman-de-resina-touro-madrid-7-5-cm","status":"publish","type":"product","link":"https:\/\/olemosaic.com\/pt-pt\/produto\/iman-de-resina-touro-madrid-7-5-cm\/","title":{"rendered":"\u00cdman de resina. Touro. Madrid. 7,5 cm."},"content":{"rendered":"<p>\u00cdman de resina de touros de Madrid<\/p>\n<p>Este \u00edman de resina de 7,5 cm \u00e9 uma aut\u00eantica joia que captura a vibrante ess\u00eancia de Madrid. Com um design colorido e moderno, simboliza a rica tradi\u00e7\u00e3o cultural espanhola. Representa dois majestosos touros com um acabamento v\u00edvido em tons de azul, verde, vermelho e amarelo, real\u00e7ando a sua forma distintiva com um toque contempor\u00e2neo. Os touros, \u00edcones da cultura espanhola e s\u00edmbolos de festa e paix\u00e3o, erguem-se sobre um fundo de mosaico que confere um efeito visual atraente e din\u00e2mico.<\/p>\n<p>A palavra &#8220;MADRID&#8221; aparece em letras chamativas, complementando a ilustra\u00e7\u00e3o e convertendo este \u00edman na recorda\u00e7\u00e3o perfeita da capital. Este souvenir n\u00e3o \u00e9 apenas um adorno ideal para qualquer frigor\u00edfico, mas tamb\u00e9m um magn\u00edfico objeto de cole\u00e7\u00e3o que reflete a alegria e o esp\u00edrito da cidade. Na Ol\u00e9 Mosaic, orgulhamo-nos de oferecer produtos aut\u00eanticos que capturam a ess\u00eancia de cada regi\u00e3o. Este \u00edman \u00e9 uma excelente op\u00e7\u00e3o para lojas de presentes tur\u00edsticos que procuram souvenirs representativos de Madrid. Como distribuidores de souvenirs por grosso, garantimos qualidade e originalidade em cada artigo, ideal para turistas que desejam levar um pedacinho da cultura madrilena.<\/p>\n","protected":false},"excerpt":{"rendered":"<p>\u00cdman de 7,5 cm que representa dois touros num design colorido e moderno, um s\u00edmbolo da ess\u00eancia cultural madrilena. Os touros, pintados com vibrantes tons azuis, verdes, vermelhos e amarelos, erguem-se sobre um fundo de mosaico que real\u00e7a a sua forma caracter\u00edstica. O \u00edman inclui a palavra &#8220;MADRID&#8221; em letras chamativas, o que o torna um souvenir ideal para evocar a tradi\u00e7\u00e3o espanhola. Um complemento perfeito para qualquer cole\u00e7\u00e3o.<\/p>\n","protected":false},"featured_media":14055,"template":"","meta":{"_acf_changed":false},"product_brand":[],"product_cat":[699],"product_tag":[516],"class_list":{"0":"post-37467","1":"product","2":"type-product","3":"status-publish","4":"has-post-thumbnail","6":"product_cat-imanes","7":"product_tag-animais","8":"pa_ciudad-madrid","9":"pa_motivo-touros","10":"pa_pais-espana","12":"first","13":"instock","14":"shipping-taxable","15":"product-type-simple"},"acf":[],"_links":{"self":[{"href":"https:\/\/olemosaic.com\/pt-pt\/wp-json\/wp\/v2\/product\/37467","targetHints":{"allow":["GET"]}}],"collection":[{"href":"https:\/\/olemosaic.com\/pt-pt\/wp-json\/wp\/v2\/product"}],"about":[{"href":"https:\/\/olemosaic.com\/pt-pt\/wp-json\/wp\/v2\/types\/product"}],"wp:featuredmedia":[{"embeddable":true,"href":"https:\/\/olemosaic.com\/pt-pt\/wp-json\/wp\/v2\/media\/14055"}],"wp:attachment":[{"href":"https:\/\/olemosaic.com\/pt-pt\/wp-json\/wp\/v2\/media?parent=37467"}],"wp:term":[{"taxonomy":"product_brand","embeddable":true,"href":"https:\/\/olemosaic.com\/pt-pt\/wp-json\/wp\/v2\/product_brand?post=37467"},{"taxonomy":"product_cat","embeddable":true,"href":"https:\/\/olemosaic.com\/pt-pt\/wp-json\/wp\/v2\/product_cat?post=37467"},{"taxonomy":"product_tag","embeddable":true,"href":"https:\/\/olemosaic.com\/pt-pt\/wp-json\/wp\/v2\/product_tag?post=37467"}],"curies":[{"name":"wp","href":"https:\/\/api.w.org\/{rel}","templated":true}]}}