{"id":37466,"date":"2025-02-20T23:37:59","date_gmt":"2025-02-20T22:37:59","guid":{"rendered":"http:\/\/olemosaic.com\/producto\/iman-de-resina-salamandra-y-flores-valencia-75-cm\/"},"modified":"2025-07-25T20:06:12","modified_gmt":"2025-07-25T18:06:12","slug":"iman-de-resina-salamandra-e-flores-valencia-75-cm","status":"publish","type":"product","link":"https:\/\/olemosaic.com\/pt-pt\/produto\/iman-de-resina-salamandra-e-flores-valencia-75-cm\/","title":{"rendered":"\u00cdman de resina. Salamandra e flores. Val\u00eancia. 7,5 cm."},"content":{"rendered":"<p>Este \u00edman de resina de 7,5 cm \u00e9 uma vibrante representa\u00e7\u00e3o do modernismo e da cultura valenciana. Decorado com duas belas salamandras em tons azuis e vermelhos, capta a aten\u00e7\u00e3o com um design cheio de energia, emoldurado por motivos florais de cores brilhantes que evocam a rica flora mediterr\u00e2nica. A base do \u00edman apresenta um efeito visual que imita o mosaico, uma alus\u00e3o \u00e0 emblem\u00e1tica obra de arte da cidade, criando um contraste cativante que real\u00e7a as cores vivas dos elementos decorativos. A palavra &#8220;Valencia&#8221; aparece em letras grandes e multicoloridas, tornando este souvenir uma recorda\u00e7\u00e3o memor\u00e1vel e representativa da cidade.<\/p>\n<p>Este \u00edman n\u00e3o \u00e9 apenas uma pe\u00e7a decorativa, mas tamb\u00e9m uma excelente recorda\u00e7\u00e3o da cultura valenciana, perfeito para colecionadores e amantes da arte. A salamandra, s\u00edmbolo de renova\u00e7\u00e3o e vitalidade, reflete a ess\u00eancia vibrante de Val\u00eancia, tornando este artigo um presente ideal para quem deseja levar um pedacinho da hist\u00f3ria e das tradi\u00e7\u00f5es desta bela cidade. Na Ol\u00e9 Mosaic, distribu\u00edmos souvenirs que celebram a autenticidade e o artesanato da cultura espanhola, e este \u00edman de salamandra \u00e9 uma escolha de destaque para lojas de presentes tur\u00edsticos que procuram qualidade e originalidade nos seus produtos.<\/p>\n","protected":false},"excerpt":{"rendered":"<p>\u00cdman de 7,5 cm que mostra um vibrante design de salamandras em azul e vermelho, rodeadas de motivos florais em tons brilhantes. Este \u00edman, inspirado no modernismo valenciano, destaca-se pela sua base que imita um mosaico, criando um efeito visual atraente e colorido. A palavra &#8220;Valencia&#8221; aparece em letras grandes e multicoloridas, o que o torna uma recorda\u00e7\u00e3o perfeita da cidade. Ideal para colecionadores e amantes da cultura espanhola.<\/p>\n","protected":false},"featured_media":14054,"template":"","meta":{"_acf_changed":false},"product_brand":[],"product_cat":[699],"product_tag":[516],"class_list":{"0":"post-37466","1":"product","2":"type-product","3":"status-publish","4":"has-post-thumbnail","6":"product_cat-imanes","7":"product_tag-animais","8":"pa_ciudad-valencia","9":"pa_motivo-salamandras","10":"pa_pais-espana","12":"first","13":"instock","14":"shipping-taxable","15":"product-type-simple"},"acf":[],"_links":{"self":[{"href":"https:\/\/olemosaic.com\/pt-pt\/wp-json\/wp\/v2\/product\/37466","targetHints":{"allow":["GET"]}}],"collection":[{"href":"https:\/\/olemosaic.com\/pt-pt\/wp-json\/wp\/v2\/product"}],"about":[{"href":"https:\/\/olemosaic.com\/pt-pt\/wp-json\/wp\/v2\/types\/product"}],"wp:featuredmedia":[{"embeddable":true,"href":"https:\/\/olemosaic.com\/pt-pt\/wp-json\/wp\/v2\/media\/14054"}],"wp:attachment":[{"href":"https:\/\/olemosaic.com\/pt-pt\/wp-json\/wp\/v2\/media?parent=37466"}],"wp:term":[{"taxonomy":"product_brand","embeddable":true,"href":"https:\/\/olemosaic.com\/pt-pt\/wp-json\/wp\/v2\/product_brand?post=37466"},{"taxonomy":"product_cat","embeddable":true,"href":"https:\/\/olemosaic.com\/pt-pt\/wp-json\/wp\/v2\/product_cat?post=37466"},{"taxonomy":"product_tag","embeddable":true,"href":"https:\/\/olemosaic.com\/pt-pt\/wp-json\/wp\/v2\/product_tag?post=37466"}],"curies":[{"name":"wp","href":"https:\/\/api.w.org\/{rel}","templated":true}]}}