{"id":37465,"date":"2025-02-20T23:37:59","date_gmt":"2025-02-20T22:37:59","guid":{"rendered":"http:\/\/olemosaic.com\/producto\/iman-de-resina-mariposa-barcelona-75-cm\/"},"modified":"2025-07-25T18:52:51","modified_gmt":"2025-07-25T16:52:51","slug":"iman-de-resina-borboleta-barcelona-75-cm","status":"publish","type":"product","link":"https:\/\/olemosaic.com\/pt-pt\/produto\/iman-de-resina-borboleta-barcelona-75-cm\/","title":{"rendered":"\u00cdman de resina. Borboleta. Barcelona. 7,5 cm."},"content":{"rendered":"<p>Este \u00edman de resina de 7,5 cm \u00e9 uma vibrante homenagem \u00e0 riqueza art\u00edstica de Barcelona. O seu design colorido apresenta diversas borboletas em tons azuis, p\u00farpuras e laranjas, que evocam a alegria da cidade. Cada borboleta, com os seus intrincados padr\u00f5es e um acabamento resinoso brilhante, est\u00e1 repleta de detalhes. Flores de m\u00faltiplas cores complementam a pe\u00e7a, criando uma composi\u00e7\u00e3o visual din\u00e2mica e atraente. O fundo mostra um padr\u00e3o de mosaico cinzento que recorda a arquitetura modernista da cidade, especialmente as obras de Antoni Gaud\u00ed, famoso pelos seus extraordin\u00e1rios mosaicos.<\/p>\n<p>Este \u00edman n\u00e3o \u00e9 apenas um artigo decorativo, mas um aut\u00eantico souvenir que encapsula a ess\u00eancia de Barcelona, ideal para qualquer visitante que deseje levar um peda\u00e7o da sua arte e cultura. Como distribuidor de souvenirs por grosso, a Ol\u00e9 Mosaic oferece este \u00edman como uma excelente op\u00e7\u00e3o para lojas de presentes tur\u00edsticos que procuram produtos \u00fanicos e representativos da regi\u00e3o. \u00c9 uma pe\u00e7a perfeita para quem valoriza a autenticidade e deseja recordar a beleza de Barcelona atrav\u00e9s de um elegante souvenir.<\/p>\n","protected":false},"excerpt":{"rendered":"<p>\u00cdman de 7,5 cm com um colorido design de borboletas inspirado na arte do mosaico barcelon\u00eas. Esta pe\u00e7a decorativa inclui v\u00e1rias borboletas em vibrantes tons azuis, roxos e laranjas, acompanhadas de flores que complementam o design. O fundo apresenta um padr\u00e3o de mosaico cinzento que evoca a arquitetura modernista da cidade, o que torna este \u00edman uma recorda\u00e7\u00e3o ideal que capta a ess\u00eancia art\u00edstica de Barcelona.<\/p>\n","protected":false},"featured_media":14053,"template":"","meta":{"_acf_changed":false},"product_brand":[],"product_cat":[699],"product_tag":[516],"class_list":{"0":"post-37465","1":"product","2":"type-product","3":"status-publish","4":"has-post-thumbnail","6":"product_cat-imanes","7":"product_tag-animais","8":"pa_ciudad-barcelona","9":"pa_motivo-borboletas","10":"pa_pais-espana","12":"first","13":"instock","14":"shipping-taxable","15":"product-type-simple"},"acf":[],"_links":{"self":[{"href":"https:\/\/olemosaic.com\/pt-pt\/wp-json\/wp\/v2\/product\/37465","targetHints":{"allow":["GET"]}}],"collection":[{"href":"https:\/\/olemosaic.com\/pt-pt\/wp-json\/wp\/v2\/product"}],"about":[{"href":"https:\/\/olemosaic.com\/pt-pt\/wp-json\/wp\/v2\/types\/product"}],"wp:featuredmedia":[{"embeddable":true,"href":"https:\/\/olemosaic.com\/pt-pt\/wp-json\/wp\/v2\/media\/14053"}],"wp:attachment":[{"href":"https:\/\/olemosaic.com\/pt-pt\/wp-json\/wp\/v2\/media?parent=37465"}],"wp:term":[{"taxonomy":"product_brand","embeddable":true,"href":"https:\/\/olemosaic.com\/pt-pt\/wp-json\/wp\/v2\/product_brand?post=37465"},{"taxonomy":"product_cat","embeddable":true,"href":"https:\/\/olemosaic.com\/pt-pt\/wp-json\/wp\/v2\/product_cat?post=37465"},{"taxonomy":"product_tag","embeddable":true,"href":"https:\/\/olemosaic.com\/pt-pt\/wp-json\/wp\/v2\/product_tag?post=37465"}],"curies":[{"name":"wp","href":"https:\/\/api.w.org\/{rel}","templated":true}]}}