{"id":37464,"date":"2025-02-20T23:37:59","date_gmt":"2025-02-20T22:37:59","guid":{"rendered":"http:\/\/olemosaic.com\/producto\/iman-de-resina-salamandra-y-flores-mojacar-75-cm\/"},"modified":"2025-07-25T18:50:11","modified_gmt":"2025-07-25T16:50:11","slug":"iman-de-resina-salamandra-e-flores-mojacar-75-cm","status":"publish","type":"product","link":"https:\/\/olemosaic.com\/pt-pt\/produto\/iman-de-resina-salamandra-e-flores-mojacar-75-cm\/","title":{"rendered":"\u00cdman de resina. Salamandra e flores. Moj\u00e1car. 7,5 cm."},"content":{"rendered":"<p>Este \u00edman de resina de 7,5 cm \u00e9 uma colorida representa\u00e7\u00e3o de Moj\u00e1car, uma vila andaluza com arte e tradi\u00e7\u00e3o em abund\u00e2ncia. O design mostra duas salamandras sobre um vibrante fundo floral, captando a ess\u00eancia da sua paisagem radiante e alegre. A paleta de cores, com brilhantes tons de vermelho, verde e azul, combina-se com flores em variados matizes, conferindo um ar festivo e luminoso ao objeto. Na parte inferior, o nome &#8220;Moj\u00e1car&#8221; destaca-se em letras grandes e multicoloridas, evocando a divers\u00e3o e o calor desta localidade costeira.<\/p>\n<p>A representa\u00e7\u00e3o das salamandras, seres simb\u00f3licos de transforma\u00e7\u00e3o e renova\u00e7\u00e3o, entrela\u00e7a-se com o apelo das decora\u00e7\u00f5es florais, refletindo o vibrante p\u00e1tio de Moj\u00e1car. Este \u00edman \u00e9 mais do que uma simples recorda\u00e7\u00e3o; \u00e9 um souvenir aut\u00eantico que exalta a rica cultura andaluza e a sua liga\u00e7\u00e3o com a natureza. Ideal para quem procura souvenirs de qualidade que celebrem a beleza e singularidade da regi\u00e3o, este \u00edman \u00e9 uma excelente op\u00e7\u00e3o para lojas de presentes tur\u00edsticos que desejem oferecer produtos representativos da Espanha mais colorida.<\/p>\n<p>Na Ol\u00e9 Mosaic, especializamo-nos na distribui\u00e7\u00e3o de souvenirs por grosso, garantindo autenticidade e design em cada pe\u00e7a. Este \u00edman n\u00e3o s\u00f3 embelezar\u00e1 qualquer superf\u00edcie met\u00e1lica, como tamb\u00e9m servir\u00e1 como uma recorda\u00e7\u00e3o carinhosa dos momentos vividos em Moj\u00e1car.<\/p>\n","protected":false},"excerpt":{"rendered":"<p>\u00cdman de 7,5 cm que reproduz, com um estilo mosaico, uma imagem colorida de duas salamandras entre flores, inspirada na vibrante paisagem de Moj\u00e1car. O design destaca-se pelo uso de cores brilhantes como o vermelho, o verde e o azul, rodeados de flores em tons variados. Na parte inferior, o nome &#8220;Moj\u00e1car&#8221; aparece em letras grandes e multicoloridas, captando a ess\u00eancia alegre desta localidade andaluza. Perfeito para recordar as suas viagens ou como um presente distintivo.<\/p>\n","protected":false},"featured_media":14052,"template":"","meta":{"_acf_changed":false},"product_brand":[],"product_cat":[699],"product_tag":[516],"class_list":{"0":"post-37464","1":"product","2":"type-product","3":"status-publish","4":"has-post-thumbnail","6":"product_cat-imanes","7":"product_tag-animais","8":"pa_ciudad-mojacar","9":"pa_motivo-salamandras","10":"pa_pais-espana","12":"first","13":"instock","14":"shipping-taxable","15":"product-type-simple"},"acf":[],"_links":{"self":[{"href":"https:\/\/olemosaic.com\/pt-pt\/wp-json\/wp\/v2\/product\/37464","targetHints":{"allow":["GET"]}}],"collection":[{"href":"https:\/\/olemosaic.com\/pt-pt\/wp-json\/wp\/v2\/product"}],"about":[{"href":"https:\/\/olemosaic.com\/pt-pt\/wp-json\/wp\/v2\/types\/product"}],"wp:featuredmedia":[{"embeddable":true,"href":"https:\/\/olemosaic.com\/pt-pt\/wp-json\/wp\/v2\/media\/14052"}],"wp:attachment":[{"href":"https:\/\/olemosaic.com\/pt-pt\/wp-json\/wp\/v2\/media?parent=37464"}],"wp:term":[{"taxonomy":"product_brand","embeddable":true,"href":"https:\/\/olemosaic.com\/pt-pt\/wp-json\/wp\/v2\/product_brand?post=37464"},{"taxonomy":"product_cat","embeddable":true,"href":"https:\/\/olemosaic.com\/pt-pt\/wp-json\/wp\/v2\/product_cat?post=37464"},{"taxonomy":"product_tag","embeddable":true,"href":"https:\/\/olemosaic.com\/pt-pt\/wp-json\/wp\/v2\/product_tag?post=37464"}],"curies":[{"name":"wp","href":"https:\/\/api.w.org\/{rel}","templated":true}]}}