{"id":37463,"date":"2025-02-20T23:37:59","date_gmt":"2025-02-20T22:37:59","guid":{"rendered":"http:\/\/olemosaic.com\/producto\/iman-de-resina-panoramica-valencia-75-cm\/"},"modified":"2025-07-25T20:03:54","modified_gmt":"2025-07-25T18:03:54","slug":"iman-de-resina-panoramica-valencia-75-cm-pt-pt","status":"publish","type":"product","link":"https:\/\/olemosaic.com\/pt-pt\/produto\/iman-de-resina-panoramica-valencia-75-cm-pt-pt\/","title":{"rendered":"\u00cdman de resina. Panor\u00e2mica. Val\u00eancia. 7,5 cm."},"content":{"rendered":"<p>Este \u00edman de resina de 7,5 cm \u00e9 uma recorda\u00e7\u00e3o vibrante da cidade de Val\u00eancia, que capta a ess\u00eancia dos seus emblem\u00e1ticos monumentos atrav\u00e9s de uma impressionante panor\u00e2mica. Desenhado com a t\u00e9cnica do mosaico, este colorido \u00edman apresenta uma representa\u00e7\u00e3o art\u00edstica que inclui o Mercado Central, uma joia do modernismo valenciano; a futurista Cidade das Artes e das Ci\u00eancias, s\u00edmbolo de inova\u00e7\u00e3o arquitet\u00f3nica; e a hist\u00f3rica Catedral de Val\u00eancia, que se destaca pela sua impressionante mistura de estilos g\u00f3tico e barroco. O fundo do \u00edman utiliza uma paleta de cores brilhantes que evocam a luz e o dinamismo desta bela cidade.<\/p>\n<p>O texto &#8220;Valencia&#8221; destaca-se em letras grandes e chamativas, o que acrescenta um apelo visual extra e o torna o souvenir perfeito para quem deseja recordar a sua visita a esta vibrante metr\u00f3pole espanhola. Este \u00edman n\u00e3o \u00e9 apenas um acess\u00f3rio decorativo, mas tamb\u00e9m serve como um s\u00edmbolo representativo da rica heran\u00e7a cultural e arquitet\u00f3nica de Val\u00eancia.<\/p>\n<p>Na Ol\u00e9 Mosaic, especializamo-nos na distribui\u00e7\u00e3o de souvenirs por grosso, e este \u00edman de Val\u00eancia \u00e9 uma excelente escolha para lojas de presentes tur\u00edsticos que procuram oferecer produtos aut\u00eanticos e coloridos. Com o seu design \u00fanico, este \u00edman posiciona-se como uma recorda\u00e7\u00e3o ideal para quem deseja levar um peda\u00e7o de Val\u00eancia para casa.<\/p>\n","protected":false},"excerpt":{"rendered":"<p>\u00cdman de 7,5 cm que capta a ess\u00eancia de Val\u00eancia com uma brilhante panor\u00e2mica dos seus monumentos. Este colorido \u00edman apresenta uma representa\u00e7\u00e3o art\u00edstica do Mercado Central, da Cidade das Artes e das Ci\u00eancias, e da Catedral de Val\u00eancia, tudo num estilo vibrante com t\u00e9cnica de mosaico. A palavra &#8220;Valencia&#8221; destaca-se em letras grandes e chamativas, tornando este \u00edman a recorda\u00e7\u00e3o perfeita do encanto da cidade.<\/p>\n","protected":false},"featured_media":14051,"template":"","meta":{"_acf_changed":false},"product_brand":[],"product_cat":[699],"product_tag":[],"class_list":{"0":"post-37463","1":"product","2":"type-product","3":"status-publish","4":"has-post-thumbnail","6":"product_cat-imanes","7":"pa_ciudad-valencia","8":"pa_motivo-panoramas","9":"pa_pais-espana","11":"first","12":"instock","13":"shipping-taxable","14":"product-type-simple"},"acf":[],"_links":{"self":[{"href":"https:\/\/olemosaic.com\/pt-pt\/wp-json\/wp\/v2\/product\/37463","targetHints":{"allow":["GET"]}}],"collection":[{"href":"https:\/\/olemosaic.com\/pt-pt\/wp-json\/wp\/v2\/product"}],"about":[{"href":"https:\/\/olemosaic.com\/pt-pt\/wp-json\/wp\/v2\/types\/product"}],"wp:featuredmedia":[{"embeddable":true,"href":"https:\/\/olemosaic.com\/pt-pt\/wp-json\/wp\/v2\/media\/14051"}],"wp:attachment":[{"href":"https:\/\/olemosaic.com\/pt-pt\/wp-json\/wp\/v2\/media?parent=37463"}],"wp:term":[{"taxonomy":"product_brand","embeddable":true,"href":"https:\/\/olemosaic.com\/pt-pt\/wp-json\/wp\/v2\/product_brand?post=37463"},{"taxonomy":"product_cat","embeddable":true,"href":"https:\/\/olemosaic.com\/pt-pt\/wp-json\/wp\/v2\/product_cat?post=37463"},{"taxonomy":"product_tag","embeddable":true,"href":"https:\/\/olemosaic.com\/pt-pt\/wp-json\/wp\/v2\/product_tag?post=37463"}],"curies":[{"name":"wp","href":"https:\/\/api.w.org\/{rel}","templated":true}]}}