{"id":37462,"date":"2025-02-20T23:37:59","date_gmt":"2025-02-20T22:37:59","guid":{"rendered":"http:\/\/olemosaic.com\/producto\/iman-de-resina-panoramica-sevilla-75-cm\/"},"modified":"2025-07-25T18:58:26","modified_gmt":"2025-07-25T16:58:26","slug":"iman-de-resina-panoramica-sevilha-75-cm","status":"publish","type":"product","link":"https:\/\/olemosaic.com\/pt-pt\/produto\/iman-de-resina-panoramica-sevilha-75-cm\/","title":{"rendered":"\u00cdman de resina. Panor\u00e2mica. Sevilha. 7,5 cm."},"content":{"rendered":"<p>Este \u00edman de resina, de 7,5 cm, capta a ess\u00eancia vibrante de Sevilha com uma deslumbrante panor\u00e2mica que convida \u00e0 admira\u00e7\u00e3o. O seu design colorido e detalhado apresenta \u00edcones arquitet\u00f3nicos como a majestosa Giralda e a imponente catedral, emblemas da rica heran\u00e7a cultural da cidade andaluza. A imagem completa-se com elementos culturais t\u00edpicos, destacando a identidade \u00fanica de Sevilha, onde tradi\u00e7\u00e3o e modernidade se entrela\u00e7am. A brilhante paleta de cores e a textura de mosaico do fundo conferem um apelo visual excecional, real\u00e7ando a beleza de cada monumento representado. Este \u00edman n\u00e3o \u00e9 apenas um acess\u00f3rio decorativo, mas uma recorda\u00e7\u00e3o representativa que permite aos turistas levar um peda\u00e7o da magia sevilhana. A sua autenticidade como souvenir torna-o uma op\u00e7\u00e3o ideal para quem procura uma recorda\u00e7\u00e3o tang\u00edvel da sua visita. Na Ol\u00e9 Mosaic, como distribuidores de souvenirs de Sevilha por grosso, oferecemos este \u00edman como uma excelente op\u00e7\u00e3o para lojas de presentes tur\u00edsticos que desejem oferecer produtos que realcem a beleza e a cultura espanhola.<\/p>\n","protected":false},"excerpt":{"rendered":"<p>\u00cdman de 7,5 cm que capta a ess\u00eancia de Sevilha com uma vibrante panor\u00e2mica. O design, colorido e detalhado, mostra monumentos emblem\u00e1ticos como a Giralda e a catedral, al\u00e9m de elementos culturais t\u00edpicos. A rica paleta de cores, sobre um fundo de mosaico que real\u00e7a os elementos arquitet\u00f3nicos, torna este \u00edman a recorda\u00e7\u00e3o perfeita da beleza e do encanto desta cidade andaluza.<\/p>\n","protected":false},"featured_media":14050,"template":"","meta":{"_acf_changed":false},"product_brand":[],"product_cat":[699],"product_tag":[],"class_list":{"0":"post-37462","1":"product","2":"type-product","3":"status-publish","4":"has-post-thumbnail","6":"product_cat-imanes","7":"pa_ciudad-sevilla","8":"pa_motivo-panoramas","9":"pa_pais-espana","11":"first","12":"instock","13":"shipping-taxable","14":"product-type-simple"},"acf":[],"_links":{"self":[{"href":"https:\/\/olemosaic.com\/pt-pt\/wp-json\/wp\/v2\/product\/37462","targetHints":{"allow":["GET"]}}],"collection":[{"href":"https:\/\/olemosaic.com\/pt-pt\/wp-json\/wp\/v2\/product"}],"about":[{"href":"https:\/\/olemosaic.com\/pt-pt\/wp-json\/wp\/v2\/types\/product"}],"wp:featuredmedia":[{"embeddable":true,"href":"https:\/\/olemosaic.com\/pt-pt\/wp-json\/wp\/v2\/media\/14050"}],"wp:attachment":[{"href":"https:\/\/olemosaic.com\/pt-pt\/wp-json\/wp\/v2\/media?parent=37462"}],"wp:term":[{"taxonomy":"product_brand","embeddable":true,"href":"https:\/\/olemosaic.com\/pt-pt\/wp-json\/wp\/v2\/product_brand?post=37462"},{"taxonomy":"product_cat","embeddable":true,"href":"https:\/\/olemosaic.com\/pt-pt\/wp-json\/wp\/v2\/product_cat?post=37462"},{"taxonomy":"product_tag","embeddable":true,"href":"https:\/\/olemosaic.com\/pt-pt\/wp-json\/wp\/v2\/product_tag?post=37462"}],"curies":[{"name":"wp","href":"https:\/\/api.w.org\/{rel}","templated":true}]}}