{"id":37461,"date":"2025-02-20T23:37:59","date_gmt":"2025-02-20T22:37:59","guid":{"rendered":"http:\/\/olemosaic.com\/producto\/iman-de-resina-salamandra-y-flores-tenerife-75-cm\/"},"modified":"2025-07-25T20:24:41","modified_gmt":"2025-07-25T18:24:41","slug":"iman-de-resina-salamandra-e-flores-tenerife-7-5-cm","status":"publish","type":"product","link":"https:\/\/olemosaic.com\/pt-pt\/produto\/iman-de-resina-salamandra-e-flores-tenerife-7-5-cm\/","title":{"rendered":"\u00cdman de resina. Salamandra e flores. Tenerife. 7,5 cm."},"content":{"rendered":"<p>Este \u00edman de resina de 7,5 cm \u00e9 uma vibrante homenagem \u00e0 fauna e flora de Tenerife, que capta a ess\u00eancia das Ilhas Can\u00e1rias em cada detalhe. Decorado com uma colorida representa\u00e7\u00e3o de duas salamandras em tons azuis e vermelhos, este design art\u00edstico \u00e9 emoldurado por uma atraente borda de flores multicoloridas que evocam a alegria e o clima tropical da ilha. A palavra &#8220;TENERIFE&#8221; destaca-se em letras grandes e chamativas, tornando este \u00edman uma recorda\u00e7\u00e3o memor\u00e1vel da sua visita a este destino id\u00edlico.<\/p>\n<p>O uso de resina no seu fabrico garante que esta lembran\u00e7a seja duradoura, resistindo ao passar do tempo e conservando o seu esplendor. As salamandras, s\u00edmbolos de transforma\u00e7\u00e3o e adapta\u00e7\u00e3o em muitas culturas, refletem a diversidade ecol\u00f3gica de Tenerife, famosa pelas suas paisagens naturais e pelo seu clima privilegiado. Este \u00edman n\u00e3o \u00e9 apenas um objeto decorativo, mas tamb\u00e9m uma representa\u00e7\u00e3o cultural que destaca a autenticidade da vida insular.<\/p>\n<p>Na Ol\u00e9 Mosaic especializamo-nos na distribui\u00e7\u00e3o de lembran\u00e7as por grosso, e este \u00edman de salamandras \u00e9 uma excelente op\u00e7\u00e3o para lojas de presentes tur\u00edsticos que procuram captar a aten\u00e7\u00e3o dos visitantes. Perfeito como recorda\u00e7\u00e3o, este \u00edman \u00e9 uma express\u00e3o da rica heran\u00e7a cultural e natural de Tenerife, ideal para quem deseja levar um peda\u00e7o da magia can\u00e1ria para casa.<\/p>\n","protected":false},"excerpt":{"rendered":"<p>\u00cdman de 7,5 cm decorado com uma colorida representa\u00e7\u00e3o de duas salamandras entre flores, inspirado na flora e fauna de Tenerife. O design vibrante mostra as salamandras em tons azuis e vermelhos, emolduradas por flores que evocam o ambiente alegre das Ilhas Can\u00e1rias. A palavra &#8220;TENERIFE&#8221; destaca-se em letras grandes e chamativas, o que torna este \u00edman uma recorda\u00e7\u00e3o perfeita dos seus momentos na ilha.<\/p>\n","protected":false},"featured_media":14049,"template":"","meta":{"_acf_changed":false},"product_brand":[],"product_cat":[699],"product_tag":[516],"class_list":{"0":"post-37461","1":"product","2":"type-product","3":"status-publish","4":"has-post-thumbnail","6":"product_cat-imanes","7":"product_tag-animais","8":"pa_ciudad-tenerife","9":"pa_motivo-salamandras","10":"pa_pais-espana","12":"first","13":"instock","14":"shipping-taxable","15":"product-type-simple"},"acf":[],"_links":{"self":[{"href":"https:\/\/olemosaic.com\/pt-pt\/wp-json\/wp\/v2\/product\/37461","targetHints":{"allow":["GET"]}}],"collection":[{"href":"https:\/\/olemosaic.com\/pt-pt\/wp-json\/wp\/v2\/product"}],"about":[{"href":"https:\/\/olemosaic.com\/pt-pt\/wp-json\/wp\/v2\/types\/product"}],"wp:featuredmedia":[{"embeddable":true,"href":"https:\/\/olemosaic.com\/pt-pt\/wp-json\/wp\/v2\/media\/14049"}],"wp:attachment":[{"href":"https:\/\/olemosaic.com\/pt-pt\/wp-json\/wp\/v2\/media?parent=37461"}],"wp:term":[{"taxonomy":"product_brand","embeddable":true,"href":"https:\/\/olemosaic.com\/pt-pt\/wp-json\/wp\/v2\/product_brand?post=37461"},{"taxonomy":"product_cat","embeddable":true,"href":"https:\/\/olemosaic.com\/pt-pt\/wp-json\/wp\/v2\/product_cat?post=37461"},{"taxonomy":"product_tag","embeddable":true,"href":"https:\/\/olemosaic.com\/pt-pt\/wp-json\/wp\/v2\/product_tag?post=37461"}],"curies":[{"name":"wp","href":"https:\/\/api.w.org\/{rel}","templated":true}]}}