{"id":37458,"date":"2025-02-20T23:37:58","date_gmt":"2025-02-20T22:37:58","guid":{"rendered":"http:\/\/olemosaic.com\/producto\/iman-de-resina-panoramica\/"},"modified":"2025-07-25T20:05:42","modified_gmt":"2025-07-25T18:05:42","slug":"iman-de-resina-panoramica-espanha","status":"publish","type":"product","link":"https:\/\/olemosaic.com\/pt-pt\/produto\/iman-de-resina-panoramica-espanha\/","title":{"rendered":"\u00cdman de resina. Panor\u00e2mica. Espanha"},"content":{"rendered":"<p>\u00cdman de resina com uma panor\u00e2mica de Espanha. Este vibrante \u00edman capta a rica cultura e a diversidade paisag\u00edstica do pa\u00eds, tornando-se uma recorda\u00e7\u00e3o ideal para quem deseja levar um peda\u00e7o de Espanha para casa. A pe\u00e7a destaca-se pelo seu design colorido, que inclui figuras ic\u00f3nicas como um bailarino de flamenco, um campon\u00eas, um touro e os famosos moinhos de vento, elementos essenciais do patrim\u00f3nio cultural espanhol. Os detalhes pintados \u00e0 m\u00e3o em tons vivos real\u00e7am a autenticidade do produto, fazendo com que cada \u00edman seja \u00fanico.<\/p>\n<p>A representa\u00e7\u00e3o do bailarino, com o seu traje de folhos e a paix\u00e3o do flamenco, reflete a energia das tradi\u00e7\u00f5es espanholas, enquanto a inclus\u00e3o do campon\u00eas e do touro celebra a liga\u00e7\u00e3o com o campo e a pecu\u00e1ria. Os moinhos de vento evocam a literatura cl\u00e1ssica, como &#8220;Dom Quixote de la Mancha&#8221;, somando outra camada de significado cultural ao design. Este \u00edman n\u00e3o s\u00f3 adorna qualquer frigor\u00edfico, como tamb\u00e9m se torna um lembrete constante das vibrantes tradi\u00e7\u00f5es e do estilo de vida espanhol. Na Ol\u00e9 Mosaic, somos distribuidores de lembran\u00e7as aut\u00eanticas, e este \u00edman de Espanha \u00e9 uma op\u00e7\u00e3o perfeita para lojas de presentes tur\u00edsticos que procuram produtos representativos da cultura espanhola.<\/p>\n","protected":false},"excerpt":{"rendered":"<p>\u00cdman com uma vibrante panor\u00e2mica de Espanha, que capta a sua riqueza cultural e paisag\u00edstica. Este colorido \u00edman apresenta figuras ic\u00f3nicas como um bailarino de flamenco, um campon\u00eas e um touro, juntamente com elementos arquitet\u00f3nicos emblem\u00e1ticos como os famosos moinhos de vento. Com um acabamento em tons vivos e detalhes pintados \u00e0 m\u00e3o, este \u00edman \u00e9 uma recorda\u00e7\u00e3o ideal que celebrar\u00e1 o esp\u00edrito espanhol em qualquer casa.<\/p>\n","protected":false},"featured_media":14046,"template":"","meta":{"_acf_changed":false},"product_brand":[],"product_cat":[699],"product_tag":[],"class_list":{"0":"post-37458","1":"product","2":"type-product","3":"status-publish","4":"has-post-thumbnail","6":"product_cat-imanes","7":"pa_motivo-panoramas","9":"first","10":"instock","11":"shipping-taxable","12":"product-type-simple"},"acf":[],"_links":{"self":[{"href":"https:\/\/olemosaic.com\/pt-pt\/wp-json\/wp\/v2\/product\/37458","targetHints":{"allow":["GET"]}}],"collection":[{"href":"https:\/\/olemosaic.com\/pt-pt\/wp-json\/wp\/v2\/product"}],"about":[{"href":"https:\/\/olemosaic.com\/pt-pt\/wp-json\/wp\/v2\/types\/product"}],"wp:featuredmedia":[{"embeddable":true,"href":"https:\/\/olemosaic.com\/pt-pt\/wp-json\/wp\/v2\/media\/14046"}],"wp:attachment":[{"href":"https:\/\/olemosaic.com\/pt-pt\/wp-json\/wp\/v2\/media?parent=37458"}],"wp:term":[{"taxonomy":"product_brand","embeddable":true,"href":"https:\/\/olemosaic.com\/pt-pt\/wp-json\/wp\/v2\/product_brand?post=37458"},{"taxonomy":"product_cat","embeddable":true,"href":"https:\/\/olemosaic.com\/pt-pt\/wp-json\/wp\/v2\/product_cat?post=37458"},{"taxonomy":"product_tag","embeddable":true,"href":"https:\/\/olemosaic.com\/pt-pt\/wp-json\/wp\/v2\/product_tag?post=37458"}],"curies":[{"name":"wp","href":"https:\/\/api.w.org\/{rel}","templated":true}]}}