{"id":37457,"date":"2025-02-20T23:37:58","date_gmt":"2025-02-20T22:37:58","guid":{"rendered":"http:\/\/olemosaic.com\/producto\/iman-de-resina-panoramica-bilbao\/"},"modified":"2025-07-25T20:01:39","modified_gmt":"2025-07-25T18:01:39","slug":"iman-de-resina-panoramica-bilbau","status":"publish","type":"product","link":"https:\/\/olemosaic.com\/pt-pt\/produto\/iman-de-resina-panoramica-bilbau\/","title":{"rendered":"\u00cdman de resina. Panor\u00e2mica. Bilbau."},"content":{"rendered":"<p>\u00cdman de resina panor\u00e2mico de Bilbau. Este vibrante \u00edman de resina capta perfeitamente a ess\u00eancia arquitet\u00f3nica de Bilbau, um destino conhecido pela sua rica cultura e pela sua inovadora fus\u00e3o do cl\u00e1ssico e do contempor\u00e2neo. Com um design espetacular e colorido, apresenta monumentos emblem\u00e1ticos como o ic\u00f3nico Museu Guggenheim, um s\u00edmbolo da vanguarda art\u00edstica da cidade, e a majestosa ponte de Deusto, que liga zonas importantes de Bilbau. Al\u00e9m disso, o famoso c\u00e3o de mosaicos coloridos, ou &#8220;Puppy&#8221;, de Jeff Koons, assenta alegremente na composi\u00e7\u00e3o, adicionando um toque divertido e moderno.<\/p>\n<p>Complementado por um sol radiante que brilha no fundo, este \u00edman n\u00e3o \u00e9 uma simples recorda\u00e7\u00e3o, mas uma aut\u00eantica obra de arte que reflete a vitalidade e o encanto do panorama de Bilbau. A aten\u00e7\u00e3o ao detalhe na resina real\u00e7a os diversos tons e texturas, tornando este \u00edman um presente atrativo tanto para turistas como para amantes da arquitetura e da cultura basca.<\/p>\n<p>Na Ol\u00e9 Mosaic, especializamo-nos na distribui\u00e7\u00e3o de lembran\u00e7as por grosso, e este \u00edman de Bilbau \u00e9 uma excelente op\u00e7\u00e3o para lojas de presentes tur\u00edsticos, garantindo uma recorda\u00e7\u00e3o aut\u00eantica e representativa da cidade. O seu design art\u00edstico e chamativo torna-o uma lembran\u00e7a perfeita que permitir\u00e1 aos visitantes levar um peda\u00e7o de Bilbau para as suas casas. Como grossistas de lembran\u00e7as, oferecemos qualidade e autenticidade em cada pe\u00e7a, ideal para captar a aten\u00e7\u00e3o dos compradores.<\/p>\n","protected":false},"excerpt":{"rendered":"<p>\u00cdman com uma vibrante panor\u00e2mica de Bilbau que capta a ess\u00eancia arquitet\u00f3nica da cidade. Este colorido \u00edman mostra o ic\u00f3nico Guggenheim, a ponte de Deusto e o famoso c\u00e3o de mosaicos coloridos, tudo sob um sol radiante. Com o seu design art\u00edstico e detalhes chamativos, esta recorda\u00e7\u00e3o \u00e9 perfeita para levar um peda\u00e7o de Bilbau para casa. Ideal para os amantes da arquitetura e da cultura basca.<\/p>\n","protected":false},"featured_media":14045,"template":"","meta":{"_acf_changed":false},"product_brand":[],"product_cat":[699],"product_tag":[],"class_list":{"0":"post-37457","1":"product","2":"type-product","3":"status-publish","4":"has-post-thumbnail","6":"product_cat-imanes","7":"pa_ciudad-bilbao","8":"pa_motivo-panoramas","9":"pa_pais-espana","11":"first","12":"instock","13":"shipping-taxable","14":"product-type-simple"},"acf":[],"_links":{"self":[{"href":"https:\/\/olemosaic.com\/pt-pt\/wp-json\/wp\/v2\/product\/37457","targetHints":{"allow":["GET"]}}],"collection":[{"href":"https:\/\/olemosaic.com\/pt-pt\/wp-json\/wp\/v2\/product"}],"about":[{"href":"https:\/\/olemosaic.com\/pt-pt\/wp-json\/wp\/v2\/types\/product"}],"wp:featuredmedia":[{"embeddable":true,"href":"https:\/\/olemosaic.com\/pt-pt\/wp-json\/wp\/v2\/media\/14045"}],"wp:attachment":[{"href":"https:\/\/olemosaic.com\/pt-pt\/wp-json\/wp\/v2\/media?parent=37457"}],"wp:term":[{"taxonomy":"product_brand","embeddable":true,"href":"https:\/\/olemosaic.com\/pt-pt\/wp-json\/wp\/v2\/product_brand?post=37457"},{"taxonomy":"product_cat","embeddable":true,"href":"https:\/\/olemosaic.com\/pt-pt\/wp-json\/wp\/v2\/product_cat?post=37457"},{"taxonomy":"product_tag","embeddable":true,"href":"https:\/\/olemosaic.com\/pt-pt\/wp-json\/wp\/v2\/product_tag?post=37457"}],"curies":[{"name":"wp","href":"https:\/\/api.w.org\/{rel}","templated":true}]}}