{"id":37456,"date":"2025-02-20T23:37:58","date_gmt":"2025-02-20T22:37:58","guid":{"rendered":"http:\/\/olemosaic.com\/producto\/iman-de-resina-panoramica-barcelona-14\/"},"modified":"2025-07-25T19:21:01","modified_gmt":"2025-07-25T17:21:01","slug":"iman-de-resina-panoramica-barcelona-14-pt-pt","status":"publish","type":"product","link":"https:\/\/olemosaic.com\/pt-pt\/produto\/iman-de-resina-panoramica-barcelona-14-pt-pt\/","title":{"rendered":"\u00cdman de resina. Panor\u00e2mica. Ensolarado. Sagrada Fam\u00edlia. Barcelona."},"content":{"rendered":"<p>Descubra o nosso \u00edman de resina com uma vibrante panor\u00e2mica de Barcelona, um souvenir que captura a ess\u00eancia da capital catal\u00e3 num simples olhar. Este colorido \u00edman destaca-se pelo seu design \u00fanico, que re\u00fane monumentos emblem\u00e1ticos como a majestosa Sagrada Fam\u00edlia e a inovadora Casa Batll\u00f3, \u00edcones da arquitetura modernista de Gaud\u00ed. A cena \u00e9 emoldurada por um sol radiante que ilumina cada detalhe, tudo apresentado num encantador estilo mosaico que evoca os coloridos azulejos que adornam muitos cantos da cidade.<\/p>\n<p>A palavra &#8220;Barcelona&#8221; aparece em letras brilhantes, acrescentando um toque festivo que o torna uma recorda\u00e7\u00e3o perfeita para os visitantes. Esta pe\u00e7a n\u00e3o \u00e9 apenas um \u00edman funcional, mas tamb\u00e9m um aut\u00eantico emblema da rica cultura e do patrim\u00f3nio art\u00edstico que Barcelona oferece. Ideal para quem procura levar para casa um pouco do encanto catal\u00e3o, este \u00edman resume o esp\u00edrito vibrante e diverso da cidade.<\/p>\n<p>Na Ol\u00e9 Mosaic, especializamo-nos na distribui\u00e7\u00e3o de souvenirs por grosso, e este \u00edman da panor\u00e2mica de Barcelona \u00e9 uma excelente op\u00e7\u00e3o para lojas de presentes tur\u00edsticos que desejam oferecer produtos aut\u00eanticos e representativos. Com este \u00edman, os seus clientes poder\u00e3o recordar a sua visita a Barcelona sempre que o virem, tornando-se um verdadeiro tesouro da sua experi\u00eancia.<\/p>\n","protected":false},"excerpt":{"rendered":"<p>\u00cdman com uma vibrante panor\u00e2mica de Barcelona, onde se destacam monumentos emblem\u00e1ticos como a Sagrada Fam\u00edlia e a Casa Batll\u00f3. Este colorido \u00edman apresenta um design que combina elementos arquitet\u00f3nicos e um sol radiante de fundo, tudo num estilo mosaico que captura a ess\u00eancia da cidade. Com a palavra &#8220;Barcelona&#8221; em letras brilhantes, \u00e9 uma recorda\u00e7\u00e3o perfeita que evoca a riqueza cultural e art\u00edstica da capital catal\u00e3.<\/p>\n","protected":false},"featured_media":14044,"template":"","meta":{"_acf_changed":false},"product_brand":[],"product_cat":[699],"product_tag":[],"class_list":{"0":"post-37456","1":"product","2":"type-product","3":"status-publish","4":"has-post-thumbnail","6":"product_cat-imanes","7":"pa_ciudad-barcelona","8":"pa_motivo-panoramas","9":"pa_pais-espana","11":"first","12":"instock","13":"shipping-taxable","14":"product-type-simple"},"acf":[],"_links":{"self":[{"href":"https:\/\/olemosaic.com\/pt-pt\/wp-json\/wp\/v2\/product\/37456","targetHints":{"allow":["GET"]}}],"collection":[{"href":"https:\/\/olemosaic.com\/pt-pt\/wp-json\/wp\/v2\/product"}],"about":[{"href":"https:\/\/olemosaic.com\/pt-pt\/wp-json\/wp\/v2\/types\/product"}],"wp:featuredmedia":[{"embeddable":true,"href":"https:\/\/olemosaic.com\/pt-pt\/wp-json\/wp\/v2\/media\/14044"}],"wp:attachment":[{"href":"https:\/\/olemosaic.com\/pt-pt\/wp-json\/wp\/v2\/media?parent=37456"}],"wp:term":[{"taxonomy":"product_brand","embeddable":true,"href":"https:\/\/olemosaic.com\/pt-pt\/wp-json\/wp\/v2\/product_brand?post=37456"},{"taxonomy":"product_cat","embeddable":true,"href":"https:\/\/olemosaic.com\/pt-pt\/wp-json\/wp\/v2\/product_cat?post=37456"},{"taxonomy":"product_tag","embeddable":true,"href":"https:\/\/olemosaic.com\/pt-pt\/wp-json\/wp\/v2\/product_tag?post=37456"}],"curies":[{"name":"wp","href":"https:\/\/api.w.org\/{rel}","templated":true}]}}