{"id":37455,"date":"2025-02-20T23:37:58","date_gmt":"2025-02-20T22:37:58","guid":{"rendered":"http:\/\/olemosaic.com\/producto\/iman-de-resina-panoramica-barcelona-13\/"},"modified":"2025-07-25T18:42:42","modified_gmt":"2025-07-25T16:42:42","slug":"iman-de-resina-panoramica-barcelona-13-pt-pt","status":"publish","type":"product","link":"https:\/\/olemosaic.com\/pt-pt\/produto\/iman-de-resina-panoramica-barcelona-13-pt-pt\/","title":{"rendered":"\u00cdman de resina. Panor\u00e2mica. Monumentos Gaud\u00ed. Barcelona."},"content":{"rendered":"<p>\u00cdman de resina com uma vibrante panor\u00e2mica de Barcelona que captura a ess\u00eancia dos seus monumentos mais emblem\u00e1ticos. Este encantador \u00edman apresenta uma representa\u00e7\u00e3o art\u00edstica da Sagrada Fam\u00edlia e do Parque G\u00fcell, rodeados de coloridos mosaicos que evocam a est\u00e9tica \u00fanica do c\u00e9lebre arquiteto Antoni Gaud\u00ed. A Sagrada Fam\u00edlia, com as suas torres altas e fascinantes detalhes g\u00f3ticos, destaca-se ao lado do famoso drag\u00e3o de mosaico do Parque G\u00fcell, ambos s\u00edmbolos representativos da cidade. A inclus\u00e3o do sol brilhante na parte superior acrescenta um toque de calor e alegria, evocando o clima ensolarado da capital catal\u00e3. Al\u00e9m disso, o nome &#8220;Barcelona&#8221; aparece em letras coloridas e modernas, proporcionando um apelo visual que real\u00e7a a vitalidade da cidade.<\/p>\n<p>Este \u00edman de resina n\u00e3o \u00e9 apenas uma magn\u00edfica decora\u00e7\u00e3o para a casa, mas tamb\u00e9m uma excelente recorda\u00e7\u00e3o da cultura e da arquitetura catal\u00e3s, muito apreciado pelos turistas que desejam levar um pedacinho de Barcelona. Na Ol\u00e9 Mosaic, como grossista de souvenirs, oferecemos produtos aut\u00eanticos que refletem a riqueza cultural de Espanha. Este \u00edman \u00e9 uma alternativa perfeita para lojas de presentes tur\u00edsticos que procuram souvenirs originais e de qualidade que representem a beleza e o legado de Barcelona.<\/p>\n","protected":false},"excerpt":{"rendered":"<p>\u00cdman com uma vibrante panor\u00e2mica de Barcelona que captura a ess\u00eancia dos seus monumentos mais emblem\u00e1ticos. Este encantador \u00edman mostra a Sagrada Fam\u00edlia e o Parque G\u00fcell, rodeados de coloridos mosaicos que evocam o estilo de Gaud\u00ed. A inclus\u00e3o do sol radiante na parte superior real\u00e7a o calor da cidade, enquanto o nome &#8220;Barcelona&#8221; em letras coloridas acrescenta um toque moderno e atraente. Ideal para levar uma recorda\u00e7\u00e3o da capital catal\u00e3.<\/p>\n","protected":false},"featured_media":14043,"template":"","meta":{"_acf_changed":false},"product_brand":[],"product_cat":[699],"product_tag":[],"class_list":{"0":"post-37455","1":"product","2":"type-product","3":"status-publish","4":"has-post-thumbnail","6":"product_cat-imanes","7":"pa_ciudad-barcelona","8":"pa_motivo-panoramas","9":"pa_pais-espana","11":"first","12":"instock","13":"shipping-taxable","14":"product-type-simple"},"acf":[],"_links":{"self":[{"href":"https:\/\/olemosaic.com\/pt-pt\/wp-json\/wp\/v2\/product\/37455","targetHints":{"allow":["GET"]}}],"collection":[{"href":"https:\/\/olemosaic.com\/pt-pt\/wp-json\/wp\/v2\/product"}],"about":[{"href":"https:\/\/olemosaic.com\/pt-pt\/wp-json\/wp\/v2\/types\/product"}],"wp:featuredmedia":[{"embeddable":true,"href":"https:\/\/olemosaic.com\/pt-pt\/wp-json\/wp\/v2\/media\/14043"}],"wp:attachment":[{"href":"https:\/\/olemosaic.com\/pt-pt\/wp-json\/wp\/v2\/media?parent=37455"}],"wp:term":[{"taxonomy":"product_brand","embeddable":true,"href":"https:\/\/olemosaic.com\/pt-pt\/wp-json\/wp\/v2\/product_brand?post=37455"},{"taxonomy":"product_cat","embeddable":true,"href":"https:\/\/olemosaic.com\/pt-pt\/wp-json\/wp\/v2\/product_cat?post=37455"},{"taxonomy":"product_tag","embeddable":true,"href":"https:\/\/olemosaic.com\/pt-pt\/wp-json\/wp\/v2\/product_tag?post=37455"}],"curies":[{"name":"wp","href":"https:\/\/api.w.org\/{rel}","templated":true}]}}