{"id":37454,"date":"2025-02-20T23:37:57","date_gmt":"2025-02-20T22:37:57","guid":{"rendered":"http:\/\/olemosaic.com\/producto\/iman-de-resina-panoramica-valencia\/"},"modified":"2025-07-25T20:39:32","modified_gmt":"2025-07-25T18:39:32","slug":"iman-de-resina-panoramica-valencia-pt-pt","status":"publish","type":"product","link":"https:\/\/olemosaic.com\/pt-pt\/produto\/iman-de-resina-panoramica-valencia-pt-pt\/","title":{"rendered":"\u00cdman de resina. Panor\u00e2mica. Val\u00eancia."},"content":{"rendered":"<p>Este \u00edman de resina, com a sua colorida panor\u00e2mica de Val\u00eancia, \u00e9 um aut\u00eantico tesouro que captura a ess\u00eancia desta vibrante cidade mediterr\u00e2nica. Concebido para ser uma recorda\u00e7\u00e3o inesquec\u00edvel, apresenta uma representa\u00e7\u00e3o art\u00edstica que destaca dois dos edif\u00edcios mais emblem\u00e1ticos de Val\u00eancia: a majestosa Lota da Seda, com as suas intrincadas g\u00e1rgulas e torres, e a futurista Cidade das Artes e das Ci\u00eancias, mundialmente reconhecida pela sua arquitetura \u00fanica e contempor\u00e2nea. O sol brilhante que ilumina a cena simboliza o clima quente da regi\u00e3o, enquanto a sumarenta laranja, outro \u00edcone valenciano, sublinha a riqueza agr\u00edcola desta terra.<\/p>\n<p>Com cores vibrantes e um acabamento meticulosamente detalhado, este \u00edman n\u00e3o \u00e9 apenas um objeto decorativo, mas um aut\u00eantico representante cultural que recorda ao visitante os momentos vividos num dos destinos mais belos de Espanha. O seu design panor\u00e2mico permite desfrutar da beleza de Val\u00eancia em qualquer lugar, tornando-o um souvenir ideal para quem deseja levar um peda\u00e7o da cultura local. Na Ol\u00e9 Mosaic, como distribuidores de souvenirs por grosso, oferecemos este \u00edman de resina como uma excelente op\u00e7\u00e3o para lojas de presentes tur\u00edsticos que procurem artigos aut\u00eanticos e representativos de Val\u00eancia. Perfeito para quem procura souvenirs de qualidade que contem uma hist\u00f3ria cultural.<\/p>\n","protected":false},"excerpt":{"rendered":"<p>\u00cdman com uma colorida panor\u00e2mica de Val\u00eancia que destaca os edif\u00edcios mais emblem\u00e1ticos da cidade. Este design apresenta uma representa\u00e7\u00e3o art\u00edstica da Lota da Seda e da Cidade das Artes e das Ci\u00eancias, complementada com um sol radiante e uma laranja, s\u00edmbolos da riqueza cultural e paisag\u00edstica da regi\u00e3o. Com cores vibrantes e um acabamento detalhado, \u00e9 o souvenir perfeito para recordar a sua visita.<\/p>\n","protected":false},"featured_media":14042,"template":"","meta":{"_acf_changed":false},"product_brand":[],"product_cat":[699],"product_tag":[],"class_list":{"0":"post-37454","1":"product","2":"type-product","3":"status-publish","4":"has-post-thumbnail","6":"product_cat-imanes","7":"pa_ciudad-valencia","8":"pa_motivo-panoramas","9":"pa_pais-espana","11":"first","12":"instock","13":"shipping-taxable","14":"product-type-simple"},"acf":[],"_links":{"self":[{"href":"https:\/\/olemosaic.com\/pt-pt\/wp-json\/wp\/v2\/product\/37454","targetHints":{"allow":["GET"]}}],"collection":[{"href":"https:\/\/olemosaic.com\/pt-pt\/wp-json\/wp\/v2\/product"}],"about":[{"href":"https:\/\/olemosaic.com\/pt-pt\/wp-json\/wp\/v2\/types\/product"}],"wp:featuredmedia":[{"embeddable":true,"href":"https:\/\/olemosaic.com\/pt-pt\/wp-json\/wp\/v2\/media\/14042"}],"wp:attachment":[{"href":"https:\/\/olemosaic.com\/pt-pt\/wp-json\/wp\/v2\/media?parent=37454"}],"wp:term":[{"taxonomy":"product_brand","embeddable":true,"href":"https:\/\/olemosaic.com\/pt-pt\/wp-json\/wp\/v2\/product_brand?post=37454"},{"taxonomy":"product_cat","embeddable":true,"href":"https:\/\/olemosaic.com\/pt-pt\/wp-json\/wp\/v2\/product_cat?post=37454"},{"taxonomy":"product_tag","embeddable":true,"href":"https:\/\/olemosaic.com\/pt-pt\/wp-json\/wp\/v2\/product_tag?post=37454"}],"curies":[{"name":"wp","href":"https:\/\/api.w.org\/{rel}","templated":true}]}}