{"id":37452,"date":"2025-02-20T23:37:57","date_gmt":"2025-02-20T22:37:57","guid":{"rendered":"http:\/\/olemosaic.com\/producto\/iman-de-resina-panoramica-madrid-75-cm\/"},"modified":"2025-07-26T00:07:00","modified_gmt":"2025-07-25T22:07:00","slug":"iman-de-resina-panoramica-madrid-7-5-cm","status":"publish","type":"product","link":"https:\/\/olemosaic.com\/pt-pt\/produto\/iman-de-resina-panoramica-madrid-7-5-cm\/","title":{"rendered":"\u00cdman de resina. Panor\u00e2mica. Madrid. 7,5 cm."},"content":{"rendered":"<p>Este \u00edman de resina, com uma colorida panor\u00e2mica de Madrid, \u00e9 uma recorda\u00e7\u00e3o vibrante que encapsula a ess\u00eancia da capital espanhola num design de 7,5 cm. Com um estilo de mosaico, este \u00edman apresenta uma explos\u00e3o de cores brilhantes: azuis, vermelhos, amarelos e verdes, que real\u00e7am as imagens mais ic\u00f3nicas da cidade, como a emblem\u00e1tica fonte de Cibeles. Cada detalhe est\u00e1 meticulosamente representado, mostrando a majestosidade do monumento e a sua envolvente, representativos da rica hist\u00f3ria e cultura madrilena.<\/p>\n<p>Ideal para decorar qualquer superf\u00edcie met\u00e1lica, este \u00edman n\u00e3o \u00e9 apenas um adorno atraente, mas tamb\u00e9m uma recorda\u00e7\u00e3o constante da arquitetura e da arte de Madrid. Como souvenir, \u00e9 perfeito para os turistas que procuram levar um peda\u00e7o da cidade, e para aqueles que desejam recordar momentos especiais vividos nas suas ruas. Este \u00edman \u00e9 mais do que uma simples recorda\u00e7\u00e3o; \u00e9 um s\u00edmbolo da vitalidade e do car\u00e1cter de Madrid.<\/p>\n<p>Na Ol\u00e9 Mosaic, como distribuidores de souvenirs por grosso, oferecemos produtos aut\u00eanticos que celebram a cultura espanhola. Este \u00edman de Madrid \u00e9 uma excelente op\u00e7\u00e3o para lojas de presentes tur\u00edsticos, destacando-se pela sua qualidade, originalidade e liga\u00e7\u00e3o cultural. Sem d\u00favida, \u00e9 um elemento essencial para quem procura souvenirs de Madrid.<\/p>\n","protected":false},"excerpt":{"rendered":"<p>\u00cdman com uma colorida panor\u00e2mica de Madrid, que captura a ess\u00eancia da cidade num design vibrante de 7,5 cm. Este \u00edman apresenta motivos ic\u00f3nicos, como a fonte de Cibeles, elaborados com um estilo de mosaico que real\u00e7a tonalidades brilhantes de azul, vermelho, amarelo e verde. Ideal para decorar qualquer superf\u00edcie met\u00e1lica, este souvenir \u00e9 perfeito para os amantes da capital espanhola e da sua rica arquitetura.<\/p>\n","protected":false},"featured_media":14040,"template":"","meta":{"_acf_changed":false},"product_brand":[],"product_cat":[699],"product_tag":[],"class_list":{"0":"post-37452","1":"product","2":"type-product","3":"status-publish","4":"has-post-thumbnail","6":"product_cat-imanes","7":"pa_ciudad-madrid","8":"pa_motivo-panoramas","9":"pa_pais-espana","11":"first","12":"instock","13":"shipping-taxable","14":"product-type-simple"},"acf":[],"_links":{"self":[{"href":"https:\/\/olemosaic.com\/pt-pt\/wp-json\/wp\/v2\/product\/37452","targetHints":{"allow":["GET"]}}],"collection":[{"href":"https:\/\/olemosaic.com\/pt-pt\/wp-json\/wp\/v2\/product"}],"about":[{"href":"https:\/\/olemosaic.com\/pt-pt\/wp-json\/wp\/v2\/types\/product"}],"wp:featuredmedia":[{"embeddable":true,"href":"https:\/\/olemosaic.com\/pt-pt\/wp-json\/wp\/v2\/media\/14040"}],"wp:attachment":[{"href":"https:\/\/olemosaic.com\/pt-pt\/wp-json\/wp\/v2\/media?parent=37452"}],"wp:term":[{"taxonomy":"product_brand","embeddable":true,"href":"https:\/\/olemosaic.com\/pt-pt\/wp-json\/wp\/v2\/product_brand?post=37452"},{"taxonomy":"product_cat","embeddable":true,"href":"https:\/\/olemosaic.com\/pt-pt\/wp-json\/wp\/v2\/product_cat?post=37452"},{"taxonomy":"product_tag","embeddable":true,"href":"https:\/\/olemosaic.com\/pt-pt\/wp-json\/wp\/v2\/product_tag?post=37452"}],"curies":[{"name":"wp","href":"https:\/\/api.w.org\/{rel}","templated":true}]}}