{"id":37451,"date":"2025-02-20T23:37:57","date_gmt":"2025-02-20T22:37:57","guid":{"rendered":"http:\/\/olemosaic.com\/producto\/iman-de-resina-panoramica-bilbao-75-cm\/"},"modified":"2025-07-25T19:56:51","modified_gmt":"2025-07-25T17:56:51","slug":"iman-de-resina-panoramica-bilbau-75-cm","status":"publish","type":"product","link":"https:\/\/olemosaic.com\/pt-pt\/produto\/iman-de-resina-panoramica-bilbau-75-cm\/","title":{"rendered":"\u00cdman de resina. Panor\u00e2mica. Bilbau. 7,5 cm."},"content":{"rendered":"<p>\u00cdman de resina com panor\u00e2mica colorida de Bilbau. Este atraente \u00edman de 7,5 cm apresenta uma ilustra\u00e7\u00e3o vibrante que capta a ess\u00eancia de Bilbau num design estilizado de mosaico, destacando os monumentos mais emblem\u00e1ticos da cidade. No centro, o ic\u00f3nico Museu Guggenheim ergue-se com a sua forma ondulante distintiva e a sua fachada moderna, que reflete a inova\u00e7\u00e3o arquitet\u00f3nica da urbe. Ao seu lado, a famosa Ponte Colgante (Ponte de Biscaia), Patrim\u00f3nio da Humanidade, liga as margens da ria, mostrando a rica hist\u00f3ria de engenharia da zona. A colorida arquitetura do centro hist\u00f3rico est\u00e1 inclu\u00edda, inconfundivelmente, com detalhes que evocam o car\u00e1ter hist\u00f3rico e cultural da cidade.<\/p>\n<p>Os tons brilhantes de azul, amarelo e vermelho que decoram o \u00edman n\u00e3o s\u00f3 atraem o olhar, como tamb\u00e9m evocam a vida vibrante das ruas de Bilbau. O texto &#8220;BILBAO&#8221;, na parte superior, real\u00e7a este design cativante, tornando-o um aut\u00eantico souvenir que representa a diversidade cultural e art\u00edstica da regi\u00e3o basca. Este \u00edman \u00e9 uma excelente op\u00e7\u00e3o para os turistas que procuram levar um peda\u00e7o de Bilbau, tornando-se uma recorda\u00e7\u00e3o representativa e encantadora. Na Ol\u00e9 Mosaic, especializamo-nos na distribui\u00e7\u00e3o de souvenirs por grosso, oferecendo artigos aut\u00eanticos e de qualidade que real\u00e7am a riqueza do patrim\u00f3nio cultural espanhol.<\/p>\n","protected":false},"excerpt":{"rendered":"<p>\u00cdman com uma colorida panor\u00e2mica de Bilbau, de 7,5 cm. Esta pe\u00e7a decorativa apresenta uma ilustra\u00e7\u00e3o vibrante do ic\u00f3nico Museu Guggenheim, da famosa Ponte Colgante e da arquitetura do centro hist\u00f3rico, tudo num design de mosaico estilizado que se destaca pelos seus tons brilhantes de azul, amarelo e vermelho. A palavra &#8220;BILBAO&#8221; coroa a imagem, complementando esta representa\u00e7\u00e3o art\u00edstica e cultural da cidade basca.<\/p>\n","protected":false},"featured_media":14039,"template":"","meta":{"_acf_changed":false},"product_brand":[],"product_cat":[699],"product_tag":[],"class_list":{"0":"post-37451","1":"product","2":"type-product","3":"status-publish","4":"has-post-thumbnail","6":"product_cat-imanes","7":"pa_ciudad-bilbao","8":"pa_motivo-panoramas","9":"pa_pais-espana","11":"first","12":"instock","13":"shipping-taxable","14":"product-type-simple"},"acf":[],"_links":{"self":[{"href":"https:\/\/olemosaic.com\/pt-pt\/wp-json\/wp\/v2\/product\/37451","targetHints":{"allow":["GET"]}}],"collection":[{"href":"https:\/\/olemosaic.com\/pt-pt\/wp-json\/wp\/v2\/product"}],"about":[{"href":"https:\/\/olemosaic.com\/pt-pt\/wp-json\/wp\/v2\/types\/product"}],"wp:featuredmedia":[{"embeddable":true,"href":"https:\/\/olemosaic.com\/pt-pt\/wp-json\/wp\/v2\/media\/14039"}],"wp:attachment":[{"href":"https:\/\/olemosaic.com\/pt-pt\/wp-json\/wp\/v2\/media?parent=37451"}],"wp:term":[{"taxonomy":"product_brand","embeddable":true,"href":"https:\/\/olemosaic.com\/pt-pt\/wp-json\/wp\/v2\/product_brand?post=37451"},{"taxonomy":"product_cat","embeddable":true,"href":"https:\/\/olemosaic.com\/pt-pt\/wp-json\/wp\/v2\/product_cat?post=37451"},{"taxonomy":"product_tag","embeddable":true,"href":"https:\/\/olemosaic.com\/pt-pt\/wp-json\/wp\/v2\/product_tag?post=37451"}],"curies":[{"name":"wp","href":"https:\/\/api.w.org\/{rel}","templated":true}]}}