{"id":37450,"date":"2025-02-20T23:37:57","date_gmt":"2025-02-20T22:37:57","guid":{"rendered":"http:\/\/olemosaic.com\/producto\/iman-de-resina-panoramica-barcelona-12\/"},"modified":"2025-07-25T18:51:51","modified_gmt":"2025-07-25T16:51:51","slug":"iman-de-resina-panoramica-barcelona-12-pt-pt","status":"publish","type":"product","link":"https:\/\/olemosaic.com\/pt-pt\/produto\/iman-de-resina-panoramica-barcelona-12-pt-pt\/","title":{"rendered":"\u00cdman de resina. Panor\u00e2mica. Motivo floral. Barcelona."},"content":{"rendered":"<p>\u00cdman de resina panor\u00e2mico de Barcelona. Este vibrante \u00edman capta a ess\u00eancia da capital catal\u00e3 atrav\u00e9s de uma ilustra\u00e7\u00e3o colorida que destaca alguns dos seus monumentos mais emblem\u00e1ticos, como a imponente Sagrada Fam\u00edlia e a moderna Casa Batll\u00f3. O design \u00e9 rodeado por um exuberante fundo floral, cheio de cores vivas que refletem a alegria e vitalidade da cidade. Em primeiro plano, a palavra &#8220;Barcelona&#8221; apresenta-se em letras grandes e aleg\u00f3ricas, com um acabamento que emula a t\u00e9cnica do trencad\u00eds, caracter\u00edstico do modernismo catal\u00e3o, o que adiciona um toque de autenticidade e beleza.<\/p>\n<p>Este \u00edman de resina n\u00e3o \u00e9 apenas um acess\u00f3rio decorativo, mas tamb\u00e9m uma recorda\u00e7\u00e3o significativa que evocar\u00e1 a mem\u00f3ria de uma visita a esta cidade m\u00e1gica. Barcelona, conhecida pela sua rica arquitetura e pela sua cultura vibrante, torna-se parte da sua casa com este elegante souvenir. Al\u00e9m disso, \u00e9 um produto ideal para lojas de recorda\u00e7\u00f5es tur\u00edsticas que procuram oferecer aos seus clientes algo representativo e de qualidade.<\/p>\n<p>Na Ol\u00e9 Mosaic, somos distribuidores de souvenirs por grosso, garantindo aut\u00eanticos \u00edmanes de Barcelona que captam a ess\u00eancia cultural da cidade. Este \u00edman panor\u00e2mico \u00e9 uma excelente op\u00e7\u00e3o para os turistas que procuram recorda\u00e7\u00f5es que reflitam a sua experi\u00eancia em Barcelona, tornando-o uma lembran\u00e7a inesquec\u00edvel da sua visita a esta fascinante cidade.<\/p>\n","protected":false},"excerpt":{"rendered":"<p>\u00cdman com uma colorida panor\u00e2mica de Barcelona que capta a ess\u00eancia da cidade. Este \u00edman apresenta monumentos emblem\u00e1ticos como a Sagrada Fam\u00edlia e a Casa Batll\u00f3, rodeados de flores vibrantes e um fundo cheio de cor. A palavra &#8220;Barcelona&#8221; \u00e9 representada em letras grandes e aleg\u00f3ricas, desenhadas com um acabamento que emula o trencad\u00eds, caracter\u00edstico do modernismo catal\u00e3o. Um acess\u00f3rio ideal para recordar a sua visita a esta cidade m\u00e1gica.<\/p>\n","protected":false},"featured_media":14038,"template":"","meta":{"_acf_changed":false},"product_brand":[],"product_cat":[699],"product_tag":[],"class_list":{"0":"post-37450","1":"product","2":"type-product","3":"status-publish","4":"has-post-thumbnail","6":"product_cat-imanes","7":"pa_ciudad-barcelona","8":"pa_motivo-panoramas","9":"pa_pais-espana","11":"first","12":"instock","13":"shipping-taxable","14":"product-type-simple"},"acf":[],"_links":{"self":[{"href":"https:\/\/olemosaic.com\/pt-pt\/wp-json\/wp\/v2\/product\/37450","targetHints":{"allow":["GET"]}}],"collection":[{"href":"https:\/\/olemosaic.com\/pt-pt\/wp-json\/wp\/v2\/product"}],"about":[{"href":"https:\/\/olemosaic.com\/pt-pt\/wp-json\/wp\/v2\/types\/product"}],"wp:featuredmedia":[{"embeddable":true,"href":"https:\/\/olemosaic.com\/pt-pt\/wp-json\/wp\/v2\/media\/14038"}],"wp:attachment":[{"href":"https:\/\/olemosaic.com\/pt-pt\/wp-json\/wp\/v2\/media?parent=37450"}],"wp:term":[{"taxonomy":"product_brand","embeddable":true,"href":"https:\/\/olemosaic.com\/pt-pt\/wp-json\/wp\/v2\/product_brand?post=37450"},{"taxonomy":"product_cat","embeddable":true,"href":"https:\/\/olemosaic.com\/pt-pt\/wp-json\/wp\/v2\/product_cat?post=37450"},{"taxonomy":"product_tag","embeddable":true,"href":"https:\/\/olemosaic.com\/pt-pt\/wp-json\/wp\/v2\/product_tag?post=37450"}],"curies":[{"name":"wp","href":"https:\/\/api.w.org\/{rel}","templated":true}]}}