{"id":37449,"date":"2025-02-20T23:37:56","date_gmt":"2025-02-20T22:37:56","guid":{"rendered":"http:\/\/olemosaic.com\/producto\/iman-de-resina-panoramica-barcelona-11\/"},"modified":"2025-07-25T20:38:59","modified_gmt":"2025-07-25T18:38:59","slug":"iman-de-resina-panoramica-barcelona-11-pt-pt","status":"publish","type":"product","link":"https:\/\/olemosaic.com\/pt-pt\/produto\/iman-de-resina-panoramica-barcelona-11-pt-pt\/","title":{"rendered":"\u00cdman de resina. Panor\u00e2mica. Torre Gl\u00f2ries. Barcelona."},"content":{"rendered":"<p>Este \u00edman de resina oferece uma vibrante panor\u00e2mica de Barcelona, captando a ess\u00eancia desta emblem\u00e1tica cidade num design moderno e colorido. Com uma representa\u00e7\u00e3o art\u00edstica de monumentos ic\u00f3nicos como a Sagrada Fam\u00edlia, o Park G\u00fcell e a distintiva Torre Gl\u00f2ries, este \u00edman torna-se uma recorda\u00e7\u00e3o excecional da cultura catal\u00e3. Cada detalhe \u00e9 meticulosamente desenhado numa explos\u00e3o de cores que evocam o car\u00e1ter do modernismo arquitet\u00f3nico da cidade, real\u00e7ando as suas formas e texturas \u00fanicas.<\/p>\n<p>A Sagrada Fam\u00edlia, com as suas torres pontiagudas, ergue-se majestosamente ao lado das formas onduladas do Park G\u00fcell, onde os mosaicos de Gaud\u00ed ganham vida nesta pe\u00e7a de artesanato. O contraste da estrutura da Torre Gl\u00f2ries adiciona um toque contempor\u00e2neo ao conjunto, simbolizando a modernidade que coexiste com a tradi\u00e7\u00e3o em Barcelona. Este \u00edman n\u00e3o \u00e9 apenas funcional, mas tamb\u00e9m uma elegante pe\u00e7a decorativa que o transporta para a ess\u00eancia da cidade cada vez que olha para ele.<\/p>\n<p>A Ol\u00e9 Mosaic especializa-se em oferecer souvenirs aut\u00eanticos e representativos, e este \u00edman de Barcelona \u00e9 uma op\u00e7\u00e3o ideal para lojas de recorda\u00e7\u00f5es tur\u00edsticas. Adicionar este \u00edman \u00e0 sua cole\u00e7\u00e3o de recorda\u00e7\u00f5es \u00e9 uma excelente forma de evocar momentos especiais na cidade ou de oferecer um peda\u00e7o de Barcelona aos seus entes queridos. Como grossistas de souvenirs, garantimos um produto de qualidade que celebra a rica cultura de Espanha.<\/p>\n","protected":false},"excerpt":{"rendered":"<p>\u00cdman com uma colorida panor\u00e2mica de Barcelona que capta a ess\u00eancia da cidade atrav\u00e9s de um design vibrante e em mosaico. Este atraente \u00edman apresenta monumentos ic\u00f3nicos como a Sagrada Fam\u00edlia e o Park G\u00fcell, combinados com a inconfund\u00edvel Torre Gl\u00f2ries, tudo numa explos\u00e3o de cores que evocam o modernismo catal\u00e3o. Perfeito para recordar a sua visita a Barcelona ou como presente para os amantes desta emblem\u00e1tica cidade.<\/p>\n","protected":false},"featured_media":14037,"template":"","meta":{"_acf_changed":false},"product_brand":[],"product_cat":[699],"product_tag":[],"class_list":{"0":"post-37449","1":"product","2":"type-product","3":"status-publish","4":"has-post-thumbnail","6":"product_cat-imanes","7":"pa_ciudad-barcelona","8":"pa_motivo-panoramas","9":"pa_pais-espana","11":"first","12":"instock","13":"shipping-taxable","14":"product-type-simple"},"acf":[],"_links":{"self":[{"href":"https:\/\/olemosaic.com\/pt-pt\/wp-json\/wp\/v2\/product\/37449","targetHints":{"allow":["GET"]}}],"collection":[{"href":"https:\/\/olemosaic.com\/pt-pt\/wp-json\/wp\/v2\/product"}],"about":[{"href":"https:\/\/olemosaic.com\/pt-pt\/wp-json\/wp\/v2\/types\/product"}],"wp:featuredmedia":[{"embeddable":true,"href":"https:\/\/olemosaic.com\/pt-pt\/wp-json\/wp\/v2\/media\/14037"}],"wp:attachment":[{"href":"https:\/\/olemosaic.com\/pt-pt\/wp-json\/wp\/v2\/media?parent=37449"}],"wp:term":[{"taxonomy":"product_brand","embeddable":true,"href":"https:\/\/olemosaic.com\/pt-pt\/wp-json\/wp\/v2\/product_brand?post=37449"},{"taxonomy":"product_cat","embeddable":true,"href":"https:\/\/olemosaic.com\/pt-pt\/wp-json\/wp\/v2\/product_cat?post=37449"},{"taxonomy":"product_tag","embeddable":true,"href":"https:\/\/olemosaic.com\/pt-pt\/wp-json\/wp\/v2\/product_tag?post=37449"}],"curies":[{"name":"wp","href":"https:\/\/api.w.org\/{rel}","templated":true}]}}