{"id":37448,"date":"2025-02-20T23:37:56","date_gmt":"2025-02-20T22:37:56","guid":{"rendered":"http:\/\/olemosaic.com\/producto\/iman-de-resina-panoramica-barcelona-10\/"},"modified":"2025-07-25T18:59:28","modified_gmt":"2025-07-25T16:59:28","slug":"iman-de-resina-panoramica-barcelona-10-pt-pt","status":"publish","type":"product","link":"https:\/\/olemosaic.com\/pt-pt\/produto\/iman-de-resina-panoramica-barcelona-10-pt-pt\/","title":{"rendered":"\u00cdman de resina. Panor\u00e2mica. Arquitetura de Gaud\u00ed. Barcelona."},"content":{"rendered":"<p>Este \u00edman de resina de Barcelona \u00e9 uma recorda\u00e7\u00e3o vibrante que capta a ess\u00eancia da cidade condal com uma colorida panor\u00e2mica dos seus monumentos mais emblem\u00e1ticos. Desenhado com um estilo moderno e apelativo, o \u00edman apresenta a majestosa Sagrada Fam\u00edlia, o ic\u00f3nico Parque G\u00fcell e outros \u00edcones arquitet\u00f3nicos que evocam a riqueza cultural e art\u00edstica de Barcelona. A representa\u00e7\u00e3o da Sagrada Fam\u00edlia, com as suas intrincadas torres em tons alaranjados, \u00e9 complementada pelos coloridos mosaicos do Parque G\u00fcell, que adicionam um toque de alegria e dinamismo. Cada detalhe \u00e9 plasmado com uma paleta de cores vivas que se destaca sob um sol radiante, garantindo que este souvenir se torne o centro das aten\u00e7\u00f5es em qualquer superf\u00edcie met\u00e1lica.<\/p>\n<p>Com a palavra &#8220;Barcelona&#8221; em destaque em letras coloridas, este \u00edman n\u00e3o \u00e9 apenas um artigo decorativo, mas tamb\u00e9m um s\u00edmbolo das mem\u00f3rias vividas numa das cidades mais vibrantes de Espanha. Ideal para turistas que procuram souvenirs aut\u00eanticos que representem as suas viagens, este \u00edman de resina \u00e9 uma excelente op\u00e7\u00e3o para lojas de recorda\u00e7\u00f5es tur\u00edsticas. Na Ol\u00e9 Mosaic, como grossistas de souvenirs, oferecemos produtos que n\u00e3o s\u00f3 recordam uma viagem, mas que tamb\u00e9m celebram o patrim\u00f3nio e a cultura de cada destino.<\/p>\n","protected":false},"excerpt":{"rendered":"<p>\u00cdman com uma colorida panor\u00e2mica de Barcelona, que capta a ess\u00eancia dos seus monumentos mais emblem\u00e1ticos. Este atraente \u00edman mostra a Sagrada Fam\u00edlia, o Park G\u00fcell e outros \u00edcones arquitet\u00f3nicos, todos desenhados com um estilo vibrante e moderno. As cores vivas destacam-se sob um sol radiante, enquanto a palavra &#8220;Barcelona&#8221; \u00e9 exibida em letras chamativas, tornando este souvenir uma recorda\u00e7\u00e3o perfeita da Cidade Condal. Ideal para adornar qualquer superf\u00edcie met\u00e1lica e recordar a magia de Barcelona.<\/p>\n","protected":false},"featured_media":14036,"template":"","meta":{"_acf_changed":false},"product_brand":[],"product_cat":[699],"product_tag":[],"class_list":{"0":"post-37448","1":"product","2":"type-product","3":"status-publish","4":"has-post-thumbnail","6":"product_cat-imanes","7":"pa_ciudad-barcelona","8":"pa_motivo-panoramas","9":"pa_pais-espana","11":"first","12":"instock","13":"shipping-taxable","14":"product-type-simple"},"acf":[],"_links":{"self":[{"href":"https:\/\/olemosaic.com\/pt-pt\/wp-json\/wp\/v2\/product\/37448","targetHints":{"allow":["GET"]}}],"collection":[{"href":"https:\/\/olemosaic.com\/pt-pt\/wp-json\/wp\/v2\/product"}],"about":[{"href":"https:\/\/olemosaic.com\/pt-pt\/wp-json\/wp\/v2\/types\/product"}],"wp:featuredmedia":[{"embeddable":true,"href":"https:\/\/olemosaic.com\/pt-pt\/wp-json\/wp\/v2\/media\/14036"}],"wp:attachment":[{"href":"https:\/\/olemosaic.com\/pt-pt\/wp-json\/wp\/v2\/media?parent=37448"}],"wp:term":[{"taxonomy":"product_brand","embeddable":true,"href":"https:\/\/olemosaic.com\/pt-pt\/wp-json\/wp\/v2\/product_brand?post=37448"},{"taxonomy":"product_cat","embeddable":true,"href":"https:\/\/olemosaic.com\/pt-pt\/wp-json\/wp\/v2\/product_cat?post=37448"},{"taxonomy":"product_tag","embeddable":true,"href":"https:\/\/olemosaic.com\/pt-pt\/wp-json\/wp\/v2\/product_tag?post=37448"}],"curies":[{"name":"wp","href":"https:\/\/api.w.org\/{rel}","templated":true}]}}