{"id":37446,"date":"2025-02-20T23:37:56","date_gmt":"2025-02-20T22:37:56","guid":{"rendered":"http:\/\/olemosaic.com\/producto\/iman-de-resina-panoramica-mijas\/"},"modified":"2025-07-25T19:33:39","modified_gmt":"2025-07-25T17:33:39","slug":"iman-de-resina-panoramica-mijas-pt-pt","status":"publish","type":"product","link":"https:\/\/olemosaic.com\/pt-pt\/produto\/iman-de-resina-panoramica-mijas-pt-pt\/","title":{"rendered":"\u00cdman de resina. Panor\u00e2mica. Mijas."},"content":{"rendered":"<p>Este \u00edman de resina oferece uma vibrante panor\u00e2mica de Mijas, uma aldeia andaluza com encanto que capta a ess\u00eancia do Mediterr\u00e2neo. Com uma aten\u00e7\u00e3o cuidada ao detalhe, esta pe\u00e7a ilustrativa apresenta motivos emblem\u00e1ticos, como a famosa pra\u00e7a de touros, a burra adornada e a igreja local, tudo isto emoldurado por uma paisagem montanhosa que real\u00e7a a beleza natural da regi\u00e3o. A cena \u00e9 embelezada com elementos arquitet\u00f3nicos coloridos e um sol radiante que adiciona alegria e calor ao design. O texto \u00abMijas\u00bb \u00e9 exibido em cores vivas, complementando as ilustra\u00e7\u00f5es e tornando este \u00edman uma recorda\u00e7\u00e3o alegre e vibrante do destino.<\/p>\n<p>Este \u00edman n\u00e3o \u00e9 apenas uma decora\u00e7\u00e3o funcional para a casa, mas tamb\u00e9m um aut\u00eantico souvenir que representa a rica cultura andaluza. O seu design capta o esp\u00edrito de Mijas, sendo por isso uma excelente op\u00e7\u00e3o para turistas que desejam levar um peda\u00e7o da Andaluzia. Na Ol\u00e9 Mosaic, especializamo-nos na distribui\u00e7\u00e3o de souvenirs por grosso, e este \u00edman de Mijas \u00e9 uma adi\u00e7\u00e3o perfeita para lojas de presentes tur\u00edsticos que procurem produtos de qualidade com significado cultural. Sem d\u00favida, \u00e9 uma op\u00e7\u00e3o ideal para quem procura souvenirs de Mijas ou de outros locais encantadores da Costa del Sol.<\/p>\n","protected":false},"excerpt":{"rendered":"<p>\u00cdman com uma atraente panor\u00e2mica de Mijas, uma pitoresca aldeia andaluza. Este \u00edman apresenta ilustra\u00e7\u00f5es detalhadas da pra\u00e7a de touros, uma burra adornada e a igreja, tudo rodeado de coloridos elementos arquitet\u00f3nicos e uma paisagem montanhosa. Com um sol radiante que acompanha o design, o texto \u00abMijas\u00bb \u00e9 exibido em cores vivas, adicionando um toque alegre e vibrante. Ideal para recordar a ess\u00eancia deste encantador destino da Costa del Sol.<\/p>\n","protected":false},"featured_media":14034,"template":"","meta":{"_acf_changed":false},"product_brand":[],"product_cat":[699],"product_tag":[],"class_list":{"0":"post-37446","1":"product","2":"type-product","3":"status-publish","4":"has-post-thumbnail","6":"product_cat-imanes","7":"pa_ciudad-mijas","8":"pa_motivo-panoramas","9":"pa_pais-espana","11":"first","12":"instock","13":"shipping-taxable","14":"product-type-simple"},"acf":[],"_links":{"self":[{"href":"https:\/\/olemosaic.com\/pt-pt\/wp-json\/wp\/v2\/product\/37446","targetHints":{"allow":["GET"]}}],"collection":[{"href":"https:\/\/olemosaic.com\/pt-pt\/wp-json\/wp\/v2\/product"}],"about":[{"href":"https:\/\/olemosaic.com\/pt-pt\/wp-json\/wp\/v2\/types\/product"}],"wp:featuredmedia":[{"embeddable":true,"href":"https:\/\/olemosaic.com\/pt-pt\/wp-json\/wp\/v2\/media\/14034"}],"wp:attachment":[{"href":"https:\/\/olemosaic.com\/pt-pt\/wp-json\/wp\/v2\/media?parent=37446"}],"wp:term":[{"taxonomy":"product_brand","embeddable":true,"href":"https:\/\/olemosaic.com\/pt-pt\/wp-json\/wp\/v2\/product_brand?post=37446"},{"taxonomy":"product_cat","embeddable":true,"href":"https:\/\/olemosaic.com\/pt-pt\/wp-json\/wp\/v2\/product_cat?post=37446"},{"taxonomy":"product_tag","embeddable":true,"href":"https:\/\/olemosaic.com\/pt-pt\/wp-json\/wp\/v2\/product_tag?post=37446"}],"curies":[{"name":"wp","href":"https:\/\/api.w.org\/{rel}","templated":true}]}}