{"id":37444,"date":"2025-02-20T23:37:56","date_gmt":"2025-02-20T22:37:56","guid":{"rendered":"http:\/\/olemosaic.com\/producto\/iman-de-resina-letrero-barcelona-3\/"},"modified":"2025-07-25T20:13:32","modified_gmt":"2025-07-25T18:13:32","slug":"iman-de-resina-letreiro-barcelon-lagartixa","status":"publish","type":"product","link":"https:\/\/olemosaic.com\/pt-pt\/produto\/iman-de-resina-letreiro-barcelon-lagartixa\/","title":{"rendered":"\u00cdman de resina. Letreiro. Barcelona. Lagartixa."},"content":{"rendered":"<p>Este \u00edman de resina com o letreiro &#8220;Barcelona&#8221; \u00e9 uma vibrante homenagem \u00e0 ess\u00eancia art\u00edstica da cidade condal. Com dimens\u00f5es compactas, este atraente souvenir apresenta letras coloridas que evocam a obra-prima do famoso trencad\u00eds de Gaud\u00ed, conhecido pelo seu uso de pe\u00e7as de cer\u00e2mica e mosaicos em cores intensas e alegres. O fundo do \u00edman imita esta t\u00e9cnica, criando uma textura visual que capta o olhar e adiciona uma sensa\u00e7\u00e3o de dinamismo a qualquer superf\u00edcie met\u00e1lica. Cada letra brilha com tonalidades tropicais como azuis, rosas e amarelos, exatamente o que \u00e9 necess\u00e1rio para real\u00e7ar a energia e vitalidade de Barcelona.<\/p>\n<p>Um encantador detalhe adicional \u00e9 a pequena lagartixa decorativa que acompanha o letreiro, um s\u00edmbolo de boa sorte e amizade na cultura catal\u00e3, bem como um aceno \u00e0 fauna que se pode observar nos arredores da cidade. Este \u00edman n\u00e3o \u00e9 apenas uma recorda\u00e7\u00e3o funcional, mas tamb\u00e9m um peda\u00e7o de arte que permite aos visitantes levar consigo um pouco de Barcelona para casa. Ideal para os turistas que procuram souvenirs representativos, este \u00edman afirma-se como uma op\u00e7\u00e3o perfeita para lojas de presentes tur\u00edsticos que desejem oferecer produtos aut\u00eanticos e de qualidade. Na Ol\u00e9 Mosaic, como distribuidor de souvenirs por grosso, oferecemos este \u00edman de Barcelona, garantindo que cada pe\u00e7a reflita a riqueza cultural e art\u00edstica da regi\u00e3o.<\/p>\n","protected":false},"excerpt":{"rendered":"<p>\u00cdman com um vistoso letreiro que exibe a palavra &#8220;Barcelona&#8221; em letras coloridas sobre um fundo que imita o famoso trencad\u00eds de Gaud\u00ed. Este atraente \u00edman capta a ess\u00eancia da cidade com uma combina\u00e7\u00e3o de tons vibrantes e um design l\u00fadico que inclui uma pequena lagartixa decorativa. Ideal para levar um pouco de Barcelona para casa, este \u00edman adiciona um toque art\u00edstico a qualquer superf\u00edcie met\u00e1lica.<\/p>\n","protected":false},"featured_media":14032,"template":"","meta":{"_acf_changed":false},"product_brand":[],"product_cat":[699],"product_tag":[],"class_list":{"0":"post-37444","1":"product","2":"type-product","3":"status-publish","4":"has-post-thumbnail","6":"product_cat-imanes","7":"pa_ciudad-barcelona","8":"pa_motivo-letreiros-de-cidades","9":"pa_pais-espana","11":"first","12":"instock","13":"shipping-taxable","14":"product-type-simple"},"acf":[],"_links":{"self":[{"href":"https:\/\/olemosaic.com\/pt-pt\/wp-json\/wp\/v2\/product\/37444","targetHints":{"allow":["GET"]}}],"collection":[{"href":"https:\/\/olemosaic.com\/pt-pt\/wp-json\/wp\/v2\/product"}],"about":[{"href":"https:\/\/olemosaic.com\/pt-pt\/wp-json\/wp\/v2\/types\/product"}],"wp:featuredmedia":[{"embeddable":true,"href":"https:\/\/olemosaic.com\/pt-pt\/wp-json\/wp\/v2\/media\/14032"}],"wp:attachment":[{"href":"https:\/\/olemosaic.com\/pt-pt\/wp-json\/wp\/v2\/media?parent=37444"}],"wp:term":[{"taxonomy":"product_brand","embeddable":true,"href":"https:\/\/olemosaic.com\/pt-pt\/wp-json\/wp\/v2\/product_brand?post=37444"},{"taxonomy":"product_cat","embeddable":true,"href":"https:\/\/olemosaic.com\/pt-pt\/wp-json\/wp\/v2\/product_cat?post=37444"},{"taxonomy":"product_tag","embeddable":true,"href":"https:\/\/olemosaic.com\/pt-pt\/wp-json\/wp\/v2\/product_tag?post=37444"}],"curies":[{"name":"wp","href":"https:\/\/api.w.org\/{rel}","templated":true}]}}