{"id":37442,"date":"2025-02-20T23:37:55","date_gmt":"2025-02-20T22:37:55","guid":{"rendered":"http:\/\/olemosaic.com\/producto\/iman-de-resina-letrero-valencia-azul\/"},"modified":"2025-07-25T20:25:32","modified_gmt":"2025-07-25T18:25:32","slug":"iman-de-resina-letreiro-valencia-azul","status":"publish","type":"product","link":"https:\/\/olemosaic.com\/pt-pt\/produto\/iman-de-resina-letreiro-valencia-azul\/","title":{"rendered":"\u00cdman de resina. Letreiro. Val\u00eancia. Azul."},"content":{"rendered":"<p>Este \u00edman de resina, com um letreiro vibrante que representa a cidade de Val\u00eancia, \u00e9 a recorda\u00e7\u00e3o ideal para quem deseja levar um pedacinho desta bela cidade para casa. A pe\u00e7a destaca a palavra &#8220;VALENCIA&#8221; com uma tipografia moderna e colorida, em tons cer\u00e2micos chamativos que evocam a famosa porcelana da regi\u00e3o. Junto a ela, uma ilustra\u00e7\u00e3o detalhada do Miguelete, a emblem\u00e1tica torre da Catedral de Val\u00eancia, ergue-se com a sua caracter\u00edstica estrutura g\u00f3tica, simbolizando a hist\u00f3ria e a cultura da cidade. O fundo azul, adornado com um design tipo mosaico, confere um toque art\u00edstico e din\u00e2mico, que recorda a vibrante est\u00e9tica do modernismo valenciano e as suas belas pra\u00e7as.<\/p>\n<p>Este \u00edman, al\u00e9m de ser funcional, torna-se uma recorda\u00e7\u00e3o representativa da ess\u00eancia valenciana. A sua autenticidade como souvenir torna-o um presente perfeito para qualquer turista que procure uma lembran\u00e7a visual da sua visita. Na Ol\u00e9 Mosaic, especializamo-nos na distribui\u00e7\u00e3o de souvenirs aut\u00eanticos por grosso, e este \u00edman \u00e9 uma excelente op\u00e7\u00e3o para lojas de presentes tur\u00edsticos que desejem oferecer produtos \u00fanicos e culturais. Como grossistas de souvenirs, garantimos qualidade e um design atraente que celebra a rica heran\u00e7a de Val\u00eancia.<\/p>\n","protected":false},"excerpt":{"rendered":"<p>\u00cdman com um letreiro vibrante que representa a cidade de Val\u00eancia. Este produto exibe a palavra &#8220;VALENCIA&#8221; em cores chamativas e tipografia moderna, juntamente com uma ilustra\u00e7\u00e3o do emblem\u00e1tico Miguelete, a famosa torre da Catedral de Val\u00eancia. O fundo azul com design de mosaico confere um toque art\u00edstico que evoca a rica cultura da cidade. Ideal para recordar uma viagem ou celebrar a ess\u00eancia de Val\u00eancia em qualquer casa.<\/p>\n","protected":false},"featured_media":14030,"template":"","meta":{"_acf_changed":false},"product_brand":[],"product_cat":[699],"product_tag":[],"class_list":{"0":"post-37442","1":"product","2":"type-product","3":"status-publish","4":"has-post-thumbnail","6":"product_cat-imanes","7":"pa_ciudad-valencia","8":"pa_motivo-letreiros-de-cidades","9":"pa_pais-espana","11":"first","12":"instock","13":"shipping-taxable","14":"product-type-simple"},"acf":[],"_links":{"self":[{"href":"https:\/\/olemosaic.com\/pt-pt\/wp-json\/wp\/v2\/product\/37442","targetHints":{"allow":["GET"]}}],"collection":[{"href":"https:\/\/olemosaic.com\/pt-pt\/wp-json\/wp\/v2\/product"}],"about":[{"href":"https:\/\/olemosaic.com\/pt-pt\/wp-json\/wp\/v2\/types\/product"}],"wp:featuredmedia":[{"embeddable":true,"href":"https:\/\/olemosaic.com\/pt-pt\/wp-json\/wp\/v2\/media\/14030"}],"wp:attachment":[{"href":"https:\/\/olemosaic.com\/pt-pt\/wp-json\/wp\/v2\/media?parent=37442"}],"wp:term":[{"taxonomy":"product_brand","embeddable":true,"href":"https:\/\/olemosaic.com\/pt-pt\/wp-json\/wp\/v2\/product_brand?post=37442"},{"taxonomy":"product_cat","embeddable":true,"href":"https:\/\/olemosaic.com\/pt-pt\/wp-json\/wp\/v2\/product_cat?post=37442"},{"taxonomy":"product_tag","embeddable":true,"href":"https:\/\/olemosaic.com\/pt-pt\/wp-json\/wp\/v2\/product_tag?post=37442"}],"curies":[{"name":"wp","href":"https:\/\/api.w.org\/{rel}","templated":true}]}}