{"id":37441,"date":"2025-02-20T23:37:55","date_gmt":"2025-02-20T22:37:55","guid":{"rendered":"http:\/\/olemosaic.com\/producto\/iman-de-resina-letrero-gran-canaria-azul\/"},"modified":"2025-07-25T18:53:59","modified_gmt":"2025-07-25T16:53:59","slug":"iman-de-resina-letreiro-gran-canaria-azul","status":"publish","type":"product","link":"https:\/\/olemosaic.com\/pt-pt\/produto\/iman-de-resina-letreiro-gran-canaria-azul\/","title":{"rendered":"\u00cdman de resina. Letreiro. Gran Canaria. Azul."},"content":{"rendered":"<p>\u00cdman de resina &#8220;Gran Canaria&#8221;. Este encantador \u00edman captura a ess\u00eancia vibrante da ilha atrav\u00e9s de um r\u00f3tulo colorido que evoca a alegria do Caribe espanhol. A base azul do \u00edman relembra o oceano que rodeia a ilha, proporcionando um fundo perfeito para as letras do nome &#8220;Gran Canaria&#8221;, que brilham com tons vivos de vermelho, verde, amarelo e azul, apresentadas num estilo de mosaico que acrescenta um toque art\u00edstico e festivo. Al\u00e9m disso, um pequeno motivo de lagarto, simbolizando a fauna \u00fanica de Gran Canaria, integra-se com eleg\u00e2ncia no design, conferindo um detalhe encantador que real\u00e7a a liga\u00e7\u00e3o com a natureza local.<\/p>\n<p>Este \u00edman n\u00e3o \u00e9 apenas uma recorda\u00e7\u00e3o perfeita e acess\u00edvel para quem visita a ilha, mas tamb\u00e9m \u00e9 uma excelente adi\u00e7\u00e3o decorativa para o lar, evocando mem\u00f3rias de f\u00e9rias cada vez que \u00e9 visto no frigor\u00edfico. O \u00edman de &#8220;Gran Canaria&#8221; \u00e9 uma recorda\u00e7\u00e3o aut\u00eantica da cultura can\u00e1ria, ideal tanto para turistas que procuram souvenirs representativos como para lojas de presentes tur\u00edsticos que desejam oferecer produtos que celebrem a riqueza cultural da regi\u00e3o.<\/p>\n<p>Na Ol\u00e9 Mosaic, especializamo-nos na distribui\u00e7\u00e3o de souvenirs por grosso, garantindo a qualidade e autenticidade em cada pe\u00e7a. Este \u00edman \u00e9 uma op\u00e7\u00e3o ideal para quem procura souvenirs de Gran Canaria que representem a alegria e diversidade da ilha, tornando-se um elemento indispens\u00e1vel para as lojas que desejam cativar os seus clientes com produtos \u00fanicos e memor\u00e1veis.<\/p>\n","protected":false},"excerpt":{"rendered":"<p>\u00cdman com um vistoso r\u00f3tulo que diz &#8220;Gran Canaria&#8221;. Este atraente \u00edman apresenta uma base azul que evoca o oceano, adornada com letras coloridas de estilo mosaico que se destacam com tons vermelhos, verdes, amarelos e azuis. Um design singular e alegre que inclui um pequeno motivo de lagarto, aludindo \u00e0 fauna local. Ideal como recorda\u00e7\u00e3o ou para decorar a casa, evoca a ess\u00eancia alegre da ilha.<\/p>\n","protected":false},"featured_media":14029,"template":"","meta":{"_acf_changed":false},"product_brand":[],"product_cat":[699],"product_tag":[],"class_list":{"0":"post-37441","1":"product","2":"type-product","3":"status-publish","4":"has-post-thumbnail","6":"product_cat-imanes","7":"pa_ciudad-gran-canaria","8":"pa_motivo-letreiros-de-cidades","9":"pa_pais-espana","11":"first","12":"instock","13":"shipping-taxable","14":"product-type-simple"},"acf":[],"_links":{"self":[{"href":"https:\/\/olemosaic.com\/pt-pt\/wp-json\/wp\/v2\/product\/37441","targetHints":{"allow":["GET"]}}],"collection":[{"href":"https:\/\/olemosaic.com\/pt-pt\/wp-json\/wp\/v2\/product"}],"about":[{"href":"https:\/\/olemosaic.com\/pt-pt\/wp-json\/wp\/v2\/types\/product"}],"wp:featuredmedia":[{"embeddable":true,"href":"https:\/\/olemosaic.com\/pt-pt\/wp-json\/wp\/v2\/media\/14029"}],"wp:attachment":[{"href":"https:\/\/olemosaic.com\/pt-pt\/wp-json\/wp\/v2\/media?parent=37441"}],"wp:term":[{"taxonomy":"product_brand","embeddable":true,"href":"https:\/\/olemosaic.com\/pt-pt\/wp-json\/wp\/v2\/product_brand?post=37441"},{"taxonomy":"product_cat","embeddable":true,"href":"https:\/\/olemosaic.com\/pt-pt\/wp-json\/wp\/v2\/product_cat?post=37441"},{"taxonomy":"product_tag","embeddable":true,"href":"https:\/\/olemosaic.com\/pt-pt\/wp-json\/wp\/v2\/product_tag?post=37441"}],"curies":[{"name":"wp","href":"https:\/\/api.w.org\/{rel}","templated":true}]}}