{"id":37440,"date":"2025-02-20T23:37:54","date_gmt":"2025-02-20T22:37:54","guid":{"rendered":"http:\/\/olemosaic.com\/producto\/iman-de-resina-letrero-valencia-azul-11-cm\/"},"modified":"2025-07-25T20:08:20","modified_gmt":"2025-07-25T18:08:20","slug":"iman-de-resina-letreiro-valencia-azul-11-cm","status":"publish","type":"product","link":"https:\/\/olemosaic.com\/pt-pt\/produto\/iman-de-resina-letreiro-valencia-azul-11-cm\/","title":{"rendered":"\u00cdman de resina. Letreiro. Val\u00eancia. Azul. 11 cm."},"content":{"rendered":"<p>\u00cdman de resina &#8220;VAL\u00caNCIA&#8221;: uma vibrante recorda\u00e7\u00e3o que captura a ess\u00eancia desta maravilhosa cidade mediterr\u00e2nica. Com dimens\u00f5es de 11 cm de comprimento, este \u00edman apresenta um r\u00f3tulo colorido com a palavra &#8220;VAL\u00caNCIA&#8221;, adornado com letras em tons alegres como verde, vermelho, amarelo e rosa. Estas tonalidades vibrantes destacam-se sobre um fundo azul, que evoca os c\u00e9lebres mosaicos que caracterizam a arquitetura e a arte da regi\u00e3o. Complementando o design, inclui-se uma ilustra\u00e7\u00e3o do ic\u00f3nico campan\u00e1rio da cidade, um s\u00edmbolo que real\u00e7a a rica heran\u00e7a cultural valenciana.<\/p>\n<p>Este \u00edman de resina n\u00e3o \u00e9 apenas um artigo decorativo, mas tamb\u00e9m um excelente souvenir que reflete a autenticidade e o apelo de Val\u00eancia, ideal para adornar qualquer superf\u00edcie met\u00e1lica em casa ou no escrit\u00f3rio. O seu design \u00fanico e colorido torna-o um presente perfeito para turistas que procuram uma pe\u00e7a representativa que, al\u00e9m disso, evoque mem\u00f3rias da sua visita a esta vibrante cidade.<\/p>\n<p>Na Ol\u00e9 Mosaic somos especialistas na distribui\u00e7\u00e3o de souvenirs por grosso, e este \u00edman de Val\u00eancia \u00e9 uma op\u00e7\u00e3o perfeita para lojas de presentes tur\u00edsticos que desejem oferecer produtos que celebrem a cultura e o patrim\u00f3nio local, assegurando a satisfa\u00e7\u00e3o e o interesse dos seus clientes.<\/p>\n","protected":false},"excerpt":{"rendered":"<p>\u00cdman com um letreiro vibrante que diz &#8220;VAL\u00caNCIA&#8221;, ideal para adornar qualquer superf\u00edcie met\u00e1lica. Este produto, de 11 cm de comprimento, apresenta um design colorido com letras que combinam tons agrad\u00e1veis como verde, vermelho e amarelo, contrastando com um fundo azul que evoca os mosaicos t\u00edpicos da regi\u00e3o. Al\u00e9m disso, inclui uma ilustra\u00e7\u00e3o do ic\u00f3nico Miguelete, o campan\u00e1rio da cidade, tornando este \u00edman na recorda\u00e7\u00e3o perfeita de Val\u00eancia.<\/p>\n","protected":false},"featured_media":14028,"template":"","meta":{"_acf_changed":false},"product_brand":[],"product_cat":[699],"product_tag":[],"class_list":{"0":"post-37440","1":"product","2":"type-product","3":"status-publish","4":"has-post-thumbnail","6":"product_cat-imanes","7":"pa_ciudad-valencia","8":"pa_motivo-letreiros-de-cidades","9":"pa_pais-espana","11":"first","12":"instock","13":"shipping-taxable","14":"product-type-simple"},"acf":[],"_links":{"self":[{"href":"https:\/\/olemosaic.com\/pt-pt\/wp-json\/wp\/v2\/product\/37440","targetHints":{"allow":["GET"]}}],"collection":[{"href":"https:\/\/olemosaic.com\/pt-pt\/wp-json\/wp\/v2\/product"}],"about":[{"href":"https:\/\/olemosaic.com\/pt-pt\/wp-json\/wp\/v2\/types\/product"}],"wp:featuredmedia":[{"embeddable":true,"href":"https:\/\/olemosaic.com\/pt-pt\/wp-json\/wp\/v2\/media\/14028"}],"wp:attachment":[{"href":"https:\/\/olemosaic.com\/pt-pt\/wp-json\/wp\/v2\/media?parent=37440"}],"wp:term":[{"taxonomy":"product_brand","embeddable":true,"href":"https:\/\/olemosaic.com\/pt-pt\/wp-json\/wp\/v2\/product_brand?post=37440"},{"taxonomy":"product_cat","embeddable":true,"href":"https:\/\/olemosaic.com\/pt-pt\/wp-json\/wp\/v2\/product_cat?post=37440"},{"taxonomy":"product_tag","embeddable":true,"href":"https:\/\/olemosaic.com\/pt-pt\/wp-json\/wp\/v2\/product_tag?post=37440"}],"curies":[{"name":"wp","href":"https:\/\/api.w.org\/{rel}","templated":true}]}}