{"id":37438,"date":"2025-02-20T23:37:54","date_gmt":"2025-02-20T22:37:54","guid":{"rendered":"http:\/\/olemosaic.com\/producto\/iman-de-resina-letrero-sevilla-azul-11-cm\/"},"modified":"2025-07-25T20:17:53","modified_gmt":"2025-07-25T18:17:53","slug":"iman-de-resina-letreiro-sevilha-azul-11-cm","status":"publish","type":"product","link":"https:\/\/olemosaic.com\/pt-pt\/produto\/iman-de-resina-letreiro-sevilha-azul-11-cm\/","title":{"rendered":"\u00cdman de resina. Letreiro. Sevilha. Azul. 11 cm."},"content":{"rendered":"<p>Este \u00edman de resina com o vibrante letreiro &#8220;SEVILHA&#8221; \u00e9 uma aut\u00eantica joia do artesanato andaluz, concebida para levar um pedacinho desta encantadora cidade espanhola para o seu lar. Com os seus 11 cm, este \u00edman destaca-se pelo seu design alegre e colorido, com letras em tons brilhantes sobre um fundo azul que simula um mosaico tradicional. Este efeito visual \u00fanico real\u00e7a a beleza do \u00edman e presta homenagem \u00e0 rica heran\u00e7a cultural de Sevilha, famosa pela sua arte, arquitetura e hist\u00f3ria vibrante.<\/p>\n<p>O motivo do flamenco na extremidade direita do \u00edman \u00e9 um aceno \u00e0 cultura andaluza e \u00e0 sua tradi\u00e7\u00e3o folcl\u00f3rica, que simboliza a paix\u00e3o e o ritmo desta regi\u00e3o. As suas cores vibrantes e design l\u00fadico tornam-no o souvenir perfeito para adicionar um toque sevilhano ao seu frigor\u00edfico ou a qualquer superf\u00edcie met\u00e1lica, recordando-lhe sempre a beleza e o encanto desta cidade.<\/p>\n<p>Na Ol\u00e9 Mosaic, especializamo-nos em oferecer souvenirs de qualidade por grosso, e este \u00edman de Sevilha \u00e9 uma excelente op\u00e7\u00e3o para lojas de presentes tur\u00edsticos que procuram produtos aut\u00eanticos e representativos. Este \u00edman de resina n\u00e3o \u00e9 apenas uma recorda\u00e7\u00e3o visual de uma experi\u00eancia inesquec\u00edvel, mas tamb\u00e9m um s\u00edmbolo da rica cultura espanhola que encanta visitantes de todo o mundo.<\/p>\n","protected":false},"excerpt":{"rendered":"<p>\u00cdman com um r\u00f3tulo vibrante que diz &#8220;SEVILHA&#8221;, decorado com cores vivas sobre um fundo azul que simula um mosaico. Com dimens\u00f5es de 11 cm, este \u00edman destaca-se pelo seu design alegre e colorido, que inclui um motivo de flamenco na extremidade direita, representando a cultura andaluza. Perfeito para adicionar um toque sevilhano ao seu frigor\u00edfico ou a qualquer superf\u00edcie met\u00e1lica.<\/p>\n","protected":false},"featured_media":14026,"template":"","meta":{"_acf_changed":false},"product_brand":[],"product_cat":[699],"product_tag":[],"class_list":{"0":"post-37438","1":"product","2":"type-product","3":"status-publish","4":"has-post-thumbnail","6":"product_cat-imanes","7":"pa_ciudad-sevilla","8":"pa_motivo-letreiros-de-cidades","9":"pa_pais-espana","11":"first","12":"instock","13":"shipping-taxable","14":"product-type-simple"},"acf":[],"_links":{"self":[{"href":"https:\/\/olemosaic.com\/pt-pt\/wp-json\/wp\/v2\/product\/37438","targetHints":{"allow":["GET"]}}],"collection":[{"href":"https:\/\/olemosaic.com\/pt-pt\/wp-json\/wp\/v2\/product"}],"about":[{"href":"https:\/\/olemosaic.com\/pt-pt\/wp-json\/wp\/v2\/types\/product"}],"wp:featuredmedia":[{"embeddable":true,"href":"https:\/\/olemosaic.com\/pt-pt\/wp-json\/wp\/v2\/media\/14026"}],"wp:attachment":[{"href":"https:\/\/olemosaic.com\/pt-pt\/wp-json\/wp\/v2\/media?parent=37438"}],"wp:term":[{"taxonomy":"product_brand","embeddable":true,"href":"https:\/\/olemosaic.com\/pt-pt\/wp-json\/wp\/v2\/product_brand?post=37438"},{"taxonomy":"product_cat","embeddable":true,"href":"https:\/\/olemosaic.com\/pt-pt\/wp-json\/wp\/v2\/product_cat?post=37438"},{"taxonomy":"product_tag","embeddable":true,"href":"https:\/\/olemosaic.com\/pt-pt\/wp-json\/wp\/v2\/product_tag?post=37438"}],"curies":[{"name":"wp","href":"https:\/\/api.w.org\/{rel}","templated":true}]}}