{"id":37437,"date":"2025-02-20T23:37:54","date_gmt":"2025-02-20T22:37:54","guid":{"rendered":"http:\/\/olemosaic.com\/producto\/iman-de-resina-letrero-marbella\/"},"modified":"2025-07-25T18:42:02","modified_gmt":"2025-07-25T16:42:02","slug":"iman-de-resina-letreiro-marbella","status":"publish","type":"product","link":"https:\/\/olemosaic.com\/pt-pt\/produto\/iman-de-resina-letreiro-marbella\/","title":{"rendered":"\u00cdman de resina. Letreiro. Marbella."},"content":{"rendered":"<p>Este \u00edman de resina com o vibrante letreiro &#8220;MARBELLA&#8221; \u00e9 uma aut\u00eantica homenagem \u00e0 emblem\u00e1tica cidade da Costa del Sol, um souvenir ideal para quem deseja levar um peda\u00e7o do seu encanto para casa. Com um design colorido e apelativo, as letras que formam &#8220;MARBELLA&#8221; s\u00e3o elaboradas em tons intensos de vermelho, azul e amarelo, capturando a vivacidade e o esp\u00edrito festivo da regi\u00e3o. O fundo, que simula um mosaico tipicamente andaluz, acrescenta um toque art\u00edstico que real\u00e7a a autenticidade do produto, evocando a rica tradi\u00e7\u00e3o cultural de Marbella.<\/p>\n<p>Adornado com um atraente motivo de um caranguejo, este \u00edman n\u00e3o \u00e9 apenas uma pe\u00e7a decorativa, mas tamb\u00e9m um emblema do estilo de vida costeiro e da gastronomia local, celebrando a frescura do mar Mediterr\u00e2neo. A resina utilizada garante durabilidade e um acabamento brilhante, tornando este \u00edman perfeito tanto para o frigor\u00edfico como para qualquer superf\u00edcie met\u00e1lica.<\/p>\n<p>Na Ol\u00e9 Mosaic, especializamo-nos na distribui\u00e7\u00e3o de souvenirs de qualidade que refletem a heran\u00e7a cultural de Espanha. Este \u00edman de Marbella \u00e9 uma excelente op\u00e7\u00e3o para lojas de presentes tur\u00edsticos que procuram produtos aut\u00eanticos e atraentes. Com o seu car\u00e1cter distintivo e a sua relevante liga\u00e7\u00e3o cultural, \u00e9 o presente perfeito para quem quer recordar as suas experi\u00eancias nesta maravilhosa cidade.<\/p>\n","protected":false},"excerpt":{"rendered":"<p>\u00cdman com um letreiro que destaca a palavra &#8220;MARBELLA&#8221; em cores vibrantes. O design, com tipografias em tons intensos como vermelho, azul e amarelo, ergue-se sobre um fundo que simula o mosaico andaluz. Adornado com um atraente caranguejo, este \u00edman captura a ess\u00eancia de Marbella, constituindo uma recorda\u00e7\u00e3o perfeita do vibrante folclore e da cultura desta encantadora cidade da Costa del Sol.<\/p>\n","protected":false},"featured_media":14025,"template":"","meta":{"_acf_changed":false},"product_brand":[],"product_cat":[699],"product_tag":[],"class_list":{"0":"post-37437","1":"product","2":"type-product","3":"status-publish","4":"has-post-thumbnail","6":"product_cat-imanes","7":"pa_ciudad-marbella","8":"pa_motivo-letreiros-de-cidades","9":"pa_pais-espana","11":"first","12":"instock","13":"shipping-taxable","14":"product-type-simple"},"acf":[],"_links":{"self":[{"href":"https:\/\/olemosaic.com\/pt-pt\/wp-json\/wp\/v2\/product\/37437","targetHints":{"allow":["GET"]}}],"collection":[{"href":"https:\/\/olemosaic.com\/pt-pt\/wp-json\/wp\/v2\/product"}],"about":[{"href":"https:\/\/olemosaic.com\/pt-pt\/wp-json\/wp\/v2\/types\/product"}],"wp:featuredmedia":[{"embeddable":true,"href":"https:\/\/olemosaic.com\/pt-pt\/wp-json\/wp\/v2\/media\/14025"}],"wp:attachment":[{"href":"https:\/\/olemosaic.com\/pt-pt\/wp-json\/wp\/v2\/media?parent=37437"}],"wp:term":[{"taxonomy":"product_brand","embeddable":true,"href":"https:\/\/olemosaic.com\/pt-pt\/wp-json\/wp\/v2\/product_brand?post=37437"},{"taxonomy":"product_cat","embeddable":true,"href":"https:\/\/olemosaic.com\/pt-pt\/wp-json\/wp\/v2\/product_cat?post=37437"},{"taxonomy":"product_tag","embeddable":true,"href":"https:\/\/olemosaic.com\/pt-pt\/wp-json\/wp\/v2\/product_tag?post=37437"}],"curies":[{"name":"wp","href":"https:\/\/api.w.org\/{rel}","templated":true}]}}