{"id":37436,"date":"2025-02-20T23:37:54","date_gmt":"2025-02-20T22:37:54","guid":{"rendered":"http:\/\/olemosaic.com\/producto\/iman-de-resina-letrero-sevilla-azul\/"},"modified":"2025-07-25T18:57:11","modified_gmt":"2025-07-25T16:57:11","slug":"iman-de-resina-letreiro-sevilha-azul","status":"publish","type":"product","link":"https:\/\/olemosaic.com\/pt-pt\/produto\/iman-de-resina-letreiro-sevilha-azul\/","title":{"rendered":"\u00cdman de resina. Letreiro. Sevilha. Azul."},"content":{"rendered":"<p>Este \u00edman de resina com o nome &#8220;Sevilha&#8221; \u00e9 o souvenir perfeito para capturar a ess\u00eancia vibrante da capital andaluza. Com um design contempor\u00e2neo e cores chamativas, este \u00edman destaca-se pelas suas letras grandes e multicoloridas, que evocam a alegria e o dinamismo das tradi\u00e7\u00f5es sevilhanas. A palavra &#8220;Sevilha&#8221; aparece num formato art\u00edstico, onde cada letra apresenta um padr\u00e3o diferente, emoldurada por flamencas de um vermelho intenso e quente, que simbolizam a arte do flamenco, parte integrante da cultura local.<\/p>\n<p>Sobre um fundo azul que simula um mosaico, este \u00edman n\u00e3o s\u00f3 decora qualquer superf\u00edcie com a sua frescura, como tamb\u00e9m liga visualmente \u00e0 rica heran\u00e7a art\u00edstica de Sevilha. Este design confere um toque festivo ao seu lar e atua como um lembrete constante das belas ruas, da arquitetura hist\u00f3rica e da vibrante vida cultural desta deslumbrante cidade.<\/p>\n<p>Na Ol\u00e9 Mosaic, orgulhamo-nos de oferecer souvenirs aut\u00eanticos e representativos que contam hist\u00f3rias. Este \u00edman \u00e9 uma excelente op\u00e7\u00e3o para lojas de presentes tur\u00edsticos, ideal para quem procura uma recorda\u00e7\u00e3o significativa de Sevilha. Como distribuidores de souvenirs por grosso, garantimos a qualidade e a singularidade de cada produto.<\/p>\n","protected":false},"excerpt":{"rendered":"<p>\u00cdman com um vibrante letreiro que destaca a cidade de Sevilha em cores chamativas. Este artigo apresenta um design contempor\u00e2neo com letras grandes e multicoloridas, rodeadas de elementos decorativos como flamencas em vermelho, tudo sobre um fundo azul que simula um mosaico. Ideal como recorda\u00e7\u00e3o das tradi\u00e7\u00f5es sevilhanas, este \u00edman acrescenta um toque festivo a qualquer superf\u00edcie, evocando a ess\u00eancia cultural da Andaluzia.<\/p>\n","protected":false},"featured_media":14024,"template":"","meta":{"_acf_changed":false},"product_brand":[],"product_cat":[699],"product_tag":[],"class_list":{"0":"post-37436","1":"product","2":"type-product","3":"status-publish","4":"has-post-thumbnail","6":"product_cat-imanes","7":"pa_ciudad-sevilla","8":"pa_motivo-letreiros-de-cidades","9":"pa_pais-espana","11":"first","12":"instock","13":"shipping-taxable","14":"product-type-simple"},"acf":[],"_links":{"self":[{"href":"https:\/\/olemosaic.com\/pt-pt\/wp-json\/wp\/v2\/product\/37436","targetHints":{"allow":["GET"]}}],"collection":[{"href":"https:\/\/olemosaic.com\/pt-pt\/wp-json\/wp\/v2\/product"}],"about":[{"href":"https:\/\/olemosaic.com\/pt-pt\/wp-json\/wp\/v2\/types\/product"}],"wp:featuredmedia":[{"embeddable":true,"href":"https:\/\/olemosaic.com\/pt-pt\/wp-json\/wp\/v2\/media\/14024"}],"wp:attachment":[{"href":"https:\/\/olemosaic.com\/pt-pt\/wp-json\/wp\/v2\/media?parent=37436"}],"wp:term":[{"taxonomy":"product_brand","embeddable":true,"href":"https:\/\/olemosaic.com\/pt-pt\/wp-json\/wp\/v2\/product_brand?post=37436"},{"taxonomy":"product_cat","embeddable":true,"href":"https:\/\/olemosaic.com\/pt-pt\/wp-json\/wp\/v2\/product_cat?post=37436"},{"taxonomy":"product_tag","embeddable":true,"href":"https:\/\/olemosaic.com\/pt-pt\/wp-json\/wp\/v2\/product_tag?post=37436"}],"curies":[{"name":"wp","href":"https:\/\/api.w.org\/{rel}","templated":true}]}}