{"id":37434,"date":"2025-02-20T23:37:53","date_gmt":"2025-02-20T22:37:53","guid":{"rendered":"http:\/\/olemosaic.com\/producto\/iman-de-resina-salamandra-y-flores-gran-canaria\/"},"modified":"2025-07-25T18:43:16","modified_gmt":"2025-07-25T16:43:16","slug":"iman-de-resina-salamandra-e-flores-gran-canaria","status":"publish","type":"product","link":"https:\/\/olemosaic.com\/pt-pt\/produto\/iman-de-resina-salamandra-e-flores-gran-canaria\/","title":{"rendered":"\u00cdman de resina. Salamandra e flores. Gran Canaria."},"content":{"rendered":"<p>\u00cdman de resina com um design vibrante que representa uma salamandra e flores, inspirado na biodiversidade de Gran Canaria. Este colorido \u00edman destaca-se pela sua representa\u00e7\u00e3o art\u00edstica de duas salamandras, uma em tons de verde e outra em tons de vermelho, rodeadas por uma moldura floral que resplandece numa variedade de cores vivas. Cada flor \u00e9 meticulosamente detalhada, capturando a ess\u00eancia tropical da ilha, enquanto o texto &#8220;GRAN CANARIA&#8221; se apresenta numa tipografia alegre, acrescentando um toque festivo ao design.<\/p>\n<p>Este \u00edman de resina n\u00e3o \u00e9 apenas um acess\u00f3rio decorativo ideal para o lar, mas tamb\u00e9m se torna uma aut\u00eantica recorda\u00e7\u00e3o de Gran Canaria, perfeito para quem deseja levar consigo um peda\u00e7o da vibrante cultura can\u00e1ria. A salamandra, um s\u00edmbolo da fauna local, representa a riqueza natural da regi\u00e3o e \u00e9 complementada pela abundante flora que adorna a ilha, tornando-o um objeto cheio de significado.<\/p>\n<p>Na Ol\u00e9 Mosaic, orgulhamo-nos de ser distribuidores de recorda\u00e7\u00f5es aut\u00eanticas por grosso, e este \u00edman \u00e9 uma excelente op\u00e7\u00e3o para lojas de presentes tur\u00edsticos. Oferecemos produtos que celebram a singularidade e o encanto de cada regi\u00e3o, tornando-os recorda\u00e7\u00f5es perfeitas para quem visita Gran Canaria e procura levar um peda\u00e7o da sua beleza cultural.<\/p>\n","protected":false},"excerpt":{"rendered":"<p>\u00cdman com um design vibrante que representa uma salamandra e flores, inspirado na biodiversidade de Gran Canaria. Este colorido \u00edman mostra duas salamandras em tons de verde e vermelho, rodeadas por uma moldura floral que se destaca pelas suas cores e formas vivas. O texto &#8220;GRAN CANARIA&#8221; apresenta-se numa tipografia alegre, o que torna este \u00edman uma recorda\u00e7\u00e3o ideal que captura a ess\u00eancia e o encanto da ilha.<\/p>\n","protected":false},"featured_media":14022,"template":"","meta":{"_acf_changed":false},"product_brand":[],"product_cat":[699],"product_tag":[516],"class_list":{"0":"post-37434","1":"product","2":"type-product","3":"status-publish","4":"has-post-thumbnail","6":"product_cat-imanes","7":"product_tag-animais","8":"pa_ciudad-gran-canaria","9":"pa_motivo-salamandras","10":"pa_pais-espana","12":"first","13":"instock","14":"shipping-taxable","15":"product-type-simple"},"acf":[],"_links":{"self":[{"href":"https:\/\/olemosaic.com\/pt-pt\/wp-json\/wp\/v2\/product\/37434","targetHints":{"allow":["GET"]}}],"collection":[{"href":"https:\/\/olemosaic.com\/pt-pt\/wp-json\/wp\/v2\/product"}],"about":[{"href":"https:\/\/olemosaic.com\/pt-pt\/wp-json\/wp\/v2\/types\/product"}],"wp:featuredmedia":[{"embeddable":true,"href":"https:\/\/olemosaic.com\/pt-pt\/wp-json\/wp\/v2\/media\/14022"}],"wp:attachment":[{"href":"https:\/\/olemosaic.com\/pt-pt\/wp-json\/wp\/v2\/media?parent=37434"}],"wp:term":[{"taxonomy":"product_brand","embeddable":true,"href":"https:\/\/olemosaic.com\/pt-pt\/wp-json\/wp\/v2\/product_brand?post=37434"},{"taxonomy":"product_cat","embeddable":true,"href":"https:\/\/olemosaic.com\/pt-pt\/wp-json\/wp\/v2\/product_cat?post=37434"},{"taxonomy":"product_tag","embeddable":true,"href":"https:\/\/olemosaic.com\/pt-pt\/wp-json\/wp\/v2\/product_tag?post=37434"}],"curies":[{"name":"wp","href":"https:\/\/api.w.org\/{rel}","templated":true}]}}