{"id":37432,"date":"2025-02-20T23:37:53","date_gmt":"2025-02-20T22:37:53","guid":{"rendered":"http:\/\/olemosaic.com\/producto\/iman-de-resina-toro-marbella-75-cm\/"},"modified":"2025-07-25T18:37:30","modified_gmt":"2025-07-25T16:37:30","slug":"iman-de-resina-touro-marbella-7-5-cm","status":"publish","type":"product","link":"https:\/\/olemosaic.com\/pt-pt\/produto\/iman-de-resina-touro-marbella-7-5-cm\/","title":{"rendered":"\u00cdman de resina. Touro. Marbella. 7,5 cm."},"content":{"rendered":"<p>Este \u00edman de resina, com um design vibrante de dois touros, \u00e9 uma representa\u00e7\u00e3o tang\u00edvel da rica cultura de Marbella. Com dimens\u00f5es de 7,5 cm, este souvenir encapsula a ess\u00eancia do flamenco e da tradi\u00e7\u00e3o espanhola atrav\u00e9s da sua arte exclusiva em mosaico, que utiliza uma paleta de cores brilhantes em tons de azul, vermelho e verde. Os touros, s\u00edmbolos emblem\u00e1ticos da cultura andaluza, s\u00e3o desenhados com um estilo moderno que os faz destacar. Ambos os touros exibem express\u00f5es vivas e din\u00e2micas, capturando a energia do folclore espanhol.<\/p>\n<p>A palavra &#8220;Marbella&#8221; aparece na parte superior do \u00edman, em letras coloridas que real\u00e7am a liga\u00e7\u00e3o com esta emblem\u00e1tica cidade andaluza, conhecida pela sua beleza e riqueza cultural. Este \u00edman n\u00e3o \u00e9 apenas um objeto decorativo, mas uma excelente recorda\u00e7\u00e3o que oferece aos turistas uma pe\u00e7a aut\u00eantica da tradi\u00e7\u00e3o espanhola para levar para casa. Ideal como recorda\u00e7\u00e3o de viagem ou como presente, este \u00edman \u00e9 um reflexo do tipo de souvenirs que podem ser encontrados em lojas de presentes tur\u00edsticos.<\/p>\n<p>Na Ol\u00e9 Mosaic, especializamo-nos na distribui\u00e7\u00e3o por grosso de souvenirs, e este \u00edman de Marbella \u00e9 uma adi\u00e7\u00e3o perfeita a qualquer cole\u00e7\u00e3o de artigos representativos. Com o seu design atraente e significado cultural, torna-se uma op\u00e7\u00e3o ideal para qualquer loja que procure oferecer produtos aut\u00eanticos de Espanha.<\/p>\n","protected":false},"excerpt":{"rendered":"<p>\u00cdman com um design vibrante de dois touros, s\u00edmbolo da rica cultura de Marbella. Este \u00edman, de 7,5 cm, \u00e9 adornado com um mosaico de design exclusivo, numa paleta de cores brilhantes que inclui azuis, vermelhos e verdes. A palavra &#8220;Marbella&#8221; aparece na parte superior com letras coloridas, destacando o seu v\u00ednculo com esta emblem\u00e1tica cidade andaluza. Um souvenir perfeito para recordar a ess\u00eancia do flamenco e da tradi\u00e7\u00e3o espanhola.<\/p>\n","protected":false},"featured_media":14020,"template":"","meta":{"_acf_changed":false},"product_brand":[],"product_cat":[699],"product_tag":[516],"class_list":{"0":"post-37432","1":"product","2":"type-product","3":"status-publish","4":"has-post-thumbnail","6":"product_cat-imanes","7":"product_tag-animais","8":"pa_ciudad-marbella","9":"pa_motivo-touros","10":"pa_pais-espana","12":"first","13":"instock","14":"shipping-taxable","15":"product-type-simple"},"acf":[],"_links":{"self":[{"href":"https:\/\/olemosaic.com\/pt-pt\/wp-json\/wp\/v2\/product\/37432","targetHints":{"allow":["GET"]}}],"collection":[{"href":"https:\/\/olemosaic.com\/pt-pt\/wp-json\/wp\/v2\/product"}],"about":[{"href":"https:\/\/olemosaic.com\/pt-pt\/wp-json\/wp\/v2\/types\/product"}],"wp:featuredmedia":[{"embeddable":true,"href":"https:\/\/olemosaic.com\/pt-pt\/wp-json\/wp\/v2\/media\/14020"}],"wp:attachment":[{"href":"https:\/\/olemosaic.com\/pt-pt\/wp-json\/wp\/v2\/media?parent=37432"}],"wp:term":[{"taxonomy":"product_brand","embeddable":true,"href":"https:\/\/olemosaic.com\/pt-pt\/wp-json\/wp\/v2\/product_brand?post=37432"},{"taxonomy":"product_cat","embeddable":true,"href":"https:\/\/olemosaic.com\/pt-pt\/wp-json\/wp\/v2\/product_cat?post=37432"},{"taxonomy":"product_tag","embeddable":true,"href":"https:\/\/olemosaic.com\/pt-pt\/wp-json\/wp\/v2\/product_tag?post=37432"}],"curies":[{"name":"wp","href":"https:\/\/api.w.org\/{rel}","templated":true}]}}