{"id":37431,"date":"2025-02-20T23:37:53","date_gmt":"2025-02-20T22:37:53","guid":{"rendered":"http:\/\/olemosaic.com\/producto\/iman-de-resina-letrero-lanzarote-azul\/"},"modified":"2025-07-25T20:36:52","modified_gmt":"2025-07-25T18:36:52","slug":"iman-de-resina-letreiro-lanzarote-azul","status":"publish","type":"product","link":"https:\/\/olemosaic.com\/pt-pt\/produto\/iman-de-resina-letreiro-lanzarote-azul\/","title":{"rendered":"\u00cdman de resina. Letreiro. Lanzarote. Azul."},"content":{"rendered":"<p>Este \u00edman de resina &#8220;LANZAROTE&#8221; \u00e9 uma representa\u00e7\u00e3o vibrante da cultura desta emblem\u00e1tica ilha can\u00e1ria. Com um colorido letreiro que destaca o seu nome em letras grandes e alegres, o design apresenta um fundo azul que recorda o oceano que banha Lanzarote, complementado com padr\u00f5es que evocam a famosa arte do mosaico, caracter\u00edstica da arquitetura local. As cores brilhantes como o vermelho, o amarelo e o verde, n\u00e3o s\u00f3 captam a aten\u00e7\u00e3o, como tamb\u00e9m simbolizam a exuber\u00e2ncia da flora e da fauna da ilha.<\/p>\n<p>Os elementos decorativos nas laterais, como folhas estilizadas e motivos org\u00e2nicos, acrescentam um toque art\u00edstico e natural, fazendo deste \u00edman uma recorda\u00e7\u00e3o encantadora de Lanzarote que n\u00e3o serve apenas para adornar, mas tamb\u00e9m para rememorar momentos vividos nesta ilha paradis\u00edaca. Este produto torna-se uma excelente recorda\u00e7\u00e3o que os turistas podem levar consigo, seja para embelezar o seu frigor\u00edfico ou qualquer superf\u00edcie met\u00e1lica, recordando sempre a sua visita a Lanzarote.<\/p>\n<p>Na Ol\u00e9 Mosaic, orgulhamo-nos de oferecer recorda\u00e7\u00f5es aut\u00eanticas que representam a rica cultura espanhola, e este \u00edman \u00e9 uma pe\u00e7a perfeita para lojas de presentes tur\u00edsticos que procuram artigos de qualidade. Como distribuidores de recorda\u00e7\u00f5es de resina, garantimos a autenticidade e o design atraente que cativar\u00e1 os visitantes em busca de lembran\u00e7as representativas da sua viagem.<\/p>\n","protected":false},"excerpt":{"rendered":"<p>\u00cdman com um letreiro colorido que diz &#8220;LANZAROTE&#8221;, inspirado na vibrante cultura desta ilha can\u00e1ria. O design apresenta uma base azul decorada com padr\u00f5es que evocam a famosa arte do mosaico, destacando cores vivas como o vermelho, o amarelo e o verde. Elementos distintivos como folhas e motivos org\u00e2nicos nas laterais complementam a composi\u00e7\u00e3o, tornando este \u00edman numa atraente recorda\u00e7\u00e3o de Lanzarote, ideal para adornar qualquer frigor\u00edfico ou superf\u00edcie met\u00e1lica.<\/p>\n","protected":false},"featured_media":14019,"template":"","meta":{"_acf_changed":false},"product_brand":[],"product_cat":[699],"product_tag":[],"class_list":{"0":"post-37431","1":"product","2":"type-product","3":"status-publish","4":"has-post-thumbnail","6":"product_cat-imanes","7":"pa_ciudad-lanzarote","8":"pa_motivo-letreiros-de-cidades","9":"pa_pais-espana","11":"first","12":"instock","13":"shipping-taxable","14":"product-type-simple"},"acf":[],"_links":{"self":[{"href":"https:\/\/olemosaic.com\/pt-pt\/wp-json\/wp\/v2\/product\/37431","targetHints":{"allow":["GET"]}}],"collection":[{"href":"https:\/\/olemosaic.com\/pt-pt\/wp-json\/wp\/v2\/product"}],"about":[{"href":"https:\/\/olemosaic.com\/pt-pt\/wp-json\/wp\/v2\/types\/product"}],"wp:featuredmedia":[{"embeddable":true,"href":"https:\/\/olemosaic.com\/pt-pt\/wp-json\/wp\/v2\/media\/14019"}],"wp:attachment":[{"href":"https:\/\/olemosaic.com\/pt-pt\/wp-json\/wp\/v2\/media?parent=37431"}],"wp:term":[{"taxonomy":"product_brand","embeddable":true,"href":"https:\/\/olemosaic.com\/pt-pt\/wp-json\/wp\/v2\/product_brand?post=37431"},{"taxonomy":"product_cat","embeddable":true,"href":"https:\/\/olemosaic.com\/pt-pt\/wp-json\/wp\/v2\/product_cat?post=37431"},{"taxonomy":"product_tag","embeddable":true,"href":"https:\/\/olemosaic.com\/pt-pt\/wp-json\/wp\/v2\/product_tag?post=37431"}],"curies":[{"name":"wp","href":"https:\/\/api.w.org\/{rel}","templated":true}]}}