{"id":37430,"date":"2025-02-20T23:37:53","date_gmt":"2025-02-20T22:37:53","guid":{"rendered":"http:\/\/olemosaic.com\/producto\/iman-de-resina-letrero-lanzarote\/"},"modified":"2025-07-25T19:43:26","modified_gmt":"2025-07-25T17:43:26","slug":"iman-de-resina-letreiro-lanzarote","status":"publish","type":"product","link":"https:\/\/olemosaic.com\/pt-pt\/produto\/iman-de-resina-letreiro-lanzarote\/","title":{"rendered":"\u00cdman de resina. Letreiro. Lanzarote."},"content":{"rendered":"<p>\u00cdman de resina de Lanzarote<\/p>\n<p>Este vibrante \u00edman de resina \u00e9 uma encantadora recorda\u00e7\u00e3o de Lanzarote, uma das joias do arquip\u00e9lago can\u00e1rio. Com um letreiro que destaca a palavra &#8220;Lanzarote&#8221; em letras grandes, o design est\u00e1 repleto de cores chamativas e padr\u00f5es que evocam a famosa arte do mosaico local. As letras, pintadas em tons intensos como o vermelho, o azul e o verde, n\u00e3o s\u00f3 captam a aten\u00e7\u00e3o, como tamb\u00e9m refletem a rica paleta de cores que se encontra na natureza e na arquitetura da ilha.<\/p>\n<p>O fundo do \u00edman, com motivos de cer\u00e2mica t\u00edpicos de Lanzarote, apresenta um elegante design de azulejos cinzentos, que complementa na perfei\u00e7\u00e3o as vibrantes letras. Para acrescentar um toque l\u00fadico, o \u00edman inclui gr\u00e1ficos de geckos, representativos da fauna \u00fanica da ilha, que desempenham um papel importante na cultura e no ecossistema de Lanzarote. Este \u00edman n\u00e3o \u00e9 apenas uma alegre recorda\u00e7\u00e3o do tempo passado nesta bela ilha, mas tamb\u00e9m representa a autenticidade e o car\u00e1ter distintivo de Lanzarote como destino tur\u00edstico.<\/p>\n<p>Perfeito para quem procura uma recorda\u00e7\u00e3o aut\u00eantica e significativa, este \u00edman \u00e9 um presente maravilhoso que captura a ess\u00eancia de Lanzarote e a sua rica heran\u00e7a cultural. Na Ol\u00e9 Mosaic, especializamo-nos na distribui\u00e7\u00e3o de recorda\u00e7\u00f5es por grosso, oferecendo \u00edmanes de resina que se destacam pela sua qualidade e detalhe, ideais para lojas de presentes tur\u00edsticos que procuram artigos representativos das Ilhas Can\u00e1rias. Sem d\u00favida, um \u00edman de Lanzarote \u00e9 a op\u00e7\u00e3o perfeita para levar um peda\u00e7o da ilha para casa.<\/p>\n","protected":false},"excerpt":{"rendered":"<p>\u00cdman com um colorido letreiro que representa Lanzarote, uma das belas ilhas Can\u00e1rias. Este original \u00edman mostra a palavra &#8220;Lanzarote&#8221; em letras grandes e vibrantes, decoradas com diferentes tons e padr\u00f5es, evocando a famosa arte do mosaico da ilha. Al\u00e9m disso, incorpora elementos gr\u00e1ficos como geckos, que acrescentam um toque da fauna local. Ideal para levar um peda\u00e7o de Lanzarote para o seu lar.<\/p>\n","protected":false},"featured_media":14018,"template":"","meta":{"_acf_changed":false},"product_brand":[],"product_cat":[699],"product_tag":[],"class_list":{"0":"post-37430","1":"product","2":"type-product","3":"status-publish","4":"has-post-thumbnail","6":"product_cat-imanes","7":"pa_ciudad-lanzarote","8":"pa_motivo-letreiros-de-cidades","9":"pa_pais-espana","11":"first","12":"instock","13":"shipping-taxable","14":"product-type-simple"},"acf":[],"_links":{"self":[{"href":"https:\/\/olemosaic.com\/pt-pt\/wp-json\/wp\/v2\/product\/37430","targetHints":{"allow":["GET"]}}],"collection":[{"href":"https:\/\/olemosaic.com\/pt-pt\/wp-json\/wp\/v2\/product"}],"about":[{"href":"https:\/\/olemosaic.com\/pt-pt\/wp-json\/wp\/v2\/types\/product"}],"wp:featuredmedia":[{"embeddable":true,"href":"https:\/\/olemosaic.com\/pt-pt\/wp-json\/wp\/v2\/media\/14018"}],"wp:attachment":[{"href":"https:\/\/olemosaic.com\/pt-pt\/wp-json\/wp\/v2\/media?parent=37430"}],"wp:term":[{"taxonomy":"product_brand","embeddable":true,"href":"https:\/\/olemosaic.com\/pt-pt\/wp-json\/wp\/v2\/product_brand?post=37430"},{"taxonomy":"product_cat","embeddable":true,"href":"https:\/\/olemosaic.com\/pt-pt\/wp-json\/wp\/v2\/product_cat?post=37430"},{"taxonomy":"product_tag","embeddable":true,"href":"https:\/\/olemosaic.com\/pt-pt\/wp-json\/wp\/v2\/product_tag?post=37430"}],"curies":[{"name":"wp","href":"https:\/\/api.w.org\/{rel}","templated":true}]}}