{"id":37429,"date":"2025-02-20T23:37:52","date_gmt":"2025-02-20T22:37:52","guid":{"rendered":"http:\/\/olemosaic.com\/producto\/iman-de-resina-letrero-lanzarote-azul-11-cm\/"},"modified":"2025-07-25T19:22:51","modified_gmt":"2025-07-25T17:22:51","slug":"iman-de-resina-letreiro-lanzarote-azul-11-cm","status":"publish","type":"product","link":"https:\/\/olemosaic.com\/pt-pt\/produto\/iman-de-resina-letreiro-lanzarote-azul-11-cm\/","title":{"rendered":"\u00cdman de resina. Letreiro. Lanzarote. Azul. 11 cm."},"content":{"rendered":"<p>\u00cdman de resina &#8220;Lanzarote&#8221;<\/p>\n<p>Este colorido \u00edman de resina \u00e9 uma recorda\u00e7\u00e3o exclusiva de Lanzarote que captura a ess\u00eancia vibrante desta maravilhosa ilha can\u00e1ria. Com 11 cm de comprimento, mostra a palavra &#8220;LANZAROTE&#8221; em letras alegres e luminosas, que evocam o calor do sol e o ambiente tropical. O fundo azul brilhante, que representa o oceano que rodeia a ilha, contrasta de forma espetacular com as cores do letreiro, real\u00e7ando o seu design moderno e art\u00edstico.<\/p>\n<p>Decorado com motivos de mosaico que lhe conferem um toque atual e chamativo, este \u00edman n\u00e3o \u00e9 apenas um elemento decorativo, mas tamb\u00e9m uma recorda\u00e7\u00e3o significativa que evoca as impressionantes vistas e a beleza natural de Lanzarote. Cada letra \u00e9 finamente elaborada, o que evidencia a qualidade e o detalhe do seu fabrico, tornando-o um excelente presente para quem deseja levar um pedacinho da cultura can\u00e1ria.<\/p>\n<p>Como representante da riqueza cultural de Lanzarote, este \u00edman \u00e9 uma op\u00e7\u00e3o perfeita para os turistas que procuram recorda\u00e7\u00f5es que reflitam a sua experi\u00eancia na ilha. Na Ol\u00e9 Mosaic especializamo-nos na distribui\u00e7\u00e3o por grosso de recorda\u00e7\u00f5es de qualidade, e este \u00edman de resina \u00e9 um produto de destaque, ideal para lojas de presentes tur\u00edsticos que desejam oferecer artigos aut\u00eanticos e representativos. Um \u00edman que n\u00e3o s\u00f3 embeleza qualquer superf\u00edcie magn\u00e9tica, mas que tamb\u00e9m guarda as mem\u00f3rias da m\u00e1gica Lanzarote.<\/p>\n","protected":false},"excerpt":{"rendered":"<p>\u00cdman com um colorido letreiro que representa a ilha de Lanzarote, com 11 cm de comprimento. Este atraente \u00edman mostra a palavra &#8220;LANZAROTE&#8221; em letras vibrantes e alegres, sobre um fundo azul que evoca o oceano e a beleza da paisagem can\u00e1ria. Decorado com motivos de mosaico, o seu design destaca-se pela sua t\u00e9cnica brilhante e moderna, ideal para recordar a beleza desta ilha enquanto adorna o seu frigor\u00edfico ou qualquer superf\u00edcie met\u00e1lica.<\/p>\n","protected":false},"featured_media":14017,"template":"","meta":{"_acf_changed":false},"product_brand":[],"product_cat":[699],"product_tag":[],"class_list":{"0":"post-37429","1":"product","2":"type-product","3":"status-publish","4":"has-post-thumbnail","6":"product_cat-imanes","7":"pa_ciudad-lanzarote","8":"pa_motivo-letreiros-de-cidades","9":"pa_pais-espana","11":"first","12":"instock","13":"shipping-taxable","14":"product-type-simple"},"acf":[],"_links":{"self":[{"href":"https:\/\/olemosaic.com\/pt-pt\/wp-json\/wp\/v2\/product\/37429","targetHints":{"allow":["GET"]}}],"collection":[{"href":"https:\/\/olemosaic.com\/pt-pt\/wp-json\/wp\/v2\/product"}],"about":[{"href":"https:\/\/olemosaic.com\/pt-pt\/wp-json\/wp\/v2\/types\/product"}],"wp:featuredmedia":[{"embeddable":true,"href":"https:\/\/olemosaic.com\/pt-pt\/wp-json\/wp\/v2\/media\/14017"}],"wp:attachment":[{"href":"https:\/\/olemosaic.com\/pt-pt\/wp-json\/wp\/v2\/media?parent=37429"}],"wp:term":[{"taxonomy":"product_brand","embeddable":true,"href":"https:\/\/olemosaic.com\/pt-pt\/wp-json\/wp\/v2\/product_brand?post=37429"},{"taxonomy":"product_cat","embeddable":true,"href":"https:\/\/olemosaic.com\/pt-pt\/wp-json\/wp\/v2\/product_cat?post=37429"},{"taxonomy":"product_tag","embeddable":true,"href":"https:\/\/olemosaic.com\/pt-pt\/wp-json\/wp\/v2\/product_tag?post=37429"}],"curies":[{"name":"wp","href":"https:\/\/api.w.org\/{rel}","templated":true}]}}