{"id":37427,"date":"2025-02-20T23:37:52","date_gmt":"2025-02-20T22:37:52","guid":{"rendered":"http:\/\/olemosaic.com\/producto\/iman-de-resina-letrero-sevilla\/"},"modified":"2025-07-25T18:53:12","modified_gmt":"2025-07-25T16:53:12","slug":"iman-de-resina-letreiro-sevilha","status":"publish","type":"product","link":"https:\/\/olemosaic.com\/pt-pt\/produto\/iman-de-resina-letreiro-sevilha\/","title":{"rendered":"\u00cdman de resina. Letreiro. Sevilha."},"content":{"rendered":"<p>Este \u00edman de resina com o vibrante letreiro &#8220;SEVILHA&#8221; \u00e9 a recorda\u00e7\u00e3o ideal para quem deseja levar para casa um pedacinho da encantadora capital andaluza. O seu design destaca-se por letras grandes e coloridas que capturam a ess\u00eancia do folclore sevilhano, enquanto uma bailarina de flamenco, vestida com um bel\u00edssimo traje vermelho, evoca a paix\u00e3o e a alegria desta dan\u00e7a tradicional. O fundo do \u00edman apresenta um efeito de mosaico em tons cinzentos e multicoloridos, que sugere a rica heran\u00e7a art\u00edstica da cidade, conhecida pelas suas pra\u00e7as, azulejos e arquitetura emblem\u00e1tica.<\/p>\n<p>Este atraente \u00edman n\u00e3o \u00e9 apenas um elemento decorativo, mas tamb\u00e9m representa uma liga\u00e7\u00e3o cultural com Sevilha, um lugar que pulsa hist\u00f3ria, arte e tradi\u00e7\u00f5es. \u00c9 a recorda\u00e7\u00e3o perfeita para turistas que procuram capturar a identidade da cidade num objeto pr\u00e1tico e acess\u00edvel. Ao exibir este \u00edman no seu lar, os viajantes poder\u00e3o recordar as suas viv\u00eancias em Sevilha de forma constante, transformando momentos de nostalgia em instantes de alegria.<\/p>\n<p>Na Ol\u00e9 Mosaic, somos distribuidores de recorda\u00e7\u00f5es por grosso e oferecemos produtos aut\u00eanticos que real\u00e7am a cultura espanhola. Este \u00edman de Sevilha \u00e9 uma excelente op\u00e7\u00e3o para lojas de presentes tur\u00edsticos que desejem oferecer artigos de qualidade, representativos da heran\u00e7a cultural andaluza. Com o seu design muito especial e a sua liga\u00e7\u00e3o cultural, este \u00edman torna-se uma recorda\u00e7\u00e3o inesquec\u00edvel e muito procurada.<\/p>\n","protected":false},"excerpt":{"rendered":"<p>\u00cdman com um vistoso letreiro que real\u00e7a a palavra &#8220;SEVILHA&#8221;. Este atraente design apresenta letras grandes e vibrantes numa variedade de cores, acompanhadas pela imagem de uma bailarina de flamenco sobre um fundo que simula um mosaico em tons cinzentos e multicoloridos. Perfeito para recordar a cultura e o folclore de Sevilha, este \u00edman \u00e9 uma op\u00e7\u00e3o ideal para levar um pedacinho da cidade andaluza para o seu lar.<\/p>\n","protected":false},"featured_media":14015,"template":"","meta":{"_acf_changed":false},"product_brand":[],"product_cat":[699],"product_tag":[],"class_list":{"0":"post-37427","1":"product","2":"type-product","3":"status-publish","4":"has-post-thumbnail","6":"product_cat-imanes","7":"pa_ciudad-sevilla","8":"pa_motivo-letreiros-de-cidades","9":"pa_pais-espana","11":"first","12":"instock","13":"shipping-taxable","14":"product-type-simple"},"acf":[],"_links":{"self":[{"href":"https:\/\/olemosaic.com\/pt-pt\/wp-json\/wp\/v2\/product\/37427","targetHints":{"allow":["GET"]}}],"collection":[{"href":"https:\/\/olemosaic.com\/pt-pt\/wp-json\/wp\/v2\/product"}],"about":[{"href":"https:\/\/olemosaic.com\/pt-pt\/wp-json\/wp\/v2\/types\/product"}],"wp:featuredmedia":[{"embeddable":true,"href":"https:\/\/olemosaic.com\/pt-pt\/wp-json\/wp\/v2\/media\/14015"}],"wp:attachment":[{"href":"https:\/\/olemosaic.com\/pt-pt\/wp-json\/wp\/v2\/media?parent=37427"}],"wp:term":[{"taxonomy":"product_brand","embeddable":true,"href":"https:\/\/olemosaic.com\/pt-pt\/wp-json\/wp\/v2\/product_brand?post=37427"},{"taxonomy":"product_cat","embeddable":true,"href":"https:\/\/olemosaic.com\/pt-pt\/wp-json\/wp\/v2\/product_cat?post=37427"},{"taxonomy":"product_tag","embeddable":true,"href":"https:\/\/olemosaic.com\/pt-pt\/wp-json\/wp\/v2\/product_tag?post=37427"}],"curies":[{"name":"wp","href":"https:\/\/api.w.org\/{rel}","templated":true}]}}