{"id":37425,"date":"2025-02-20T23:37:52","date_gmt":"2025-02-20T22:37:52","guid":{"rendered":"http:\/\/olemosaic.com\/producto\/iman-de-resina-letrero-fuerteventura\/"},"modified":"2025-07-25T19:30:35","modified_gmt":"2025-07-25T17:30:35","slug":"iman-de-resina-letreiro-fuerteventura","status":"publish","type":"product","link":"https:\/\/olemosaic.com\/pt-pt\/produto\/iman-de-resina-letreiro-fuerteventura\/","title":{"rendered":"\u00cdman de resina. Letreiro. Fuerteventura."},"content":{"rendered":"<p>\u00cdman de resina com o vibrante letreiro &#8220;Fuerteventura&#8221;. Esta atraente recorda\u00e7\u00e3o captura a ess\u00eancia festiva da bela ilha can\u00e1ria, destacando a palavra &#8220;Fuerteventura&#8221; em letras coloridas que brilham com tons de vermelho, azul, amarelo, verde e rosa. O design \u00e9 uma homenagem \u00e0 alegria e ao esplendor da cultura local, emoldurado por um mosaico que combina tons cinzentos e cores brilhantes, o que acrescenta um toque contempor\u00e2neo e art\u00edstico ao \u00edman.<\/p>\n<p>Cada letra do letreiro apresenta um estilo distintivo, dotando o \u00edman de um car\u00e1cter \u00fanico e divertido, perfeito para quem procura uma recorda\u00e7\u00e3o aut\u00eantica que represente a sua visita a este para\u00edso. A resina proporciona uma durabilidade excecional, garantindo que esta recorda\u00e7\u00e3o mantenha a sua beleza ao longo do tempo, seja no frigor\u00edfico de casa ou como parte de uma cole\u00e7\u00e3o de recorda\u00e7\u00f5es de viagem.<\/p>\n<p>Este \u00edman de Fuerteventura \u00e9 uma excelente op\u00e7\u00e3o para turistas que desejam levar um peda\u00e7o das Ilhas Can\u00e1rias, simbolizando o calor e o encanto do seu povo. Na Ol\u00e9 Mosaic, especializamo-nos na distribui\u00e7\u00e3o de recorda\u00e7\u00f5es por grosso, oferecendo produtos aut\u00eanticos que refletem a cultura e o patrim\u00f3nio de Espanha. Este \u00edman \u00e9 um artigo ideal para lojas de presentes tur\u00edsticos que procuram oferecer recorda\u00e7\u00f5es de Fuerteventura memor\u00e1veis e coloridas.<\/p>\n","protected":false},"excerpt":{"rendered":"<p>\u00cdman com um letreiro colorido que destaca a palavra &#8220;Fuerteventura&#8221;. Esta atraente recorda\u00e7\u00e3o apresenta um design vibrante em tons vermelhos, azuis, amarelos, verdes e rosas, que captura a ess\u00eancia festiva da ilha can\u00e1ria. Rodeado por um mosaico de tons cinzentos e cores brilhantes, \u00e9 uma elegante recorda\u00e7\u00e3o da beleza de Fuerteventura, ideal para decorar qualquer espa\u00e7o ou como presente.<\/p>\n","protected":false},"featured_media":14013,"template":"","meta":{"_acf_changed":false},"product_brand":[],"product_cat":[699],"product_tag":[],"class_list":{"0":"post-37425","1":"product","2":"type-product","3":"status-publish","4":"has-post-thumbnail","6":"product_cat-imanes","7":"pa_ciudad-fuerteventura","8":"pa_motivo-letreiros-de-cidades","9":"pa_pais-espana","11":"first","12":"instock","13":"shipping-taxable","14":"product-type-simple"},"acf":[],"_links":{"self":[{"href":"https:\/\/olemosaic.com\/pt-pt\/wp-json\/wp\/v2\/product\/37425","targetHints":{"allow":["GET"]}}],"collection":[{"href":"https:\/\/olemosaic.com\/pt-pt\/wp-json\/wp\/v2\/product"}],"about":[{"href":"https:\/\/olemosaic.com\/pt-pt\/wp-json\/wp\/v2\/types\/product"}],"wp:featuredmedia":[{"embeddable":true,"href":"https:\/\/olemosaic.com\/pt-pt\/wp-json\/wp\/v2\/media\/14013"}],"wp:attachment":[{"href":"https:\/\/olemosaic.com\/pt-pt\/wp-json\/wp\/v2\/media?parent=37425"}],"wp:term":[{"taxonomy":"product_brand","embeddable":true,"href":"https:\/\/olemosaic.com\/pt-pt\/wp-json\/wp\/v2\/product_brand?post=37425"},{"taxonomy":"product_cat","embeddable":true,"href":"https:\/\/olemosaic.com\/pt-pt\/wp-json\/wp\/v2\/product_cat?post=37425"},{"taxonomy":"product_tag","embeddable":true,"href":"https:\/\/olemosaic.com\/pt-pt\/wp-json\/wp\/v2\/product_tag?post=37425"}],"curies":[{"name":"wp","href":"https:\/\/api.w.org\/{rel}","templated":true}]}}