{"id":37424,"date":"2025-02-20T23:37:52","date_gmt":"2025-02-20T22:37:52","guid":{"rendered":"http:\/\/olemosaic.com\/producto\/iman-de-resina-letrero-pamplona-azul\/"},"modified":"2025-07-25T18:34:59","modified_gmt":"2025-07-25T16:34:59","slug":"iman-de-resina-letreiro-pamplona-azul","status":"publish","type":"product","link":"https:\/\/olemosaic.com\/pt-pt\/produto\/iman-de-resina-letreiro-pamplona-azul\/","title":{"rendered":"\u00cdman de resina. Letreiro. Pamplona. Azul."},"content":{"rendered":"<p>\u00cdman decorativo de Pamplona, ideal para levar uma recorda\u00e7\u00e3o vibrante desta emblem\u00e1tica cidade. Este \u00edman de resina apresenta a palavra &#8220;PAMPLONA&#8221; em letras grandes e chamativas, com um design de mosaico que destaca as cores vivas azul, vermelho, amarelo e verde. Cada letra, com o seu estilo contempor\u00e2neo, captura a ess\u00eancia alegre da cultura navarra. Junto a este atraente letreiro, um gr\u00e1fico encantador de um touro colorido completa a composi\u00e7\u00e3o, representando um dos s\u00edmbolos mais ic\u00f3nicos de Pamplona e do seu famoso festival de San Ferm\u00edn.<\/p>\n<p>Este \u00edman n\u00e3o \u00e9 apenas uma recorda\u00e7\u00e3o, mas uma pe\u00e7a aut\u00eantica que reflete o folclore e as tradi\u00e7\u00f5es da regi\u00e3o. Perfeito para recordar momentos vividos nas cativantes ruas de Pamplona, onde a hist\u00f3ria e a celebra\u00e7\u00e3o se entrela\u00e7am. Al\u00e9m disso, o seu design artesanal torna-o um artigo atraente para turistas que procuram levar um peda\u00e7o da rica heran\u00e7a cultural navarra.<\/p>\n<p>Na Ol\u00e9 Mosaic, especializamo-nos na distribui\u00e7\u00e3o por grosso de recorda\u00e7\u00f5es aut\u00eanticas como este \u00edman de Pamplona, oferecendo \u00e0s lojas de presentes tur\u00edsticos a oportunidade de apresentar produtos que realmente real\u00e7am a identidade local. Este \u00edman \u00e9 uma excelente op\u00e7\u00e3o para aqueles que desejam capturar a ess\u00eancia de Pamplona numa recorda\u00e7\u00e3o significativa.<\/p>\n","protected":false},"excerpt":{"rendered":"<p>\u00cdman com um letreiro colorido que destaca a cidade de Pamplona. Esta atraente recorda\u00e7\u00e3o apresenta a palavra &#8220;PAMPLONA&#8221; em letras grandes e vibrantes, elaboradas com um design de mosaico que real\u00e7a os tons azul, vermelho, amarelo e verde. Junto \u00e0 tipografia, um encantador desenho de um touro colorido acrescenta um toque distintivo, representando uma parte essencial do folclore navarro. Ideal para recordar momentos nesta emblem\u00e1tica cidade.<\/p>\n","protected":false},"featured_media":14012,"template":"","meta":{"_acf_changed":false},"product_brand":[],"product_cat":[699],"product_tag":[516],"class_list":{"0":"post-37424","1":"product","2":"type-product","3":"status-publish","4":"has-post-thumbnail","6":"product_cat-imanes","7":"product_tag-animais","8":"pa_ciudad-pamplona","9":"pa_motivo-letreiros-de-cidades","10":"pa_pais-espana","12":"first","13":"instock","14":"shipping-taxable","15":"product-type-simple"},"acf":[],"_links":{"self":[{"href":"https:\/\/olemosaic.com\/pt-pt\/wp-json\/wp\/v2\/product\/37424","targetHints":{"allow":["GET"]}}],"collection":[{"href":"https:\/\/olemosaic.com\/pt-pt\/wp-json\/wp\/v2\/product"}],"about":[{"href":"https:\/\/olemosaic.com\/pt-pt\/wp-json\/wp\/v2\/types\/product"}],"wp:featuredmedia":[{"embeddable":true,"href":"https:\/\/olemosaic.com\/pt-pt\/wp-json\/wp\/v2\/media\/14012"}],"wp:attachment":[{"href":"https:\/\/olemosaic.com\/pt-pt\/wp-json\/wp\/v2\/media?parent=37424"}],"wp:term":[{"taxonomy":"product_brand","embeddable":true,"href":"https:\/\/olemosaic.com\/pt-pt\/wp-json\/wp\/v2\/product_brand?post=37424"},{"taxonomy":"product_cat","embeddable":true,"href":"https:\/\/olemosaic.com\/pt-pt\/wp-json\/wp\/v2\/product_cat?post=37424"},{"taxonomy":"product_tag","embeddable":true,"href":"https:\/\/olemosaic.com\/pt-pt\/wp-json\/wp\/v2\/product_tag?post=37424"}],"curies":[{"name":"wp","href":"https:\/\/api.w.org\/{rel}","templated":true}]}}