{"id":37423,"date":"2025-02-20T23:37:51","date_gmt":"2025-02-20T22:37:51","guid":{"rendered":"http:\/\/olemosaic.com\/producto\/iman-de-resina-letrero-fuerteventura-azul\/"},"modified":"2025-07-25T19:14:14","modified_gmt":"2025-07-25T17:14:14","slug":"iman-de-resina-letreiro-fuerteventura-azul","status":"publish","type":"product","link":"https:\/\/olemosaic.com\/pt-pt\/produto\/iman-de-resina-letreiro-fuerteventura-azul\/","title":{"rendered":"\u00cdman de resina. Letreiro. Fuerteventura. Azul."},"content":{"rendered":"<p>\u00cdman de resina &#8220;Fuerteventura&#8221;. Este atraente \u00edman de resina apresenta um letreiro colorido com o nome &#8220;Fuerteventura&#8221; em letras grandes e vibrantes, o que o torna uma recorda\u00e7\u00e3o visualmente impactante desta bela ilha can\u00e1ria. O fundo azul do \u00edman evoca as \u00e1guas cristalinas que rodeiam a ilha, enquanto o design em mosaico que o adorna presta homenagem \u00e0 rica tradi\u00e7\u00e3o art\u00edstica de Fuerteventura, conhecida pela sua paisagem singular e pelo seu ambiente relaxante. As letras, pintadas numa variedade de cores vivas como vermelho, amarelo e verde, acrescentam um toque din\u00e2mico, capturando a energia vibrante da ilha.<\/p>\n<p>Este \u00edman n\u00e3o \u00e9 apenas uma excelente op\u00e7\u00e3o para recordar a sua viagem a Fuerteventura, mas tamb\u00e9m \u00e9 um presente \u00fanico que reflete a ess\u00eancia cultural da regi\u00e3o. Na Ol\u00e9 Mosaic, compreendemos a import\u00e2ncia de oferecer recorda\u00e7\u00f5es aut\u00eanticas, e este \u00edman \u00e9 um exemplo perfeito da nossa dedica\u00e7\u00e3o \u00e0 qualidade e ao artesanato. Ideal para turistas que procuram levar um peda\u00e7o de Fuerteventura, esta recorda\u00e7\u00e3o \u00e9 uma excelente adi\u00e7\u00e3o para lojas de presentes tur\u00edsticos que desejem oferecer produtos representativos e cheios de car\u00e1cter. Como grossistas de recorda\u00e7\u00f5es, garantimos que cada pe\u00e7a, como este \u00edman, capte a aten\u00e7\u00e3o e a admira\u00e7\u00e3o de quem procura recordar a sua experi\u00eancia nas Ilhas Can\u00e1rias.<\/p>\n","protected":false},"excerpt":{"rendered":"<p>\u00cdman com um letreiro colorido onde se destaca o nome &#8220;Fuerteventura&#8221; em letras grandes e vibrantes. Esta atraente recorda\u00e7\u00e3o apresenta um fundo azul adornado com um design que lembra os mosaicos tradicionais. As letras est\u00e3o pintadas em cores diferentes, combinando elementos visuais que evocam a energia e a paisagem da ilha can\u00e1ria. Ideal para recordar a sua viagem ou como um presente \u00fanico que reflete a ess\u00eancia de Fuerteventura.<\/p>\n","protected":false},"featured_media":14011,"template":"","meta":{"_acf_changed":false},"product_brand":[],"product_cat":[699],"product_tag":[],"class_list":{"0":"post-37423","1":"product","2":"type-product","3":"status-publish","4":"has-post-thumbnail","6":"product_cat-imanes","7":"pa_ciudad-fuerteventura","8":"pa_motivo-letreiros-de-cidades","9":"pa_pais-espana","11":"first","12":"instock","13":"shipping-taxable","14":"product-type-simple"},"acf":[],"_links":{"self":[{"href":"https:\/\/olemosaic.com\/pt-pt\/wp-json\/wp\/v2\/product\/37423","targetHints":{"allow":["GET"]}}],"collection":[{"href":"https:\/\/olemosaic.com\/pt-pt\/wp-json\/wp\/v2\/product"}],"about":[{"href":"https:\/\/olemosaic.com\/pt-pt\/wp-json\/wp\/v2\/types\/product"}],"wp:featuredmedia":[{"embeddable":true,"href":"https:\/\/olemosaic.com\/pt-pt\/wp-json\/wp\/v2\/media\/14011"}],"wp:attachment":[{"href":"https:\/\/olemosaic.com\/pt-pt\/wp-json\/wp\/v2\/media?parent=37423"}],"wp:term":[{"taxonomy":"product_brand","embeddable":true,"href":"https:\/\/olemosaic.com\/pt-pt\/wp-json\/wp\/v2\/product_brand?post=37423"},{"taxonomy":"product_cat","embeddable":true,"href":"https:\/\/olemosaic.com\/pt-pt\/wp-json\/wp\/v2\/product_cat?post=37423"},{"taxonomy":"product_tag","embeddable":true,"href":"https:\/\/olemosaic.com\/pt-pt\/wp-json\/wp\/v2\/product_tag?post=37423"}],"curies":[{"name":"wp","href":"https:\/\/api.w.org\/{rel}","templated":true}]}}