{"id":37421,"date":"2025-02-20T23:37:51","date_gmt":"2025-02-20T22:37:51","guid":{"rendered":"http:\/\/olemosaic.com\/producto\/iman-de-resina-letrero-pamplona-azul-11-cm\/"},"modified":"2025-07-25T20:34:06","modified_gmt":"2025-07-25T18:34:06","slug":"iman-de-resina-letreiro-pamplona-azul-11-cm","status":"publish","type":"product","link":"https:\/\/olemosaic.com\/pt-pt\/produto\/iman-de-resina-letreiro-pamplona-azul-11-cm\/","title":{"rendered":"\u00cdman de resina. Letreiro. Pamplona. Azul. 11 cm."},"content":{"rendered":"<p>Este \u00edman de resina, con o seu letreiro, representa a vibrante cidade de Pamplona sobre um fundo azul que evoca a energia das suas festas. Com dimens\u00f5es de 11 cm, o design destaca a palavra &#8220;PAMPLONA&#8221; com letras coloridas, cada uma adornada com um estilo mosaico que capta a ess\u00eancia da arte local e a rica tradi\u00e7\u00e3o cultural da regi\u00e3o. \u00c0 direita da palavra, um encantador detalhe decorativo de um touro, s\u00edmbolo emblem\u00e1tico das famosas festas de San Ferm\u00edn, real\u00e7a a liga\u00e7\u00e3o com uma das celebra\u00e7\u00f5es mais representativas de Espanha, atraindo tanto turistas como amantes da cultura.<\/p>\n<p>Este \u00edman n\u00e3o \u00e9 apenas um produto visualmente atraente, mas tamb\u00e9m atua como uma recorda\u00e7\u00e3o aut\u00eantica e significativa que permite aos visitantes levar um peda\u00e7o de Pamplona para as suas casas. O seu design amig\u00e1vel e colorido torna-o um excelente presente ou souvenir para quem procura captar a ess\u00eancia desta hist\u00f3rica cidade navarra. Na Ol\u00e9 Mosaic, somos especialistas na distribui\u00e7\u00e3o de souvenirs por grosso, e este \u00edman de resina \u00e9 uma op\u00e7\u00e3o ideal para lojas de presentes tur\u00edsticos que desejem oferecer aos seus clientes um produto representativo e culturalmente rico. Com este \u00edman, o esp\u00edrito festivo de Pamplona est\u00e1 sempre presente, pronto para adornar qualquer frigor\u00edfico ou espa\u00e7o, recordando momentos inesquec\u00edveis.<\/p>\n","protected":false},"excerpt":{"rendered":"<p>\u00cdman com um letreiro que representa a cidade de Pamplona. Sobre um vibrante fundo azul, o design mostra a palavra &#8220;PAMPLONA&#8221; em letras coloridas com um estilo de mosaico. \u00c0 direita, um touro, s\u00edmbolo emblem\u00e1tico das festas de San Ferm\u00edn, adorna o \u00edman e real\u00e7a a riqueza cultural da regi\u00e3o. Este \u00edman de 11 cm \u00e9 uma excelente recorda\u00e7\u00e3o para levar um bocadinho de Pamplona para casa.<\/p>\n","protected":false},"featured_media":14009,"template":"","meta":{"_acf_changed":false},"product_brand":[],"product_cat":[699],"product_tag":[516],"class_list":{"0":"post-37421","1":"product","2":"type-product","3":"status-publish","4":"has-post-thumbnail","6":"product_cat-imanes","7":"product_tag-animais","8":"pa_ciudad-pamplona","9":"pa_motivo-letreiros-de-cidades","10":"pa_pais-espana","12":"first","13":"instock","14":"shipping-taxable","15":"product-type-simple"},"acf":[],"_links":{"self":[{"href":"https:\/\/olemosaic.com\/pt-pt\/wp-json\/wp\/v2\/product\/37421","targetHints":{"allow":["GET"]}}],"collection":[{"href":"https:\/\/olemosaic.com\/pt-pt\/wp-json\/wp\/v2\/product"}],"about":[{"href":"https:\/\/olemosaic.com\/pt-pt\/wp-json\/wp\/v2\/types\/product"}],"wp:featuredmedia":[{"embeddable":true,"href":"https:\/\/olemosaic.com\/pt-pt\/wp-json\/wp\/v2\/media\/14009"}],"wp:attachment":[{"href":"https:\/\/olemosaic.com\/pt-pt\/wp-json\/wp\/v2\/media?parent=37421"}],"wp:term":[{"taxonomy":"product_brand","embeddable":true,"href":"https:\/\/olemosaic.com\/pt-pt\/wp-json\/wp\/v2\/product_brand?post=37421"},{"taxonomy":"product_cat","embeddable":true,"href":"https:\/\/olemosaic.com\/pt-pt\/wp-json\/wp\/v2\/product_cat?post=37421"},{"taxonomy":"product_tag","embeddable":true,"href":"https:\/\/olemosaic.com\/pt-pt\/wp-json\/wp\/v2\/product_tag?post=37421"}],"curies":[{"name":"wp","href":"https:\/\/api.w.org\/{rel}","templated":true}]}}