{"id":37420,"date":"2025-02-20T23:37:51","date_gmt":"2025-02-20T22:37:51","guid":{"rendered":"http:\/\/olemosaic.com\/producto\/iman-de-resina-letrero-alicante-11-cm\/"},"modified":"2025-07-25T18:42:58","modified_gmt":"2025-07-25T16:42:58","slug":"iman-de-resina-letreiro-alicante-11-cm","status":"publish","type":"product","link":"https:\/\/olemosaic.com\/pt-pt\/produto\/iman-de-resina-letreiro-alicante-11-cm\/","title":{"rendered":"\u00cdman de resina. Letreiro. Alicante. 11 cm."},"content":{"rendered":"<p>\u00cdman de resina &#8220;Alicante&#8221; com design de mosaico. Este atraente \u00edman mede 11 cm e apresenta a palavra &#8220;ALICANTE&#8221; em letras vibrantes que captam a ess\u00eancia calorosa e alegre desta bela cidade mediterr\u00e2nica. A base do \u00edman est\u00e1 decorada com um elegante mosaico, que evoca os distintivos azulejos que adornam as ruas e edif\u00edcios hist\u00f3ricos de Alicante, um s\u00edmbolo da sua rica heran\u00e7a art\u00edstica. Junto \u00e0s letras, um pequeno drag\u00e3o, emblem\u00e1tico da cultura local, adiciona um toque de fantasia e singularidade, tornando este \u00edman numa recorda\u00e7\u00e3o ic\u00f3nica.<\/p>\n<p>O design de cores brilhantes e o detalhe meticuloso fazem deste \u00edman um atraente complemento para qualquer frigor\u00edfico ou superf\u00edcie magn\u00e9tica, permitindo desfrutar diariamente das recorda\u00e7\u00f5es de Alicante. Este \u00edman n\u00e3o \u00e9 apenas um souvenir, mas tamb\u00e9m um peda\u00e7o do calor e do encanto da costa espanhola, perfeito para quem deseja levar consigo um bocadinho desta vibrante cidade.<\/p>\n<p>Na Ol\u00e9 Mosaic, especializamo-nos na distribui\u00e7\u00e3o de souvenirs por grosso, garantindo que cada pe\u00e7a, como este \u00edman de resina, represente fielmente a cultura e a arte de Espanha. Ideal para lojas de presentes tur\u00edsticos, este \u00edman \u00e9 uma excelente op\u00e7\u00e3o para quem procura souvenirs aut\u00eanticos que realcem a beleza de Alicante.<\/p>\n","protected":false},"excerpt":{"rendered":"<p>\u00cdman com a inscri\u00e7\u00e3o &#8220;ALICANTE&#8221;, que representa a cidade, de 11 cm. Este atraente \u00edman mostra a palavra &#8220;ALICANTE&#8221; em letras de cores vibrantes, sobre um design de mosaico que evoca os famosos azulejos de la regi\u00e3o. Com detalhes distintivos, como um pequeno drag\u00e3o decorativo, \u00e9 um souvenir ideal para recordar o calor e o encanto da costa mediterr\u00e2nica espanhola. Perfeito para decorar o frigor\u00edfico ou qualquer superf\u00edcie magn\u00e9tica.<\/p>\n","protected":false},"featured_media":14008,"template":"","meta":{"_acf_changed":false},"product_brand":[],"product_cat":[699],"product_tag":[],"class_list":{"0":"post-37420","1":"product","2":"type-product","3":"status-publish","4":"has-post-thumbnail","6":"product_cat-imanes","7":"pa_ciudad-alicante","8":"pa_motivo-letreiros-de-cidades","9":"pa_pais-espana","11":"first","12":"instock","13":"shipping-taxable","14":"product-type-simple"},"acf":[],"_links":{"self":[{"href":"https:\/\/olemosaic.com\/pt-pt\/wp-json\/wp\/v2\/product\/37420","targetHints":{"allow":["GET"]}}],"collection":[{"href":"https:\/\/olemosaic.com\/pt-pt\/wp-json\/wp\/v2\/product"}],"about":[{"href":"https:\/\/olemosaic.com\/pt-pt\/wp-json\/wp\/v2\/types\/product"}],"wp:featuredmedia":[{"embeddable":true,"href":"https:\/\/olemosaic.com\/pt-pt\/wp-json\/wp\/v2\/media\/14008"}],"wp:attachment":[{"href":"https:\/\/olemosaic.com\/pt-pt\/wp-json\/wp\/v2\/media?parent=37420"}],"wp:term":[{"taxonomy":"product_brand","embeddable":true,"href":"https:\/\/olemosaic.com\/pt-pt\/wp-json\/wp\/v2\/product_brand?post=37420"},{"taxonomy":"product_cat","embeddable":true,"href":"https:\/\/olemosaic.com\/pt-pt\/wp-json\/wp\/v2\/product_cat?post=37420"},{"taxonomy":"product_tag","embeddable":true,"href":"https:\/\/olemosaic.com\/pt-pt\/wp-json\/wp\/v2\/product_tag?post=37420"}],"curies":[{"name":"wp","href":"https:\/\/api.w.org\/{rel}","templated":true}]}}