{"id":37419,"date":"2025-02-20T23:37:51","date_gmt":"2025-02-20T22:37:51","guid":{"rendered":"http:\/\/olemosaic.com\/producto\/iman-de-resina-letrero-marbella-azul-11-cm\/"},"modified":"2025-07-25T18:43:51","modified_gmt":"2025-07-25T16:43:51","slug":"iman-de-resina-letreiro-marbella-azul-11-cm","status":"publish","type":"product","link":"https:\/\/olemosaic.com\/pt-pt\/produto\/iman-de-resina-letreiro-marbella-azul-11-cm\/","title":{"rendered":"\u00cdman de resina. Letreiro. Marbella. Azul. 11 cm."},"content":{"rendered":"<p>Este \u00edman de resina com letreiro decorativo \u00e9 uma pe\u00e7a \u00fanica que capta a ess\u00eancia vibrante de Marbella. Com dimens\u00f5es de 11 cm, este colorido \u00edman real\u00e7a a palavra &#8220;MARBELLA&#8221; em letras en\u00e9rgicas e alegres, utilizando uma paleta de cores vibrantes como vermelho, amarelo, verde e azul. O fundo azul, desenhado para simular mosaicos, evoca a rica heran\u00e7a cultural desta costa mediterr\u00e2nica e permite que cada letra se destaque com grande clareza, perfeito para recordar momentos especiais vividos nesta bela localidade andaluza.<\/p>\n<p>Incorporando um encantador elemento decorativo em forma de peixe, este \u00edman n\u00e3o \u00e9 um simples artigo decorativo, mas capta o esp\u00edrito costeiro de Marbella, famosa pelas suas praias id\u00edlicas e pela sua vibrante vida marinha. \u00c9 uma excelente op\u00e7\u00e3o para adornar qualquer superf\u00edcie met\u00e1lica, desde frigor\u00edficos a quadros, adicionando um toque distintivo e colorido.<\/p>\n<p>Na Ol\u00e9 Mosaic, orgulhamo-nos de distribuir souvenirs aut\u00eanticos que refletem a cultura e tradi\u00e7\u00e3o local. Este \u00edman de Marbella \u00e9 ideal para turistas que procuram uma recorda\u00e7\u00e3o significativa da sua visita, bem como para lojas de presentes tur\u00edsticos que desejam oferecer produtos que combinam artesanato e relev\u00e2ncia cultural. Como grossistas de souvenirs, garantimos qualidade e autenticidade em cada pe\u00e7a, o que a torna uma adi\u00e7\u00e3o inestim\u00e1vel a qualquer cole\u00e7\u00e3o.<\/p>\n","protected":false},"excerpt":{"rendered":"<p>\u00cdman com a palavra &#8220;MARBELLA&#8221; destacada num letreiro decorativo de 11 cm. Este colorido \u00edman apresenta letras vibrantes em vermelho, amarelo, verde e azul sobre um fundo azul que simula um mosaico. Um design encantador que inclui um pequeno peixe decorativo, evocando a cultura costeira de Marbella. Ideal para adicionar um toque distintivo a qualquer superf\u00edcie met\u00e1lica e recordar a sua visita a esta preciosa localidade.<\/p>\n","protected":false},"featured_media":14007,"template":"","meta":{"_acf_changed":false},"product_brand":[],"product_cat":[699],"product_tag":[516],"class_list":{"0":"post-37419","1":"product","2":"type-product","3":"status-publish","4":"has-post-thumbnail","6":"product_cat-imanes","7":"product_tag-animais","8":"pa_ciudad-marbella","9":"pa_motivo-letreiros-de-cidades","10":"pa_pais-espana","12":"first","13":"instock","14":"shipping-taxable","15":"product-type-simple"},"acf":[],"_links":{"self":[{"href":"https:\/\/olemosaic.com\/pt-pt\/wp-json\/wp\/v2\/product\/37419","targetHints":{"allow":["GET"]}}],"collection":[{"href":"https:\/\/olemosaic.com\/pt-pt\/wp-json\/wp\/v2\/product"}],"about":[{"href":"https:\/\/olemosaic.com\/pt-pt\/wp-json\/wp\/v2\/types\/product"}],"wp:featuredmedia":[{"embeddable":true,"href":"https:\/\/olemosaic.com\/pt-pt\/wp-json\/wp\/v2\/media\/14007"}],"wp:attachment":[{"href":"https:\/\/olemosaic.com\/pt-pt\/wp-json\/wp\/v2\/media?parent=37419"}],"wp:term":[{"taxonomy":"product_brand","embeddable":true,"href":"https:\/\/olemosaic.com\/pt-pt\/wp-json\/wp\/v2\/product_brand?post=37419"},{"taxonomy":"product_cat","embeddable":true,"href":"https:\/\/olemosaic.com\/pt-pt\/wp-json\/wp\/v2\/product_cat?post=37419"},{"taxonomy":"product_tag","embeddable":true,"href":"https:\/\/olemosaic.com\/pt-pt\/wp-json\/wp\/v2\/product_tag?post=37419"}],"curies":[{"name":"wp","href":"https:\/\/api.w.org\/{rel}","templated":true}]}}