{"id":37418,"date":"2025-02-20T23:37:51","date_gmt":"2025-02-20T22:37:51","guid":{"rendered":"http:\/\/olemosaic.com\/producto\/iman-de-resina-letrero-mojacar-azul-11-cm\/"},"modified":"2025-07-25T20:13:27","modified_gmt":"2025-07-25T18:13:27","slug":"iman-de-resina-letreiro-mojacar-azul-11-cm","status":"publish","type":"product","link":"https:\/\/olemosaic.com\/pt-pt\/produto\/iman-de-resina-letreiro-mojacar-azul-11-cm\/","title":{"rendered":"\u00cdman de resina. Letreiro. Moj\u00e1car. Azul. 11 cm."},"content":{"rendered":"<p>\u00cdman de resina com o letreiro de Moj\u00e1car. Este atraente \u00edman representa uma imagem vibrante de Moj\u00e1car, uma encantadora localidade andaluza na costa mediterr\u00e2nica. Com dimens\u00f5es de 11 cm, o \u00edman apresenta um elegante formato retangular, com um fundo azul que evoca o c\u00e9u limpo e o litoral deste popular destino tur\u00edstico. As letras coloridas, que destacam o nome &#8220;Moj\u00e1car&#8221;, est\u00e3o requintadamente ilustradas num estilo que recorda os mosaicos tradicionais, conferindo um toque art\u00edstico e cultural \u00e0 pe\u00e7a. O seu acabamento brilhante n\u00e3o s\u00f3 o torna visualmente impactante, mas tamb\u00e9m resistente, garantindo que este souvenir conserve a sua beleza com o passar do tempo.<\/p>\n<p>Este \u00edman n\u00e3o \u00e9 apenas um elemento decorativo ideal para frigor\u00edficos ou superf\u00edcies met\u00e1licas, mas tamb\u00e9m uma forma perfeita de levar consigo uma recorda\u00e7\u00e3o simb\u00f3lica de uma das joias do Mediterr\u00e2neo. Moj\u00e1car \u00e9 conhecida pela sua rica hist\u00f3ria, pelas suas encantadoras ruas calcetadas e pelo seu ambiente ensolarado, e este \u00edman capta a ess\u00eancia de tudo isso. Na Ol\u00e9 Mosaic, sabemos que produtos como este \u00edman de resina s\u00e3o imprescind\u00edveis para qualquer loja de presentes tur\u00edsticos, pois representam a autenticidade e o legado cultural de Espanha. Um souvenir ideal para quem procura uma representa\u00e7\u00e3o colorida e calorosa da sua experi\u00eancia na costa andaluza.<\/p>\n","protected":false},"excerpt":{"rendered":"<p>\u00cdman com o letreiro de Moj\u00e1car, desenhado sobre um vibrante fundo azul e ilustrado com letras coloridas que real\u00e7am o nome desta encantadora localidade andaluza. Com dimens\u00f5es de 11 cm, este \u00edman apresenta um acabamento brilhante que simula o estilo mosaico, ideal para decorar frigor\u00edficos ou superf\u00edcies met\u00e1licas. Uma recorda\u00e7\u00e3o perfeita que evoca o sol e o colorido da costa mediterr\u00e2nica.<\/p>\n","protected":false},"featured_media":14006,"template":"","meta":{"_acf_changed":false},"product_brand":[],"product_cat":[699],"product_tag":[],"class_list":{"0":"post-37418","1":"product","2":"type-product","3":"status-publish","4":"has-post-thumbnail","6":"product_cat-imanes","7":"pa_ciudad-mojacar","8":"pa_motivo-letreiros-de-cidades","9":"pa_pais-espana","11":"first","12":"instock","13":"shipping-taxable","14":"product-type-simple"},"acf":[],"_links":{"self":[{"href":"https:\/\/olemosaic.com\/pt-pt\/wp-json\/wp\/v2\/product\/37418","targetHints":{"allow":["GET"]}}],"collection":[{"href":"https:\/\/olemosaic.com\/pt-pt\/wp-json\/wp\/v2\/product"}],"about":[{"href":"https:\/\/olemosaic.com\/pt-pt\/wp-json\/wp\/v2\/types\/product"}],"wp:featuredmedia":[{"embeddable":true,"href":"https:\/\/olemosaic.com\/pt-pt\/wp-json\/wp\/v2\/media\/14006"}],"wp:attachment":[{"href":"https:\/\/olemosaic.com\/pt-pt\/wp-json\/wp\/v2\/media?parent=37418"}],"wp:term":[{"taxonomy":"product_brand","embeddable":true,"href":"https:\/\/olemosaic.com\/pt-pt\/wp-json\/wp\/v2\/product_brand?post=37418"},{"taxonomy":"product_cat","embeddable":true,"href":"https:\/\/olemosaic.com\/pt-pt\/wp-json\/wp\/v2\/product_cat?post=37418"},{"taxonomy":"product_tag","embeddable":true,"href":"https:\/\/olemosaic.com\/pt-pt\/wp-json\/wp\/v2\/product_tag?post=37418"}],"curies":[{"name":"wp","href":"https:\/\/api.w.org\/{rel}","templated":true}]}}