{"id":37416,"date":"2025-02-20T23:37:50","date_gmt":"2025-02-20T22:37:50","guid":{"rendered":"http:\/\/olemosaic.com\/producto\/iman-de-resina-patio-alicante\/"},"modified":"2025-07-25T19:00:53","modified_gmt":"2025-07-25T17:00:53","slug":"iman-de-resina-patio-alicante-pt-pt","status":"publish","type":"product","link":"https:\/\/olemosaic.com\/pt-pt\/produto\/iman-de-resina-patio-alicante-pt-pt\/","title":{"rendered":"\u00cdman de resina. P\u00e1tio. Alicante."},"content":{"rendered":"<p>Este \u00edman de resina, que representa um vibrante p\u00e1tio de Alicante, \u00e9 o souvenir perfeito para quem deseja levar um peda\u00e7o do calor e do folclore espanhol. O design cativante mostra uma bailarina com um vestido de bolas vermelhas, evocando a alegria do flamenco, e um bailarino em pleno movimento, criando uma cena din\u00e2mica e cheia de vida. Ambas as personagens situam-se num ambiente tradicional, rodeadas de vasos com flores vermelhas e azuis que conferem um toque colorido e floral ao conjunto.<\/p>\n<p>O fundo do \u00edman est\u00e1 ilustrado com detalhes de um encantador p\u00e1tio t\u00edpico da regi\u00e3o, onde a guitarra e o candeeiro real\u00e7am a ess\u00eancia cultural de Alicante. O nome \u00abAlicante\u00bb brilha em letras vibrantes, tornando este \u00edman n\u00e3o apenas uma recorda\u00e7\u00e3o visual da cidade, mas tamb\u00e9m um s\u00edmbolo da sua rica tradi\u00e7\u00e3o cultural. Este \u00edman n\u00e3o serve apenas como elemento decorativo para o frigor\u00edfico, mas \u00e9 tamb\u00e9m um elo de liga\u00e7\u00e3o com as noites de dan\u00e7a e a hospitalidade de Alicante.<\/p>\n<p>Na Ol\u00e9 Mosaic, especializamo-nos na distribui\u00e7\u00e3o de souvenirs por grosso e este \u00edman de resina \u00e9 uma excelente op\u00e7\u00e3o para as lojas de presentes tur\u00edsticos que procuram oferecer produtos aut\u00eanticos e representativos da cultura local. Este souvenir de Alicante \u00e9, sem d\u00favida, uma recorda\u00e7\u00e3o inesquec\u00edvel para os visitantes e um testemunho do encanto espanhol.<\/p>\n","protected":false},"excerpt":{"rendered":"<p>\u00cdman que representa um vibrante p\u00e1tio de Alicante. Este colorido \u00edman mostra uma bailarina com um vestido de bolas vermelhas e um bailarino, ambos em pleno movimento, rodeados de vasos com flores vermelhas e azuis. Com o nome &#8220;Alicante&#8221; destacado em letras brilhantes, o design inclui elementos ic\u00f3nicos como uma guitarra e um candeeiro, evocando o encanto do folclore espanhol. Um souvenir ideal para recordar a cultura de Alicante.<\/p>\n","protected":false},"featured_media":14004,"template":"","meta":{"_acf_changed":false},"product_brand":[],"product_cat":[699],"product_tag":[],"class_list":{"0":"post-37416","1":"product","2":"type-product","3":"status-publish","4":"has-post-thumbnail","6":"product_cat-imanes","7":"pa_ciudad-alicante","8":"pa_motivo-patios","9":"pa_pais-espana","11":"first","12":"instock","13":"shipping-taxable","14":"product-type-simple"},"acf":[],"_links":{"self":[{"href":"https:\/\/olemosaic.com\/pt-pt\/wp-json\/wp\/v2\/product\/37416","targetHints":{"allow":["GET"]}}],"collection":[{"href":"https:\/\/olemosaic.com\/pt-pt\/wp-json\/wp\/v2\/product"}],"about":[{"href":"https:\/\/olemosaic.com\/pt-pt\/wp-json\/wp\/v2\/types\/product"}],"wp:featuredmedia":[{"embeddable":true,"href":"https:\/\/olemosaic.com\/pt-pt\/wp-json\/wp\/v2\/media\/14004"}],"wp:attachment":[{"href":"https:\/\/olemosaic.com\/pt-pt\/wp-json\/wp\/v2\/media?parent=37416"}],"wp:term":[{"taxonomy":"product_brand","embeddable":true,"href":"https:\/\/olemosaic.com\/pt-pt\/wp-json\/wp\/v2\/product_brand?post=37416"},{"taxonomy":"product_cat","embeddable":true,"href":"https:\/\/olemosaic.com\/pt-pt\/wp-json\/wp\/v2\/product_cat?post=37416"},{"taxonomy":"product_tag","embeddable":true,"href":"https:\/\/olemosaic.com\/pt-pt\/wp-json\/wp\/v2\/product_tag?post=37416"}],"curies":[{"name":"wp","href":"https:\/\/api.w.org\/{rel}","templated":true}]}}