{"id":37415,"date":"2025-02-20T23:37:50","date_gmt":"2025-02-20T22:37:50","guid":{"rendered":"http:\/\/olemosaic.com\/producto\/iman-de-resina-toro-valencia-75-cm\/"},"modified":"2025-07-25T19:18:03","modified_gmt":"2025-07-25T17:18:03","slug":"iman-de-resina-touro-valencia-7-5-cm","status":"publish","type":"product","link":"https:\/\/olemosaic.com\/pt-pt\/produto\/iman-de-resina-touro-valencia-7-5-cm\/","title":{"rendered":"\u00cdman de resina. Touro. Val\u00eancia. 7,5 cm."},"content":{"rendered":"<p>\u00cdman de resina com a representa\u00e7\u00e3o de dois touros, um s\u00edmbolo emblem\u00e1tico de Val\u00eancia. Este vibrante \u00edman de 7,5 cm captura a ess\u00eancia do folclore valenciano atrav\u00e9s de um design colorido com formas geom\u00e9tricas que evocam as tradicionais festas e celebra\u00e7\u00f5es da regi\u00e3o. Os touros, representados em tons vivos de vermelho, verde e azul, destacam-se pela sua combina\u00e7\u00e3o de cores intensas que conferem dinamismo e um ar moderno a este souvenir. Acima desta colorida representa\u00e7\u00e3o, o nome &#8216;Val\u00eancia&#8217; apresenta-se em letras alegres, adicionando um toque divertido e distintivo.<\/p>\n<p>Este \u00edman \u00e9 mais do que uma simples recorda\u00e7\u00e3o; \u00e9 um s\u00edmbolo da rica cultura valenciana e da sua liga\u00e7\u00e3o com a arte do toureio, uma tradi\u00e7\u00e3o enraizada que se celebra anualmente em toda a regi\u00e3o. Sendo um souvenir de resina, garante durabilidade e um acabamento atraente que far\u00e1 brilhar qualquer superf\u00edcie met\u00e1lica. Ideal para colecionadores e amantes da cultura espanhola, este \u00edman captura a ess\u00eancia de Val\u00eancia e torna-se um excelente presente ou recorda\u00e7\u00e3o de uma visita inesquec\u00edvel. Na Ol\u00e9 Mosaic, como grossistas de souvenirs, oferecemos este \u00edman de touros entre a nossa vasta gama de artigos representativos, perfeitos para lojas de presentes tur\u00edsticos que procuram autenticidade e qualidade.<\/p>\n","protected":false},"excerpt":{"rendered":"<p>\u00cdman com a representa\u00e7\u00e3o de dois touros, um s\u00edmbolo emblem\u00e1tico de Val\u00eancia. Este atraente \u00edman de 7,5 cm apresenta um design vibrante e colorido, com formas geom\u00e9tricas que se destacam numa paleta de cores que inclui vermelho, verde e azul. Decorado com o nome &#8220;Val\u00eancia&#8221; em letras alegres, \u00e9 a recorda\u00e7\u00e3o perfeita para levar um peda\u00e7o da tradi\u00e7\u00e3o espanhola para o seu lar. Ideal para colecionadores e amantes do folclore valenciano.<\/p>\n","protected":false},"featured_media":14003,"template":"","meta":{"_acf_changed":false},"product_brand":[],"product_cat":[699],"product_tag":[516],"class_list":{"0":"post-37415","1":"product","2":"type-product","3":"status-publish","4":"has-post-thumbnail","6":"product_cat-imanes","7":"product_tag-animais","8":"pa_ciudad-valencia","9":"pa_motivo-touros","10":"pa_pais-espana","12":"first","13":"instock","14":"shipping-taxable","15":"product-type-simple"},"acf":[],"_links":{"self":[{"href":"https:\/\/olemosaic.com\/pt-pt\/wp-json\/wp\/v2\/product\/37415","targetHints":{"allow":["GET"]}}],"collection":[{"href":"https:\/\/olemosaic.com\/pt-pt\/wp-json\/wp\/v2\/product"}],"about":[{"href":"https:\/\/olemosaic.com\/pt-pt\/wp-json\/wp\/v2\/types\/product"}],"wp:featuredmedia":[{"embeddable":true,"href":"https:\/\/olemosaic.com\/pt-pt\/wp-json\/wp\/v2\/media\/14003"}],"wp:attachment":[{"href":"https:\/\/olemosaic.com\/pt-pt\/wp-json\/wp\/v2\/media?parent=37415"}],"wp:term":[{"taxonomy":"product_brand","embeddable":true,"href":"https:\/\/olemosaic.com\/pt-pt\/wp-json\/wp\/v2\/product_brand?post=37415"},{"taxonomy":"product_cat","embeddable":true,"href":"https:\/\/olemosaic.com\/pt-pt\/wp-json\/wp\/v2\/product_cat?post=37415"},{"taxonomy":"product_tag","embeddable":true,"href":"https:\/\/olemosaic.com\/pt-pt\/wp-json\/wp\/v2\/product_tag?post=37415"}],"curies":[{"name":"wp","href":"https:\/\/api.w.org\/{rel}","templated":true}]}}