{"id":37414,"date":"2025-02-20T23:37:50","date_gmt":"2025-02-20T22:37:50","guid":{"rendered":"http:\/\/olemosaic.com\/producto\/iman-de-resina-letrero-madrid-azul-11-cm\/"},"modified":"2025-07-25T20:19:20","modified_gmt":"2025-07-25T18:19:20","slug":"iman-de-resina-letreiro-madrid-azul-11-cm","status":"publish","type":"product","link":"https:\/\/olemosaic.com\/pt-pt\/produto\/iman-de-resina-letreiro-madrid-azul-11-cm\/","title":{"rendered":"\u00cdman de resina. Letreiro. Madrid. Azul. 11 cm."},"content":{"rendered":"<p>Este \u00edman de resina com forma de letreiro \u00e9 o souvenir perfeito para capturar a ess\u00eancia de Madrid num design vibrante e alegre. Com medidas de 11 cm, destaca o nome &#8220;MADRID&#8221; em cores intensas sobre um fundo azul, conseguindo um contraste visual atraente que o torna um elemento decorativo ideal para qualquer frigor\u00edfico ou superf\u00edcie met\u00e1lica. A t\u00e9cnica do mosaico utilizada nas letras adiciona um toque art\u00edstico e contempor\u00e2neo, celebrando o rico patrim\u00f3nio cultural da capital espanhola. Junto ao nome, um ic\u00f3nico touro, s\u00edmbolo representativo da cultura madrilena, adorna o design, recordando a quem visita a cidade a tradi\u00e7\u00e3o da arte taurom\u00e1quica, profundamente enraizada no seu folclore.<\/p>\n<p>Com um acabamento brilhante que real\u00e7a a qualidade do produto, este \u00edman n\u00e3o \u00e9 apenas uma recorda\u00e7\u00e3o funcional, mas tamb\u00e9m uma pe\u00e7a que evoca momentos inesquec\u00edveis vividos nesta metr\u00f3pole din\u00e2mica. Na Ol\u00e9 Mosaic, especializamo-nos na distribui\u00e7\u00e3o de souvenirs por grosso e este \u00edman \u00e9 uma excelente op\u00e7\u00e3o para lojas de presentes tur\u00edsticos que desejem oferecer aos seus clientes uma recorda\u00e7\u00e3o aut\u00eantica e representativa de Madrid. Perfeito para quem procura souvenirs \u00fanicos e coloridos, este \u00edman \u00e9 uma forma simples de levar um peda\u00e7o de Madrid para casa.<\/p>\n","protected":false},"excerpt":{"rendered":"<p>\u00cdman com forma de letreiro, com o nome &#8220;MADRID&#8221; em cores vibrantes sobre um fundo azul. Este \u00edman, de 11 cm, apresenta um design alegre com um acabamento brilhante que captura a ess\u00eancia da capital espanhola. Adornado com um \u00edcone de um touro, simboliza o folclore e a cultura madrilena. A t\u00e9cnica do mosaico \u00e9 vis\u00edvel nas letras, adicionando um toque art\u00edstico e moderno, perfeito para recordar as suas viagens.<\/p>\n","protected":false},"featured_media":14002,"template":"","meta":{"_acf_changed":false},"product_brand":[],"product_cat":[699],"product_tag":[516],"class_list":{"0":"post-37414","1":"product","2":"type-product","3":"status-publish","4":"has-post-thumbnail","6":"product_cat-imanes","7":"product_tag-animais","8":"pa_ciudad-madrid","9":"pa_motivo-letreiros-de-cidades","10":"pa_pais-espana","12":"first","13":"instock","14":"shipping-taxable","15":"product-type-simple"},"acf":[],"_links":{"self":[{"href":"https:\/\/olemosaic.com\/pt-pt\/wp-json\/wp\/v2\/product\/37414","targetHints":{"allow":["GET"]}}],"collection":[{"href":"https:\/\/olemosaic.com\/pt-pt\/wp-json\/wp\/v2\/product"}],"about":[{"href":"https:\/\/olemosaic.com\/pt-pt\/wp-json\/wp\/v2\/types\/product"}],"wp:featuredmedia":[{"embeddable":true,"href":"https:\/\/olemosaic.com\/pt-pt\/wp-json\/wp\/v2\/media\/14002"}],"wp:attachment":[{"href":"https:\/\/olemosaic.com\/pt-pt\/wp-json\/wp\/v2\/media?parent=37414"}],"wp:term":[{"taxonomy":"product_brand","embeddable":true,"href":"https:\/\/olemosaic.com\/pt-pt\/wp-json\/wp\/v2\/product_brand?post=37414"},{"taxonomy":"product_cat","embeddable":true,"href":"https:\/\/olemosaic.com\/pt-pt\/wp-json\/wp\/v2\/product_cat?post=37414"},{"taxonomy":"product_tag","embeddable":true,"href":"https:\/\/olemosaic.com\/pt-pt\/wp-json\/wp\/v2\/product_tag?post=37414"}],"curies":[{"name":"wp","href":"https:\/\/api.w.org\/{rel}","templated":true}]}}